{"id":949,"date":"2024-09-26T06:51:59","date_gmt":"2024-09-26T06:51:59","guid":{"rendered":"https:\/\/saunaair.fi\/?post_type=product&#038;p=949"},"modified":"2024-11-23T19:03:06","modified_gmt":"2024-11-23T19:03:06","slug":"saunum-base-valkoinen","status":"publish","type":"product","link":"https:\/\/saunaair.fi\/fi\/saunaair\/climate-control\/saunum-base-white\/","title":{"rendered":"Saunum Base Valkoinen"},"content":{"rendered":"<p>Saunum Base on t\u00e4ydellinen viimeistely kotisaunaan. Se toimii lis\u00e4varusteena olemassa olevaan kiukaaseen ja on ihanteellinen valinta niille, jotka jo omistavat upean saunan eiv\u00e4tk\u00e4 halua vaihtaa puu- tai s\u00e4hk\u00f6kiuasta.<\/p>","protected":false},"excerpt":{"rendered":"<p>Saunum Base on t\u00e4ydellinen viimeistely kotisaunaan. Se toimii lis\u00e4varusteena olemassa olevaan kiukaaseen ja on ihanteellinen valinta niille, jotka jo omistavat upean saunan eiv\u00e4tk\u00e4 halua vaihtaa puu- tai s\u00e4hk\u00f6kiuasta.<\/p>","protected":false},"featured_media":954,"comment_status":"open","ping_status":"closed","template":"","meta":{"_acf_changed":false},"product_brand":[],"product_cat":[52],"product_tag":[],"class_list":{"0":"post-949","1":"product","2":"type-product","3":"status-publish","4":"has-post-thumbnail","6":"product_cat-climate-control","7":"product_shipping_class-heavy-packages","8":"tm-has-options","10":"first","11":"instock","12":"taxable","13":"shipping-taxable","14":"purchasable","15":"product-type-variable"},"acf":[],"yoast_head":"<!-- This site is optimized with the Yoast SEO plugin v27.5 - https:\/\/yoast.com\/product\/yoast-seo-wordpress\/ -->\n<title>Saunum Base White - Sauna Air OY<\/title>\n<meta name=\"robots\" content=\"index, follow, max-snippet:-1, max-image-preview:large, max-video-preview:-1\" \/>\n<link rel=\"canonical\" href=\"https:\/\/saunaair.fi\/fi\/saunailta\/ilmastoinnin-hallinta\/saunum-base-valkoinen\/\" \/>\n<meta property=\"og:locale\" content=\"fi_FI\" \/>\n<meta property=\"og:type\" content=\"article\" \/>\n<meta property=\"og:title\" content=\"Saunum Base White - Sauna Air OY\" \/>\n<meta property=\"og:description\" content=\"The Saunum Base is the perfect finishing touch for any home sauna. It works as an accessory to your existing heater and is an ideal choice for those who already own a great sauna and don\u2019t want to replace their wood-burning or electric heater.\" \/>\n<meta property=\"og:url\" content=\"https:\/\/saunaair.fi\/fi\/saunailta\/ilmastoinnin-hallinta\/saunum-base-valkoinen\/\" \/>\n<meta property=\"og:site_name\" content=\"Sauna Air OY\" \/>\n<meta property=\"article:modified_time\" content=\"2024-11-23T19:03:06+00:00\" \/>\n<meta property=\"og:image\" content=\"https:\/\/saunaair.fi\/wp-content\/uploads\/2024\/09\/base-white-2_resized_50px.png\" \/>\n\t<meta property=\"og:image:width\" content=\"700\" \/>\n\t<meta property=\"og:image:height\" content=\"700\" \/>\n\t<meta property=\"og:image:type\" content=\"image\/png\" \/>\n<meta name=\"twitter:card\" content=\"summary_large_image\" \/>\n<script type=\"application\/ld+json\" class=\"yoast-schema-graph\">{\"@context\":\"https:\\\/\\\/schema.org\",\"@graph\":[{\"@type\":\"WebPage\",\"@id\":\"https:\\\/\\\/saunaair.fi\\\/saunaair\\\/climate-control\\\/saunum-base-white\\\/\",\"url\":\"https:\\\/\\\/saunaair.fi\\\/saunaair\\\/climate-control\\\/saunum-base-white\\\/\",\"name\":\"Saunum Base White - Sauna Air OY\",\"isPartOf\":{\"@id\":\"https:\\\/\\\/saunaair.fi\\\/#website\"},\"primaryImageOfPage\":{\"@id\":\"https:\\\/\\\/saunaair.fi\\\/saunaair\\\/climate-control\\\/saunum-base-white\\\/#primaryimage\"},\"image\":{\"@id\":\"https:\\\/\\\/saunaair.fi\\\/saunaair\\\/climate-control\\\/saunum-base-white\\\/#primaryimage\"},\"thumbnailUrl\":\"https:\\\/\\\/saunaair.fi\\\/wp-content\\\/uploads\\\/2024\\\/09\\\/base-white-2_resized_50px.png\",\"datePublished\":\"2024-09-26T06:51:59+00:00\",\"dateModified\":\"2024-11-23T19:03:06+00:00\",\"breadcrumb\":{\"@id\":\"https:\\\/\\\/saunaair.fi\\\/saunaair\\\/climate-control\\\/saunum-base-white\\\/#breadcrumb\"},\"inLanguage\":\"fi\",\"potentialAction\":[{\"@type\":\"ReadAction\",\"target\":[\"https:\\\/\\\/saunaair.fi\\\/saunaair\\\/climate-control\\\/saunum-base-white\\\/\"]}]},{\"@type\":\"ImageObject\",\"inLanguage\":\"fi\",\"@id\":\"https:\\\/\\\/saunaair.fi\\\/saunaair\\\/climate-control\\\/saunum-base-white\\\/#primaryimage\",\"url\":\"https:\\\/\\\/saunaair.fi\\\/wp-content\\\/uploads\\\/2024\\\/09\\\/base-white-2_resized_50px.png\",\"contentUrl\":\"https:\\\/\\\/saunaair.fi\\\/wp-content\\\/uploads\\\/2024\\\/09\\\/base-white-2_resized_50px.png\",\"width\":700,\"height\":700},{\"@type\":\"BreadcrumbList\",\"@id\":\"https:\\\/\\\/saunaair.fi\\\/saunaair\\\/climate-control\\\/saunum-base-white\\\/#breadcrumb\",\"itemListElement\":[{\"@type\":\"ListItem\",\"position\":1,\"name\":\"Home\",\"item\":\"https:\\\/\\\/saunaair.fi\\\/fi\\\/\"},{\"@type\":\"ListItem\",\"position\":2,\"name\":\"Shop\",\"item\":\"https:\\\/\\\/saunaair.fi\\\/shop\\\/\"},{\"@type\":\"ListItem\",\"position\":3,\"name\":\"Saunum Base White\"}]},{\"@type\":\"WebSite\",\"@id\":\"https:\\\/\\\/saunaair.fi\\\/#website\",\"url\":\"https:\\\/\\\/saunaair.fi\\\/\",\"name\":\"Sauna Air\",\"description\":\"Saunas and sauna heaters for ultimate sauna experience.\",\"publisher\":{\"@id\":\"https:\\\/\\\/saunaair.fi\\\/#organization\"},\"potentialAction\":[{\"@type\":\"SearchAction\",\"target\":{\"@type\":\"EntryPoint\",\"urlTemplate\":\"https:\\\/\\\/saunaair.fi\\\/?s={search_term_string}\"},\"query-input\":{\"@type\":\"PropertyValueSpecification\",\"valueRequired\":true,\"valueName\":\"search_term_string\"}}],\"inLanguage\":\"fi\"},{\"@type\":\"Organization\",\"@id\":\"https:\\\/\\\/saunaair.fi\\\/#organization\",\"name\":\"Sauna Air\",\"url\":\"https:\\\/\\\/saunaair.fi\\\/\",\"logo\":{\"@type\":\"ImageObject\",\"inLanguage\":\"fi\",\"@id\":\"https:\\\/\\\/saunaair.fi\\\/#\\\/schema\\\/logo\\\/image\\\/\",\"url\":\"https:\\\/\\\/saunaair.fi\\\/wp-content\\\/uploads\\\/2024\\\/06\\\/sauna-air-high-resolution-logo-white-transparent-e1708376490154.png\",\"contentUrl\":\"https:\\\/\\\/saunaair.fi\\\/wp-content\\\/uploads\\\/2024\\\/06\\\/sauna-air-high-resolution-logo-white-transparent-e1708376490154.png\",\"width\":280,\"height\":78,\"caption\":\"Sauna Air\"},\"image\":{\"@id\":\"https:\\\/\\\/saunaair.fi\\\/#\\\/schema\\\/logo\\\/image\\\/\"}}]}<\/script>\n<!-- \/ Yoast SEO plugin. -->","yoast_head_json":{"title":"Saunum Base Valkoinen - Sauna Air OY","robots":{"index":"index","follow":"follow","max-snippet":"max-snippet:-1","max-image-preview":"max-image-preview:large","max-video-preview":"max-video-preview:-1"},"canonical":"https:\/\/saunaair.fi\/fi\/saunailta\/ilmastoinnin-hallinta\/saunum-base-valkoinen\/","og_locale":"fi_FI","og_type":"article","og_title":"Saunum Base White - Sauna Air OY","og_description":"The Saunum Base is the perfect finishing touch for any home sauna. It works as an accessory to your existing heater and is an ideal choice for those who already own a great sauna and don\u2019t want to replace their wood-burning or electric heater.","og_url":"https:\/\/saunaair.fi\/fi\/saunailta\/ilmastoinnin-hallinta\/saunum-base-valkoinen\/","og_site_name":"Sauna Air OY","article_modified_time":"2024-11-23T19:03:06+00:00","og_image":[{"width":700,"height":700,"url":"https:\/\/saunaair.fi\/wp-content\/uploads\/2024\/09\/base-white-2_resized_50px.png","type":"image\/png"}],"twitter_card":"summary_large_image","schema":{"@context":"https:\/\/schema.org","@graph":[{"@type":"WebPage","@id":"https:\/\/saunaair.fi\/saunaair\/climate-control\/saunum-base-white\/","url":"https:\/\/saunaair.fi\/saunaair\/climate-control\/saunum-base-white\/","name":"Saunum Base Valkoinen - Sauna Air OY","isPartOf":{"@id":"https:\/\/saunaair.fi\/#website"},"primaryImageOfPage":{"@id":"https:\/\/saunaair.fi\/saunaair\/climate-control\/saunum-base-white\/#primaryimage"},"image":{"@id":"https:\/\/saunaair.fi\/saunaair\/climate-control\/saunum-base-white\/#primaryimage"},"thumbnailUrl":"https:\/\/saunaair.fi\/wp-content\/uploads\/2024\/09\/base-white-2_resized_50px.png","datePublished":"2024-09-26T06:51:59+00:00","dateModified":"2024-11-23T19:03:06+00:00","breadcrumb":{"@id":"https:\/\/saunaair.fi\/saunaair\/climate-control\/saunum-base-white\/#breadcrumb"},"inLanguage":"fi","potentialAction":[{"@type":"ReadAction","target":["https:\/\/saunaair.fi\/saunaair\/climate-control\/saunum-base-white\/"]}]},{"@type":"ImageObject","inLanguage":"fi","@id":"https:\/\/saunaair.fi\/saunaair\/climate-control\/saunum-base-white\/#primaryimage","url":"https:\/\/saunaair.fi\/wp-content\/uploads\/2024\/09\/base-white-2_resized_50px.png","contentUrl":"https:\/\/saunaair.fi\/wp-content\/uploads\/2024\/09\/base-white-2_resized_50px.png","width":700,"height":700},{"@type":"BreadcrumbList","@id":"https:\/\/saunaair.fi\/saunaair\/climate-control\/saunum-base-white\/#breadcrumb","itemListElement":[{"@type":"ListItem","position":1,"name":"Home","item":"https:\/\/saunaair.fi\/fi\/"},{"@type":"ListItem","position":2,"name":"Shop","item":"https:\/\/saunaair.fi\/shop\/"},{"@type":"ListItem","position":3,"name":"Saunum Base White"}]},{"@type":"WebSite","@id":"https:\/\/saunaair.fi\/#website","url":"https:\/\/saunaair.fi\/","name":"Sauna Air","description":"Saunat ja kiukaat t\u00e4ydellist\u00e4 saunomista varten.","publisher":{"@id":"https:\/\/saunaair.fi\/#organization"},"potentialAction":[{"@type":"SearchAction","target":{"@type":"EntryPoint","urlTemplate":"https:\/\/saunaair.fi\/?s={search_term_string}"},"query-input":{"@type":"PropertyValueSpecification","valueRequired":true,"valueName":"search_term_string"}}],"inLanguage":"fi"},{"@type":"Organization","@id":"https:\/\/saunaair.fi\/#organization","name":"Sauna Air","url":"https:\/\/saunaair.fi\/","logo":{"@type":"ImageObject","inLanguage":"fi","@id":"https:\/\/saunaair.fi\/#\/schema\/logo\/image\/","url":"https:\/\/saunaair.fi\/wp-content\/uploads\/2024\/06\/sauna-air-high-resolution-logo-white-transparent-e1708376490154.png","contentUrl":"https:\/\/saunaair.fi\/wp-content\/uploads\/2024\/06\/sauna-air-high-resolution-logo-white-transparent-e1708376490154.png","width":280,"height":78,"caption":"Sauna Air"},"image":{"@id":"https:\/\/saunaair.fi\/#\/schema\/logo\/image\/"}}]}},"_links":{"self":[{"href":"https:\/\/saunaair.fi\/fi\/wp-json\/wp\/v2\/product\/949","targetHints":{"allow":["GET"]}}],"collection":[{"href":"https:\/\/saunaair.fi\/fi\/wp-json\/wp\/v2\/product"}],"about":[{"href":"https:\/\/saunaair.fi\/fi\/wp-json\/wp\/v2\/types\/product"}],"replies":[{"embeddable":true,"href":"https:\/\/saunaair.fi\/fi\/wp-json\/wp\/v2\/comments?post=949"}],"wp:featuredmedia":[{"embeddable":true,"href":"https:\/\/saunaair.fi\/fi\/wp-json\/wp\/v2\/media\/954"}],"wp:attachment":[{"href":"https:\/\/saunaair.fi\/fi\/wp-json\/wp\/v2\/media?parent=949"}],"wp:term":[{"taxonomy":"product_brand","embeddable":true,"href":"https:\/\/saunaair.fi\/fi\/wp-json\/wp\/v2\/product_brand?post=949"},{"taxonomy":"product_cat","embeddable":true,"href":"https:\/\/saunaair.fi\/fi\/wp-json\/wp\/v2\/product_cat?post=949"},{"taxonomy":"product_tag","embeddable":true,"href":"https:\/\/saunaair.fi\/fi\/wp-json\/wp\/v2\/product_tag?post=949"}],"curies":[{"name":"wp","href":"https:\/\/api.w.org\/{rel}","templated":true}]}}