{"id":944,"date":"2024-09-26T06:47:31","date_gmt":"2024-09-26T06:47:31","guid":{"rendered":"https:\/\/saunaair.fi\/?post_type=product&#038;p=944"},"modified":"2024-11-11T12:19:33","modified_gmt":"2024-11-11T12:19:33","slug":"saunum-base-s","status":"publish","type":"product","link":"https:\/\/saunaair.fi\/fi\/saunaair\/climate-control\/saunum-base-s\/","title":{"rendered":"Saunum Base S"},"content":{"rendered":"<p>Saunum Base on t\u00e4ydellinen lis\u00e4 kotisaunaan. T\u00e4m\u00e4 ilmanvaihtoj\u00e4rjestelm\u00e4 toimii lis\u00e4varusteena olemassa olevaan kiukaaseen ja on ihanteellinen valinta niille, joilla on jo laadukas sauna ja jotka eiv\u00e4t halua vaihtaa puu- tai s\u00e4hk\u00f6kiuasta.<\/p>\n<p>Ruostumattomasta ter\u00e4ksest\u00e4 valmistettu Saunum Base S -malli voidaan asentaa paneloinnin taakse, jos haluat pit\u00e4\u00e4 laitteen poissa n\u00e4kyvist\u00e4 tai et halua vied\u00e4 saunaan lis\u00e4tilaa. Laitteessa on erillinen kosketuskytkin, jonka avulla voit s\u00e4\u00e4t\u00e4\u00e4 ilmanvaihdon asetuksia, kuten puhaltimen nopeutta.<\/p>","protected":false},"excerpt":{"rendered":"<p>The Saunum Base is the perfect addition to any home sauna. This ventilation system functions as an accessory to your existing sauna heater and is the ideal choice for those who already have a quality sauna and don&#8217;t want to replace their wood or electric heater. The Saunum Base S model, made of stainless steel, [&hellip;]<\/p>\n","protected":false},"featured_media":1277,"comment_status":"open","ping_status":"closed","template":"","meta":{"_acf_changed":false},"product_brand":[],"product_cat":[52],"product_tag":[],"class_list":{"0":"post-944","1":"product","2":"type-product","3":"status-publish","4":"has-post-thumbnail","6":"product_cat-climate-control","7":"product_shipping_class-heavy-packages","8":"tm-has-options","10":"first","11":"instock","12":"taxable","13":"shipping-taxable","14":"purchasable","15":"product-type-simple"},"acf":[],"yoast_head":"<!-- This site is optimized with the Yoast SEO plugin v27.5 - https:\/\/yoast.com\/product\/yoast-seo-wordpress\/ -->\n<title>Saunum Base S - Sauna Air OY<\/title>\n<meta name=\"robots\" content=\"index, follow, max-snippet:-1, max-image-preview:large, max-video-preview:-1\" \/>\n<link rel=\"canonical\" href=\"https:\/\/saunaair.fi\/fi\/saunailta\/ilmastoinnin-hallinta\/saunum-base-s\/\" \/>\n<meta property=\"og:locale\" content=\"fi_FI\" \/>\n<meta property=\"og:type\" content=\"article\" \/>\n<meta property=\"og:title\" content=\"Saunum Base S - Sauna Air OY\" \/>\n<meta property=\"og:description\" content=\"The Saunum Base is the perfect addition to any home sauna. This ventilation system functions as an accessory to your existing sauna heater and is the ideal choice for those who already have a quality sauna and don&#8217;t want to replace their wood or electric heater. The Saunum Base S model, made of stainless steel, [&hellip;]\" \/>\n<meta property=\"og:url\" content=\"https:\/\/saunaair.fi\/fi\/saunailta\/ilmastoinnin-hallinta\/saunum-base-s\/\" \/>\n<meta property=\"og:site_name\" content=\"Sauna Air OY\" \/>\n<meta property=\"article:modified_time\" content=\"2024-11-11T12:19:33+00:00\" \/>\n<meta property=\"og:image\" content=\"https:\/\/saunaair.fi\/wp-content\/uploads\/2024\/09\/Base_S_fully_centered_padded.png\" \/>\n\t<meta property=\"og:image:width\" content=\"900\" \/>\n\t<meta property=\"og:image:height\" content=\"900\" \/>\n\t<meta property=\"og:image:type\" content=\"image\/png\" \/>\n<meta name=\"twitter:card\" content=\"summary_large_image\" \/>\n<meta name=\"twitter:label1\" content=\"Arvioitu lukuaika\" \/>\n\t<meta name=\"twitter:data1\" content=\"1 minuutti\" \/>\n<script type=\"application\/ld+json\" class=\"yoast-schema-graph\">{\"@context\":\"https:\\\/\\\/schema.org\",\"@graph\":[{\"@type\":\"WebPage\",\"@id\":\"https:\\\/\\\/saunaair.fi\\\/saunaair\\\/climate-control\\\/saunum-base-s\\\/\",\"url\":\"https:\\\/\\\/saunaair.fi\\\/saunaair\\\/climate-control\\\/saunum-base-s\\\/\",\"name\":\"Saunum Base S - Sauna Air OY\",\"isPartOf\":{\"@id\":\"https:\\\/\\\/saunaair.fi\\\/#website\"},\"primaryImageOfPage\":{\"@id\":\"https:\\\/\\\/saunaair.fi\\\/saunaair\\\/climate-control\\\/saunum-base-s\\\/#primaryimage\"},\"image\":{\"@id\":\"https:\\\/\\\/saunaair.fi\\\/saunaair\\\/climate-control\\\/saunum-base-s\\\/#primaryimage\"},\"thumbnailUrl\":\"https:\\\/\\\/saunaair.fi\\\/wp-content\\\/uploads\\\/2024\\\/09\\\/Base_S_fully_centered_padded.png\",\"datePublished\":\"2024-09-26T06:47:31+00:00\",\"dateModified\":\"2024-11-11T12:19:33+00:00\",\"breadcrumb\":{\"@id\":\"https:\\\/\\\/saunaair.fi\\\/saunaair\\\/climate-control\\\/saunum-base-s\\\/#breadcrumb\"},\"inLanguage\":\"fi\",\"potentialAction\":[{\"@type\":\"ReadAction\",\"target\":[\"https:\\\/\\\/saunaair.fi\\\/saunaair\\\/climate-control\\\/saunum-base-s\\\/\"]}]},{\"@type\":\"ImageObject\",\"inLanguage\":\"fi\",\"@id\":\"https:\\\/\\\/saunaair.fi\\\/saunaair\\\/climate-control\\\/saunum-base-s\\\/#primaryimage\",\"url\":\"https:\\\/\\\/saunaair.fi\\\/wp-content\\\/uploads\\\/2024\\\/09\\\/Base_S_fully_centered_padded.png\",\"contentUrl\":\"https:\\\/\\\/saunaair.fi\\\/wp-content\\\/uploads\\\/2024\\\/09\\\/Base_S_fully_centered_padded.png\",\"width\":900,\"height\":900},{\"@type\":\"BreadcrumbList\",\"@id\":\"https:\\\/\\\/saunaair.fi\\\/saunaair\\\/climate-control\\\/saunum-base-s\\\/#breadcrumb\",\"itemListElement\":[{\"@type\":\"ListItem\",\"position\":1,\"name\":\"Home\",\"item\":\"https:\\\/\\\/saunaair.fi\\\/fi\\\/\"},{\"@type\":\"ListItem\",\"position\":2,\"name\":\"Shop\",\"item\":\"https:\\\/\\\/saunaair.fi\\\/shop\\\/\"},{\"@type\":\"ListItem\",\"position\":3,\"name\":\"Saunum Base S\"}]},{\"@type\":\"WebSite\",\"@id\":\"https:\\\/\\\/saunaair.fi\\\/#website\",\"url\":\"https:\\\/\\\/saunaair.fi\\\/\",\"name\":\"Sauna Air\",\"description\":\"Saunas and sauna heaters for ultimate sauna experience.\",\"publisher\":{\"@id\":\"https:\\\/\\\/saunaair.fi\\\/#organization\"},\"potentialAction\":[{\"@type\":\"SearchAction\",\"target\":{\"@type\":\"EntryPoint\",\"urlTemplate\":\"https:\\\/\\\/saunaair.fi\\\/?s={search_term_string}\"},\"query-input\":{\"@type\":\"PropertyValueSpecification\",\"valueRequired\":true,\"valueName\":\"search_term_string\"}}],\"inLanguage\":\"fi\"},{\"@type\":\"Organization\",\"@id\":\"https:\\\/\\\/saunaair.fi\\\/#organization\",\"name\":\"Sauna Air\",\"url\":\"https:\\\/\\\/saunaair.fi\\\/\",\"logo\":{\"@type\":\"ImageObject\",\"inLanguage\":\"fi\",\"@id\":\"https:\\\/\\\/saunaair.fi\\\/#\\\/schema\\\/logo\\\/image\\\/\",\"url\":\"https:\\\/\\\/saunaair.fi\\\/wp-content\\\/uploads\\\/2024\\\/06\\\/sauna-air-high-resolution-logo-white-transparent-e1708376490154.png\",\"contentUrl\":\"https:\\\/\\\/saunaair.fi\\\/wp-content\\\/uploads\\\/2024\\\/06\\\/sauna-air-high-resolution-logo-white-transparent-e1708376490154.png\",\"width\":280,\"height\":78,\"caption\":\"Sauna Air\"},\"image\":{\"@id\":\"https:\\\/\\\/saunaair.fi\\\/#\\\/schema\\\/logo\\\/image\\\/\"}}]}<\/script>\n<!-- \/ Yoast SEO plugin. -->","yoast_head_json":{"title":"Saunum Base S - Sauna Air OY Saunum Base S - Sauna Air OY","robots":{"index":"index","follow":"follow","max-snippet":"max-snippet:-1","max-image-preview":"max-image-preview:large","max-video-preview":"max-video-preview:-1"},"canonical":"https:\/\/saunaair.fi\/fi\/saunailta\/ilmastoinnin-hallinta\/saunum-base-s\/","og_locale":"fi_FI","og_type":"article","og_title":"Saunum Base S - Sauna Air OY","og_description":"The Saunum Base is the perfect addition to any home sauna. This ventilation system functions as an accessory to your existing sauna heater and is the ideal choice for those who already have a quality sauna and don&#8217;t want to replace their wood or electric heater. The Saunum Base S model, made of stainless steel, [&hellip;]","og_url":"https:\/\/saunaair.fi\/fi\/saunailta\/ilmastoinnin-hallinta\/saunum-base-s\/","og_site_name":"Sauna Air OY","article_modified_time":"2024-11-11T12:19:33+00:00","og_image":[{"width":900,"height":900,"url":"https:\/\/saunaair.fi\/wp-content\/uploads\/2024\/09\/Base_S_fully_centered_padded.png","type":"image\/png"}],"twitter_card":"summary_large_image","twitter_misc":{"Arvioitu lukuaika":"1 minuutti"},"schema":{"@context":"https:\/\/schema.org","@graph":[{"@type":"WebPage","@id":"https:\/\/saunaair.fi\/saunaair\/climate-control\/saunum-base-s\/","url":"https:\/\/saunaair.fi\/saunaair\/climate-control\/saunum-base-s\/","name":"Saunum Base S - Sauna Air OY Saunum Base S - Sauna Air OY","isPartOf":{"@id":"https:\/\/saunaair.fi\/#website"},"primaryImageOfPage":{"@id":"https:\/\/saunaair.fi\/saunaair\/climate-control\/saunum-base-s\/#primaryimage"},"image":{"@id":"https:\/\/saunaair.fi\/saunaair\/climate-control\/saunum-base-s\/#primaryimage"},"thumbnailUrl":"https:\/\/saunaair.fi\/wp-content\/uploads\/2024\/09\/Base_S_fully_centered_padded.png","datePublished":"2024-09-26T06:47:31+00:00","dateModified":"2024-11-11T12:19:33+00:00","breadcrumb":{"@id":"https:\/\/saunaair.fi\/saunaair\/climate-control\/saunum-base-s\/#breadcrumb"},"inLanguage":"fi","potentialAction":[{"@type":"ReadAction","target":["https:\/\/saunaair.fi\/saunaair\/climate-control\/saunum-base-s\/"]}]},{"@type":"ImageObject","inLanguage":"fi","@id":"https:\/\/saunaair.fi\/saunaair\/climate-control\/saunum-base-s\/#primaryimage","url":"https:\/\/saunaair.fi\/wp-content\/uploads\/2024\/09\/Base_S_fully_centered_padded.png","contentUrl":"https:\/\/saunaair.fi\/wp-content\/uploads\/2024\/09\/Base_S_fully_centered_padded.png","width":900,"height":900},{"@type":"BreadcrumbList","@id":"https:\/\/saunaair.fi\/saunaair\/climate-control\/saunum-base-s\/#breadcrumb","itemListElement":[{"@type":"ListItem","position":1,"name":"Home","item":"https:\/\/saunaair.fi\/fi\/"},{"@type":"ListItem","position":2,"name":"Shop","item":"https:\/\/saunaair.fi\/shop\/"},{"@type":"ListItem","position":3,"name":"Saunum Base S"}]},{"@type":"WebSite","@id":"https:\/\/saunaair.fi\/#website","url":"https:\/\/saunaair.fi\/","name":"Sauna Air","description":"Saunat ja kiukaat t\u00e4ydellist\u00e4 saunomista varten.","publisher":{"@id":"https:\/\/saunaair.fi\/#organization"},"potentialAction":[{"@type":"SearchAction","target":{"@type":"EntryPoint","urlTemplate":"https:\/\/saunaair.fi\/?s={search_term_string}"},"query-input":{"@type":"PropertyValueSpecification","valueRequired":true,"valueName":"search_term_string"}}],"inLanguage":"fi"},{"@type":"Organization","@id":"https:\/\/saunaair.fi\/#organization","name":"Sauna Air","url":"https:\/\/saunaair.fi\/","logo":{"@type":"ImageObject","inLanguage":"fi","@id":"https:\/\/saunaair.fi\/#\/schema\/logo\/image\/","url":"https:\/\/saunaair.fi\/wp-content\/uploads\/2024\/06\/sauna-air-high-resolution-logo-white-transparent-e1708376490154.png","contentUrl":"https:\/\/saunaair.fi\/wp-content\/uploads\/2024\/06\/sauna-air-high-resolution-logo-white-transparent-e1708376490154.png","width":280,"height":78,"caption":"Sauna Air"},"image":{"@id":"https:\/\/saunaair.fi\/#\/schema\/logo\/image\/"}}]}},"_links":{"self":[{"href":"https:\/\/saunaair.fi\/fi\/wp-json\/wp\/v2\/product\/944","targetHints":{"allow":["GET"]}}],"collection":[{"href":"https:\/\/saunaair.fi\/fi\/wp-json\/wp\/v2\/product"}],"about":[{"href":"https:\/\/saunaair.fi\/fi\/wp-json\/wp\/v2\/types\/product"}],"replies":[{"embeddable":true,"href":"https:\/\/saunaair.fi\/fi\/wp-json\/wp\/v2\/comments?post=944"}],"wp:featuredmedia":[{"embeddable":true,"href":"https:\/\/saunaair.fi\/fi\/wp-json\/wp\/v2\/media\/1277"}],"wp:attachment":[{"href":"https:\/\/saunaair.fi\/fi\/wp-json\/wp\/v2\/media?parent=944"}],"wp:term":[{"taxonomy":"product_brand","embeddable":true,"href":"https:\/\/saunaair.fi\/fi\/wp-json\/wp\/v2\/product_brand?post=944"},{"taxonomy":"product_cat","embeddable":true,"href":"https:\/\/saunaair.fi\/fi\/wp-json\/wp\/v2\/product_cat?post=944"},{"taxonomy":"product_tag","embeddable":true,"href":"https:\/\/saunaair.fi\/fi\/wp-json\/wp\/v2\/product_tag?post=944"}],"curies":[{"name":"wp","href":"https:\/\/api.w.org\/{rel}","templated":true}]}}