{"id":927,"date":"2024-09-26T06:14:51","date_gmt":"2024-09-26T06:14:51","guid":{"rendered":"https:\/\/saunaair.fi\/?post_type=product&#038;p=927"},"modified":"2024-11-11T12:29:34","modified_gmt":"2024-11-11T12:29:34","slug":"saunum-base-musta","status":"publish","type":"product","link":"https:\/\/saunaair.fi\/fi\/saunaair\/climate-control\/saunum-base-black\/","title":{"rendered":"Saunum Base Musta"},"content":{"rendered":"<p><span style=\"vertical-align: inherit;\"><span style=\"vertical-align: inherit;\">Saunum Base on t\u00e4ydellinen viimeistely jokaiseen kotisaunaan. Se toimii lis\u00e4varusteena olemassa olevaan kiukaan ja on ihanteellinen valinta niille, joilla on jo upea sauna ja jotka eiv\u00e4t halua vaihtaa puu- tai s\u00e4hk\u00f6kiuasta.<\/span><\/span><\/p>","protected":false},"excerpt":{"rendered":"<p>Saunum Base on t\u00e4ydellinen viimeistely jokaiseen kotisaunaan. Se toimii lis\u00e4varusteena olemassa olevaan kiukaan ja on ihanteellinen valinta niille, joilla on jo upea sauna ja jotka eiv\u00e4t halua vaihtaa puu- tai s\u00e4hk\u00f6kiuasta.<\/p>","protected":false},"featured_media":928,"comment_status":"open","ping_status":"closed","template":"","meta":{"_acf_changed":false},"product_brand":[],"product_cat":[52],"product_tag":[],"class_list":{"0":"post-927","1":"product","2":"type-product","3":"status-publish","4":"has-post-thumbnail","6":"product_cat-climate-control","7":"product_shipping_class-heavy-packages","8":"tm-has-options","10":"first","11":"instock","12":"taxable","13":"shipping-taxable","14":"purchasable","15":"product-type-variable"},"acf":[],"yoast_head":"<!-- This site is optimized with the Yoast SEO plugin v27.5 - https:\/\/yoast.com\/product\/yoast-seo-wordpress\/ -->\n<title>Saunum Base Black - Sauna Air OY<\/title>\n<meta name=\"robots\" content=\"index, follow, max-snippet:-1, max-image-preview:large, max-video-preview:-1\" \/>\n<link rel=\"canonical\" href=\"https:\/\/saunaair.fi\/fi\/saunailta\/ilmastoinnin-hallinta\/saunum-base-musta\/\" \/>\n<meta property=\"og:locale\" content=\"fi_FI\" \/>\n<meta property=\"og:type\" content=\"article\" \/>\n<meta property=\"og:title\" content=\"Saunum Base Black - Sauna Air OY\" \/>\n<meta property=\"og:description\" content=\"Saunum Base on t\u00e4ydellinen viimeistely jokaiseen kotisaunaan. Se toimii lis\u00e4varusteena olemassa olevaan kiukaan ja on ihanteellinen valinta niille, joilla on jo upea sauna ja jotka eiv\u00e4t halua vaihtaa puu- tai s\u00e4hk\u00f6kiuasta.\" \/>\n<meta property=\"og:url\" content=\"https:\/\/saunaair.fi\/fi\/saunailta\/ilmastoinnin-hallinta\/saunum-base-musta\/\" \/>\n<meta property=\"og:site_name\" content=\"Sauna Air OY\" \/>\n<meta property=\"article:modified_time\" content=\"2024-11-11T12:29:34+00:00\" \/>\n<meta property=\"og:image\" content=\"https:\/\/saunaair.fi\/wp-content\/uploads\/2024\/09\/Base-black_resized_50px.png\" \/>\n\t<meta property=\"og:image:width\" content=\"700\" \/>\n\t<meta property=\"og:image:height\" content=\"700\" \/>\n\t<meta property=\"og:image:type\" content=\"image\/png\" \/>\n<meta name=\"twitter:card\" content=\"summary_large_image\" \/>\n<meta name=\"twitter:label1\" content=\"Arvioitu lukuaika\" \/>\n\t<meta name=\"twitter:data1\" content=\"1 minuutti\" \/>\n<script type=\"application\/ld+json\" class=\"yoast-schema-graph\">{\"@context\":\"https:\\\/\\\/schema.org\",\"@graph\":[{\"@type\":\"WebPage\",\"@id\":\"https:\\\/\\\/saunaair.fi\\\/saunaair\\\/climate-control\\\/saunum-base-black\\\/\",\"url\":\"https:\\\/\\\/saunaair.fi\\\/saunaair\\\/climate-control\\\/saunum-base-black\\\/\",\"name\":\"Saunum Base Black - Sauna Air OY\",\"isPartOf\":{\"@id\":\"https:\\\/\\\/saunaair.fi\\\/#website\"},\"primaryImageOfPage\":{\"@id\":\"https:\\\/\\\/saunaair.fi\\\/saunaair\\\/climate-control\\\/saunum-base-black\\\/#primaryimage\"},\"image\":{\"@id\":\"https:\\\/\\\/saunaair.fi\\\/saunaair\\\/climate-control\\\/saunum-base-black\\\/#primaryimage\"},\"thumbnailUrl\":\"https:\\\/\\\/saunaair.fi\\\/wp-content\\\/uploads\\\/2024\\\/09\\\/Base-black_resized_50px.png\",\"datePublished\":\"2024-09-26T06:14:51+00:00\",\"dateModified\":\"2024-11-11T12:29:34+00:00\",\"breadcrumb\":{\"@id\":\"https:\\\/\\\/saunaair.fi\\\/saunaair\\\/climate-control\\\/saunum-base-black\\\/#breadcrumb\"},\"inLanguage\":\"fi\",\"potentialAction\":[{\"@type\":\"ReadAction\",\"target\":[\"https:\\\/\\\/saunaair.fi\\\/saunaair\\\/climate-control\\\/saunum-base-black\\\/\"]}]},{\"@type\":\"ImageObject\",\"inLanguage\":\"fi\",\"@id\":\"https:\\\/\\\/saunaair.fi\\\/saunaair\\\/climate-control\\\/saunum-base-black\\\/#primaryimage\",\"url\":\"https:\\\/\\\/saunaair.fi\\\/wp-content\\\/uploads\\\/2024\\\/09\\\/Base-black_resized_50px.png\",\"contentUrl\":\"https:\\\/\\\/saunaair.fi\\\/wp-content\\\/uploads\\\/2024\\\/09\\\/Base-black_resized_50px.png\",\"width\":700,\"height\":700},{\"@type\":\"BreadcrumbList\",\"@id\":\"https:\\\/\\\/saunaair.fi\\\/saunaair\\\/climate-control\\\/saunum-base-black\\\/#breadcrumb\",\"itemListElement\":[{\"@type\":\"ListItem\",\"position\":1,\"name\":\"Home\",\"item\":\"https:\\\/\\\/saunaair.fi\\\/fi\\\/\"},{\"@type\":\"ListItem\",\"position\":2,\"name\":\"Shop\",\"item\":\"https:\\\/\\\/saunaair.fi\\\/shop\\\/\"},{\"@type\":\"ListItem\",\"position\":3,\"name\":\"Saunum Base Black\"}]},{\"@type\":\"WebSite\",\"@id\":\"https:\\\/\\\/saunaair.fi\\\/#website\",\"url\":\"https:\\\/\\\/saunaair.fi\\\/\",\"name\":\"Sauna Air\",\"description\":\"Saunas and sauna heaters for ultimate sauna experience.\",\"publisher\":{\"@id\":\"https:\\\/\\\/saunaair.fi\\\/#organization\"},\"potentialAction\":[{\"@type\":\"SearchAction\",\"target\":{\"@type\":\"EntryPoint\",\"urlTemplate\":\"https:\\\/\\\/saunaair.fi\\\/?s={search_term_string}\"},\"query-input\":{\"@type\":\"PropertyValueSpecification\",\"valueRequired\":true,\"valueName\":\"search_term_string\"}}],\"inLanguage\":\"fi\"},{\"@type\":\"Organization\",\"@id\":\"https:\\\/\\\/saunaair.fi\\\/#organization\",\"name\":\"Sauna Air\",\"url\":\"https:\\\/\\\/saunaair.fi\\\/\",\"logo\":{\"@type\":\"ImageObject\",\"inLanguage\":\"fi\",\"@id\":\"https:\\\/\\\/saunaair.fi\\\/#\\\/schema\\\/logo\\\/image\\\/\",\"url\":\"https:\\\/\\\/saunaair.fi\\\/wp-content\\\/uploads\\\/2024\\\/06\\\/sauna-air-high-resolution-logo-white-transparent-e1708376490154.png\",\"contentUrl\":\"https:\\\/\\\/saunaair.fi\\\/wp-content\\\/uploads\\\/2024\\\/06\\\/sauna-air-high-resolution-logo-white-transparent-e1708376490154.png\",\"width\":280,\"height\":78,\"caption\":\"Sauna Air\"},\"image\":{\"@id\":\"https:\\\/\\\/saunaair.fi\\\/#\\\/schema\\\/logo\\\/image\\\/\"}}]}<\/script>\n<!-- \/ Yoast SEO plugin. -->","yoast_head_json":{"title":"Saunum Base Black - Sauna Air OY Saunanpesukone - Sauna Air OY","robots":{"index":"index","follow":"follow","max-snippet":"max-snippet:-1","max-image-preview":"max-image-preview:large","max-video-preview":"max-video-preview:-1"},"canonical":"https:\/\/saunaair.fi\/fi\/saunailta\/ilmastoinnin-hallinta\/saunum-base-musta\/","og_locale":"fi_FI","og_type":"article","og_title":"Saunum Base Black - Sauna Air OY","og_description":"Saunum Base on t\u00e4ydellinen viimeistely jokaiseen kotisaunaan. Se toimii lis\u00e4varusteena olemassa olevaan kiukaan ja on ihanteellinen valinta niille, joilla on jo upea sauna ja jotka eiv\u00e4t halua vaihtaa puu- tai s\u00e4hk\u00f6kiuasta.","og_url":"https:\/\/saunaair.fi\/fi\/saunailta\/ilmastoinnin-hallinta\/saunum-base-musta\/","og_site_name":"Sauna Air OY","article_modified_time":"2024-11-11T12:29:34+00:00","og_image":[{"width":700,"height":700,"url":"https:\/\/saunaair.fi\/wp-content\/uploads\/2024\/09\/Base-black_resized_50px.png","type":"image\/png"}],"twitter_card":"summary_large_image","twitter_misc":{"Arvioitu lukuaika":"1 minuutti"},"schema":{"@context":"https:\/\/schema.org","@graph":[{"@type":"WebPage","@id":"https:\/\/saunaair.fi\/saunaair\/climate-control\/saunum-base-black\/","url":"https:\/\/saunaair.fi\/saunaair\/climate-control\/saunum-base-black\/","name":"Saunum Base Black - Sauna Air OY Saunanpesukone - Sauna Air OY","isPartOf":{"@id":"https:\/\/saunaair.fi\/#website"},"primaryImageOfPage":{"@id":"https:\/\/saunaair.fi\/saunaair\/climate-control\/saunum-base-black\/#primaryimage"},"image":{"@id":"https:\/\/saunaair.fi\/saunaair\/climate-control\/saunum-base-black\/#primaryimage"},"thumbnailUrl":"https:\/\/saunaair.fi\/wp-content\/uploads\/2024\/09\/Base-black_resized_50px.png","datePublished":"2024-09-26T06:14:51+00:00","dateModified":"2024-11-11T12:29:34+00:00","breadcrumb":{"@id":"https:\/\/saunaair.fi\/saunaair\/climate-control\/saunum-base-black\/#breadcrumb"},"inLanguage":"fi","potentialAction":[{"@type":"ReadAction","target":["https:\/\/saunaair.fi\/saunaair\/climate-control\/saunum-base-black\/"]}]},{"@type":"ImageObject","inLanguage":"fi","@id":"https:\/\/saunaair.fi\/saunaair\/climate-control\/saunum-base-black\/#primaryimage","url":"https:\/\/saunaair.fi\/wp-content\/uploads\/2024\/09\/Base-black_resized_50px.png","contentUrl":"https:\/\/saunaair.fi\/wp-content\/uploads\/2024\/09\/Base-black_resized_50px.png","width":700,"height":700},{"@type":"BreadcrumbList","@id":"https:\/\/saunaair.fi\/saunaair\/climate-control\/saunum-base-black\/#breadcrumb","itemListElement":[{"@type":"ListItem","position":1,"name":"Home","item":"https:\/\/saunaair.fi\/fi\/"},{"@type":"ListItem","position":2,"name":"Shop","item":"https:\/\/saunaair.fi\/shop\/"},{"@type":"ListItem","position":3,"name":"Saunum Base Black"}]},{"@type":"WebSite","@id":"https:\/\/saunaair.fi\/#website","url":"https:\/\/saunaair.fi\/","name":"Sauna Air","description":"Saunat ja kiukaat t\u00e4ydellist\u00e4 saunomista varten.","publisher":{"@id":"https:\/\/saunaair.fi\/#organization"},"potentialAction":[{"@type":"SearchAction","target":{"@type":"EntryPoint","urlTemplate":"https:\/\/saunaair.fi\/?s={search_term_string}"},"query-input":{"@type":"PropertyValueSpecification","valueRequired":true,"valueName":"search_term_string"}}],"inLanguage":"fi"},{"@type":"Organization","@id":"https:\/\/saunaair.fi\/#organization","name":"Sauna Air","url":"https:\/\/saunaair.fi\/","logo":{"@type":"ImageObject","inLanguage":"fi","@id":"https:\/\/saunaair.fi\/#\/schema\/logo\/image\/","url":"https:\/\/saunaair.fi\/wp-content\/uploads\/2024\/06\/sauna-air-high-resolution-logo-white-transparent-e1708376490154.png","contentUrl":"https:\/\/saunaair.fi\/wp-content\/uploads\/2024\/06\/sauna-air-high-resolution-logo-white-transparent-e1708376490154.png","width":280,"height":78,"caption":"Sauna Air"},"image":{"@id":"https:\/\/saunaair.fi\/#\/schema\/logo\/image\/"}}]}},"_links":{"self":[{"href":"https:\/\/saunaair.fi\/fi\/wp-json\/wp\/v2\/product\/927","targetHints":{"allow":["GET"]}}],"collection":[{"href":"https:\/\/saunaair.fi\/fi\/wp-json\/wp\/v2\/product"}],"about":[{"href":"https:\/\/saunaair.fi\/fi\/wp-json\/wp\/v2\/types\/product"}],"replies":[{"embeddable":true,"href":"https:\/\/saunaair.fi\/fi\/wp-json\/wp\/v2\/comments?post=927"}],"wp:featuredmedia":[{"embeddable":true,"href":"https:\/\/saunaair.fi\/fi\/wp-json\/wp\/v2\/media\/928"}],"wp:attachment":[{"href":"https:\/\/saunaair.fi\/fi\/wp-json\/wp\/v2\/media?parent=927"}],"wp:term":[{"taxonomy":"product_brand","embeddable":true,"href":"https:\/\/saunaair.fi\/fi\/wp-json\/wp\/v2\/product_brand?post=927"},{"taxonomy":"product_cat","embeddable":true,"href":"https:\/\/saunaair.fi\/fi\/wp-json\/wp\/v2\/product_cat?post=927"},{"taxonomy":"product_tag","embeddable":true,"href":"https:\/\/saunaair.fi\/fi\/wp-json\/wp\/v2\/product_tag?post=927"}],"curies":[{"name":"wp","href":"https:\/\/api.w.org\/{rel}","templated":true}]}}