{"id":900,"date":"2024-09-25T15:16:52","date_gmt":"2024-09-25T15:16:52","guid":{"rendered":"https:\/\/saunaair.fi\/?post_type=product&#038;p=900"},"modified":"2025-01-15T21:22:50","modified_gmt":"2025-01-15T21:22:50","slug":"saunum-primary-avoinna","status":"publish","type":"product","link":"https:\/\/saunaair.fi\/fi\/saunaair\/sauna-heaters\/electric-heaters\/saunum-primary-open\/","title":{"rendered":"Saunum Primary avo"},"content":{"rendered":"<p>Saunum Primary on sarja, joka sis\u00e4lt\u00e4\u00e4 s\u00e4hk\u00f6kiukaan ja ilmanvaihtoj\u00e4rjestelm\u00e4n ja tarjoaa t\u00e4ydellisen kylpyl\u00e4kokemuksen sek\u00e4 kerrostaloissa ett\u00e4 omakotitaloissa.<\/p>","protected":false},"excerpt":{"rendered":"<p>Saunum Primary on sarja, joka sis\u00e4lt\u00e4\u00e4 s\u00e4hk\u00f6kiukaan ja ilmanvaihtoj\u00e4rjestelm\u00e4n ja tarjoaa t\u00e4ydellisen kylpyl\u00e4kokemuksen sek\u00e4 kerrostaloissa ett\u00e4 omakotitaloissa.<\/p>","protected":false},"featured_media":907,"comment_status":"open","ping_status":"closed","template":"","meta":{"_acf_changed":false},"product_brand":[],"product_cat":[38,17],"product_tag":[],"class_list":{"0":"post-900","1":"product","2":"type-product","3":"status-publish","4":"has-post-thumbnail","6":"product_cat-electric-heaters","7":"product_cat-sauna-heaters","8":"product_shipping_class-heavy-packages","9":"tm-has-options","11":"first","12":"instock","13":"taxable","14":"shipping-taxable","15":"purchasable","16":"product-type-variable"},"acf":[],"yoast_head":"<!-- This site is optimized with the Yoast SEO plugin v27.5 - https:\/\/yoast.com\/product\/yoast-seo-wordpress\/ -->\n<title>Saunum Primary open - Sauna Air OY<\/title>\n<meta name=\"robots\" content=\"index, follow, max-snippet:-1, max-image-preview:large, max-video-preview:-1\" \/>\n<link rel=\"canonical\" href=\"https:\/\/saunaair.fi\/fi\/saunailta\/saunan-kiukaat-3\/sahkolammittimet\/saunum-primary-avoinna\/\" \/>\n<meta property=\"og:locale\" content=\"fi_FI\" \/>\n<meta property=\"og:type\" content=\"article\" \/>\n<meta property=\"og:title\" content=\"Saunum Primary open - Sauna Air OY\" \/>\n<meta property=\"og:description\" content=\"The Saunum Primary is a set that includes an electric sauna heater and a ventilation system, offering a complete spa experience both in apartment buildings and private homes.\" \/>\n<meta property=\"og:url\" content=\"https:\/\/saunaair.fi\/fi\/saunailta\/saunan-kiukaat-3\/sahkolammittimet\/saunum-primary-avoinna\/\" \/>\n<meta property=\"og:site_name\" content=\"Sauna Air OY\" \/>\n<meta property=\"article:modified_time\" content=\"2025-01-15T21:22:50+00:00\" \/>\n<meta property=\"og:image\" content=\"https:\/\/saunaair.fi\/wp-content\/uploads\/2024\/09\/25465051-imgonline-com-ua-2to1-xb32ilu93rwafxj-a3571ae49a365994_resized_50px.png\" \/>\n\t<meta property=\"og:image:width\" content=\"700\" \/>\n\t<meta property=\"og:image:height\" content=\"700\" \/>\n\t<meta property=\"og:image:type\" content=\"image\/png\" \/>\n<meta name=\"twitter:card\" content=\"summary_large_image\" \/>\n<script type=\"application\/ld+json\" class=\"yoast-schema-graph\">{\"@context\":\"https:\\\/\\\/schema.org\",\"@graph\":[{\"@type\":\"WebPage\",\"@id\":\"https:\\\/\\\/saunaair.fi\\\/saunaair\\\/sauna-heaters\\\/electric-heaters\\\/saunum-primary-open\\\/\",\"url\":\"https:\\\/\\\/saunaair.fi\\\/saunaair\\\/sauna-heaters\\\/electric-heaters\\\/saunum-primary-open\\\/\",\"name\":\"Saunum Primary open - Sauna Air OY\",\"isPartOf\":{\"@id\":\"https:\\\/\\\/saunaair.fi\\\/#website\"},\"primaryImageOfPage\":{\"@id\":\"https:\\\/\\\/saunaair.fi\\\/saunaair\\\/sauna-heaters\\\/electric-heaters\\\/saunum-primary-open\\\/#primaryimage\"},\"image\":{\"@id\":\"https:\\\/\\\/saunaair.fi\\\/saunaair\\\/sauna-heaters\\\/electric-heaters\\\/saunum-primary-open\\\/#primaryimage\"},\"thumbnailUrl\":\"https:\\\/\\\/saunaair.fi\\\/wp-content\\\/uploads\\\/2024\\\/09\\\/25465051-imgonline-com-ua-2to1-xb32ilu93rwafxj-a3571ae49a365994_resized_50px.png\",\"datePublished\":\"2024-09-25T15:16:52+00:00\",\"dateModified\":\"2025-01-15T21:22:50+00:00\",\"breadcrumb\":{\"@id\":\"https:\\\/\\\/saunaair.fi\\\/saunaair\\\/sauna-heaters\\\/electric-heaters\\\/saunum-primary-open\\\/#breadcrumb\"},\"inLanguage\":\"fi\",\"potentialAction\":[{\"@type\":\"ReadAction\",\"target\":[\"https:\\\/\\\/saunaair.fi\\\/saunaair\\\/sauna-heaters\\\/electric-heaters\\\/saunum-primary-open\\\/\"]}]},{\"@type\":\"ImageObject\",\"inLanguage\":\"fi\",\"@id\":\"https:\\\/\\\/saunaair.fi\\\/saunaair\\\/sauna-heaters\\\/electric-heaters\\\/saunum-primary-open\\\/#primaryimage\",\"url\":\"https:\\\/\\\/saunaair.fi\\\/wp-content\\\/uploads\\\/2024\\\/09\\\/25465051-imgonline-com-ua-2to1-xb32ilu93rwafxj-a3571ae49a365994_resized_50px.png\",\"contentUrl\":\"https:\\\/\\\/saunaair.fi\\\/wp-content\\\/uploads\\\/2024\\\/09\\\/25465051-imgonline-com-ua-2to1-xb32ilu93rwafxj-a3571ae49a365994_resized_50px.png\",\"width\":700,\"height\":700},{\"@type\":\"BreadcrumbList\",\"@id\":\"https:\\\/\\\/saunaair.fi\\\/saunaair\\\/sauna-heaters\\\/electric-heaters\\\/saunum-primary-open\\\/#breadcrumb\",\"itemListElement\":[{\"@type\":\"ListItem\",\"position\":1,\"name\":\"Home\",\"item\":\"https:\\\/\\\/saunaair.fi\\\/fi\\\/\"},{\"@type\":\"ListItem\",\"position\":2,\"name\":\"Shop\",\"item\":\"https:\\\/\\\/saunaair.fi\\\/shop\\\/\"},{\"@type\":\"ListItem\",\"position\":3,\"name\":\"Saunum Primary open\"}]},{\"@type\":\"WebSite\",\"@id\":\"https:\\\/\\\/saunaair.fi\\\/#website\",\"url\":\"https:\\\/\\\/saunaair.fi\\\/\",\"name\":\"Sauna Air\",\"description\":\"Saunas and sauna heaters for ultimate sauna experience.\",\"publisher\":{\"@id\":\"https:\\\/\\\/saunaair.fi\\\/#organization\"},\"potentialAction\":[{\"@type\":\"SearchAction\",\"target\":{\"@type\":\"EntryPoint\",\"urlTemplate\":\"https:\\\/\\\/saunaair.fi\\\/?s={search_term_string}\"},\"query-input\":{\"@type\":\"PropertyValueSpecification\",\"valueRequired\":true,\"valueName\":\"search_term_string\"}}],\"inLanguage\":\"fi\"},{\"@type\":\"Organization\",\"@id\":\"https:\\\/\\\/saunaair.fi\\\/#organization\",\"name\":\"Sauna Air\",\"url\":\"https:\\\/\\\/saunaair.fi\\\/\",\"logo\":{\"@type\":\"ImageObject\",\"inLanguage\":\"fi\",\"@id\":\"https:\\\/\\\/saunaair.fi\\\/#\\\/schema\\\/logo\\\/image\\\/\",\"url\":\"https:\\\/\\\/saunaair.fi\\\/wp-content\\\/uploads\\\/2024\\\/06\\\/sauna-air-high-resolution-logo-white-transparent-e1708376490154.png\",\"contentUrl\":\"https:\\\/\\\/saunaair.fi\\\/wp-content\\\/uploads\\\/2024\\\/06\\\/sauna-air-high-resolution-logo-white-transparent-e1708376490154.png\",\"width\":280,\"height\":78,\"caption\":\"Sauna Air\"},\"image\":{\"@id\":\"https:\\\/\\\/saunaair.fi\\\/#\\\/schema\\\/logo\\\/image\\\/\"}}]}<\/script>\n<!-- \/ Yoast SEO plugin. -->","yoast_head_json":{"title":"Saunum Primary avoinna - Sauna Air OY","robots":{"index":"index","follow":"follow","max-snippet":"max-snippet:-1","max-image-preview":"max-image-preview:large","max-video-preview":"max-video-preview:-1"},"canonical":"https:\/\/saunaair.fi\/fi\/saunailta\/saunan-kiukaat-3\/sahkolammittimet\/saunum-primary-avoinna\/","og_locale":"fi_FI","og_type":"article","og_title":"Saunum Primary open - Sauna Air OY","og_description":"The Saunum Primary is a set that includes an electric sauna heater and a ventilation system, offering a complete spa experience both in apartment buildings and private homes.","og_url":"https:\/\/saunaair.fi\/fi\/saunailta\/saunan-kiukaat-3\/sahkolammittimet\/saunum-primary-avoinna\/","og_site_name":"Sauna Air OY","article_modified_time":"2025-01-15T21:22:50+00:00","og_image":[{"width":700,"height":700,"url":"https:\/\/saunaair.fi\/wp-content\/uploads\/2024\/09\/25465051-imgonline-com-ua-2to1-xb32ilu93rwafxj-a3571ae49a365994_resized_50px.png","type":"image\/png"}],"twitter_card":"summary_large_image","schema":{"@context":"https:\/\/schema.org","@graph":[{"@type":"WebPage","@id":"https:\/\/saunaair.fi\/saunaair\/sauna-heaters\/electric-heaters\/saunum-primary-open\/","url":"https:\/\/saunaair.fi\/saunaair\/sauna-heaters\/electric-heaters\/saunum-primary-open\/","name":"Saunum Primary avoinna - Sauna Air OY","isPartOf":{"@id":"https:\/\/saunaair.fi\/#website"},"primaryImageOfPage":{"@id":"https:\/\/saunaair.fi\/saunaair\/sauna-heaters\/electric-heaters\/saunum-primary-open\/#primaryimage"},"image":{"@id":"https:\/\/saunaair.fi\/saunaair\/sauna-heaters\/electric-heaters\/saunum-primary-open\/#primaryimage"},"thumbnailUrl":"https:\/\/saunaair.fi\/wp-content\/uploads\/2024\/09\/25465051-imgonline-com-ua-2to1-xb32ilu93rwafxj-a3571ae49a365994_resized_50px.png","datePublished":"2024-09-25T15:16:52+00:00","dateModified":"2025-01-15T21:22:50+00:00","breadcrumb":{"@id":"https:\/\/saunaair.fi\/saunaair\/sauna-heaters\/electric-heaters\/saunum-primary-open\/#breadcrumb"},"inLanguage":"fi","potentialAction":[{"@type":"ReadAction","target":["https:\/\/saunaair.fi\/saunaair\/sauna-heaters\/electric-heaters\/saunum-primary-open\/"]}]},{"@type":"ImageObject","inLanguage":"fi","@id":"https:\/\/saunaair.fi\/saunaair\/sauna-heaters\/electric-heaters\/saunum-primary-open\/#primaryimage","url":"https:\/\/saunaair.fi\/wp-content\/uploads\/2024\/09\/25465051-imgonline-com-ua-2to1-xb32ilu93rwafxj-a3571ae49a365994_resized_50px.png","contentUrl":"https:\/\/saunaair.fi\/wp-content\/uploads\/2024\/09\/25465051-imgonline-com-ua-2to1-xb32ilu93rwafxj-a3571ae49a365994_resized_50px.png","width":700,"height":700},{"@type":"BreadcrumbList","@id":"https:\/\/saunaair.fi\/saunaair\/sauna-heaters\/electric-heaters\/saunum-primary-open\/#breadcrumb","itemListElement":[{"@type":"ListItem","position":1,"name":"Home","item":"https:\/\/saunaair.fi\/fi\/"},{"@type":"ListItem","position":2,"name":"Shop","item":"https:\/\/saunaair.fi\/shop\/"},{"@type":"ListItem","position":3,"name":"Saunum Primary open"}]},{"@type":"WebSite","@id":"https:\/\/saunaair.fi\/#website","url":"https:\/\/saunaair.fi\/","name":"Sauna Air","description":"Saunat ja kiukaat t\u00e4ydellist\u00e4 saunomista varten.","publisher":{"@id":"https:\/\/saunaair.fi\/#organization"},"potentialAction":[{"@type":"SearchAction","target":{"@type":"EntryPoint","urlTemplate":"https:\/\/saunaair.fi\/?s={search_term_string}"},"query-input":{"@type":"PropertyValueSpecification","valueRequired":true,"valueName":"search_term_string"}}],"inLanguage":"fi"},{"@type":"Organization","@id":"https:\/\/saunaair.fi\/#organization","name":"Sauna Air","url":"https:\/\/saunaair.fi\/","logo":{"@type":"ImageObject","inLanguage":"fi","@id":"https:\/\/saunaair.fi\/#\/schema\/logo\/image\/","url":"https:\/\/saunaair.fi\/wp-content\/uploads\/2024\/06\/sauna-air-high-resolution-logo-white-transparent-e1708376490154.png","contentUrl":"https:\/\/saunaair.fi\/wp-content\/uploads\/2024\/06\/sauna-air-high-resolution-logo-white-transparent-e1708376490154.png","width":280,"height":78,"caption":"Sauna Air"},"image":{"@id":"https:\/\/saunaair.fi\/#\/schema\/logo\/image\/"}}]}},"_links":{"self":[{"href":"https:\/\/saunaair.fi\/fi\/wp-json\/wp\/v2\/product\/900","targetHints":{"allow":["GET"]}}],"collection":[{"href":"https:\/\/saunaair.fi\/fi\/wp-json\/wp\/v2\/product"}],"about":[{"href":"https:\/\/saunaair.fi\/fi\/wp-json\/wp\/v2\/types\/product"}],"replies":[{"embeddable":true,"href":"https:\/\/saunaair.fi\/fi\/wp-json\/wp\/v2\/comments?post=900"}],"wp:featuredmedia":[{"embeddable":true,"href":"https:\/\/saunaair.fi\/fi\/wp-json\/wp\/v2\/media\/907"}],"wp:attachment":[{"href":"https:\/\/saunaair.fi\/fi\/wp-json\/wp\/v2\/media?parent=900"}],"wp:term":[{"taxonomy":"product_brand","embeddable":true,"href":"https:\/\/saunaair.fi\/fi\/wp-json\/wp\/v2\/product_brand?post=900"},{"taxonomy":"product_cat","embeddable":true,"href":"https:\/\/saunaair.fi\/fi\/wp-json\/wp\/v2\/product_cat?post=900"},{"taxonomy":"product_tag","embeddable":true,"href":"https:\/\/saunaair.fi\/fi\/wp-json\/wp\/v2\/product_tag?post=900"}],"curies":[{"name":"wp","href":"https:\/\/api.w.org\/{rel}","templated":true}]}}