{"id":840,"date":"2024-09-25T11:45:03","date_gmt":"2024-09-25T11:45:03","guid":{"rendered":"https:\/\/saunaair.fi\/?post_type=product&#038;p=840"},"modified":"2024-09-27T06:37:26","modified_gmt":"2024-09-27T06:37:26","slug":"saunan-ammattilainen","status":"publish","type":"product","link":"https:\/\/saunaair.fi\/fi\/saunaair\/sauna-heaters\/electric-heaters\/saunum-professional\/","title":{"rendered":"Saunum Professional"},"content":{"rendered":"<p>Saunum Professional on tehokas yhdistelm\u00e4 Base-ilmankiertoj\u00e4rjestelm\u00e4\u00e4 ja saunan lattialle asennettavaa s\u00e4hk\u00f6kiuasta.<\/p>\n<p>Saunum Professional -sarjan ilmanvaihtoj\u00e4rjestelm\u00e4 toimii hiljaisesti ja jakaa h\u00f6yryn ja l\u00e4mm\u00f6n tasaisesti koko saunatilaan varmistaen tehokkaan hikoilun koko kehossa. T\u00e4m\u00e4 tasapainoinen ilmapiiri luo rentouttavan ymp\u00e4rist\u00f6n ja saa mielen l\u00e4hes meditatiiviseen tilaan - selv\u00e4 merkki luonnollisesti saavutetusta hyvinvoinnista.<\/p>\n<p>Saunum Professional Set vapauttaa ilmaan my\u00f6s Himalajan suolasta per\u00e4isin olevia ioneja, jotka vaikuttavat my\u00f6nteisesti hengityselimiin ja ihoon.<\/p>","protected":false},"excerpt":{"rendered":"<p>The Saunum Professional is a powerful combination of the Base air circulation system and the Primary electric sauna heater, installed on the sauna floor. The Saunum Professional series ventilation system operates quietly, distributing steam and heat evenly throughout the sauna space, ensuring effective sweating across the entire body. This balanced atmosphere creates a relaxing environment [&hellip;]<\/p>\n","protected":false},"featured_media":923,"comment_status":"open","ping_status":"closed","template":"","meta":{"_acf_changed":false},"product_brand":[],"product_cat":[38,17],"product_tag":[],"class_list":{"0":"post-840","1":"product","2":"type-product","3":"status-publish","4":"has-post-thumbnail","6":"product_cat-electric-heaters","7":"product_cat-sauna-heaters","8":"product_shipping_class-heavy-packages","9":"tm-has-options","11":"first","12":"instock","13":"taxable","14":"shipping-taxable","15":"purchasable","16":"product-type-variable"},"acf":[],"yoast_head":"<!-- This site is optimized with the Yoast SEO plugin v27.5 - https:\/\/yoast.com\/product\/yoast-seo-wordpress\/ -->\n<title>Saunum Professional - Sauna Air OY<\/title>\n<meta name=\"robots\" content=\"index, follow, max-snippet:-1, max-image-preview:large, max-video-preview:-1\" \/>\n<link rel=\"canonical\" href=\"https:\/\/saunaair.fi\/fi\/saunailta\/saunan-kiukaat-3\/sahkolammittimet\/saunan-ammattilainen\/\" \/>\n<meta property=\"og:locale\" content=\"fi_FI\" \/>\n<meta property=\"og:type\" content=\"article\" \/>\n<meta property=\"og:title\" content=\"Saunum Professional - Sauna Air OY\" \/>\n<meta property=\"og:description\" content=\"The Saunum Professional is a powerful combination of the Base air circulation system and the Primary electric sauna heater, installed on the sauna floor. The Saunum Professional series ventilation system operates quietly, distributing steam and heat evenly throughout the sauna space, ensuring effective sweating across the entire body. This balanced atmosphere creates a relaxing environment [&hellip;]\" \/>\n<meta property=\"og:url\" content=\"https:\/\/saunaair.fi\/fi\/saunailta\/saunan-kiukaat-3\/sahkolammittimet\/saunan-ammattilainen\/\" \/>\n<meta property=\"og:site_name\" content=\"Sauna Air OY\" \/>\n<meta property=\"article:modified_time\" content=\"2024-09-27T06:37:26+00:00\" \/>\n<meta property=\"og:image\" content=\"https:\/\/saunaair.fi\/wp-content\/uploads\/2024\/09\/Saunum-Professional-3_resized_50px.png\" \/>\n\t<meta property=\"og:image:width\" content=\"700\" \/>\n\t<meta property=\"og:image:height\" content=\"700\" \/>\n\t<meta property=\"og:image:type\" content=\"image\/png\" \/>\n<meta name=\"twitter:card\" content=\"summary_large_image\" \/>\n<script type=\"application\/ld+json\" class=\"yoast-schema-graph\">{\"@context\":\"https:\\\/\\\/schema.org\",\"@graph\":[{\"@type\":\"WebPage\",\"@id\":\"https:\\\/\\\/saunaair.fi\\\/saunaair\\\/sauna-heaters\\\/electric-heaters\\\/saunum-professional\\\/\",\"url\":\"https:\\\/\\\/saunaair.fi\\\/saunaair\\\/sauna-heaters\\\/electric-heaters\\\/saunum-professional\\\/\",\"name\":\"Saunum Professional - Sauna Air OY\",\"isPartOf\":{\"@id\":\"https:\\\/\\\/saunaair.fi\\\/#website\"},\"primaryImageOfPage\":{\"@id\":\"https:\\\/\\\/saunaair.fi\\\/saunaair\\\/sauna-heaters\\\/electric-heaters\\\/saunum-professional\\\/#primaryimage\"},\"image\":{\"@id\":\"https:\\\/\\\/saunaair.fi\\\/saunaair\\\/sauna-heaters\\\/electric-heaters\\\/saunum-professional\\\/#primaryimage\"},\"thumbnailUrl\":\"https:\\\/\\\/saunaair.fi\\\/wp-content\\\/uploads\\\/2024\\\/09\\\/Saunum-Professional-3_resized_50px.png\",\"datePublished\":\"2024-09-25T11:45:03+00:00\",\"dateModified\":\"2024-09-27T06:37:26+00:00\",\"breadcrumb\":{\"@id\":\"https:\\\/\\\/saunaair.fi\\\/saunaair\\\/sauna-heaters\\\/electric-heaters\\\/saunum-professional\\\/#breadcrumb\"},\"inLanguage\":\"fi\",\"potentialAction\":[{\"@type\":\"ReadAction\",\"target\":[\"https:\\\/\\\/saunaair.fi\\\/saunaair\\\/sauna-heaters\\\/electric-heaters\\\/saunum-professional\\\/\"]}]},{\"@type\":\"ImageObject\",\"inLanguage\":\"fi\",\"@id\":\"https:\\\/\\\/saunaair.fi\\\/saunaair\\\/sauna-heaters\\\/electric-heaters\\\/saunum-professional\\\/#primaryimage\",\"url\":\"https:\\\/\\\/saunaair.fi\\\/wp-content\\\/uploads\\\/2024\\\/09\\\/Saunum-Professional-3_resized_50px.png\",\"contentUrl\":\"https:\\\/\\\/saunaair.fi\\\/wp-content\\\/uploads\\\/2024\\\/09\\\/Saunum-Professional-3_resized_50px.png\",\"width\":700,\"height\":700},{\"@type\":\"BreadcrumbList\",\"@id\":\"https:\\\/\\\/saunaair.fi\\\/saunaair\\\/sauna-heaters\\\/electric-heaters\\\/saunum-professional\\\/#breadcrumb\",\"itemListElement\":[{\"@type\":\"ListItem\",\"position\":1,\"name\":\"Home\",\"item\":\"https:\\\/\\\/saunaair.fi\\\/fi\\\/\"},{\"@type\":\"ListItem\",\"position\":2,\"name\":\"Shop\",\"item\":\"https:\\\/\\\/saunaair.fi\\\/shop\\\/\"},{\"@type\":\"ListItem\",\"position\":3,\"name\":\"Saunum Professional\"}]},{\"@type\":\"WebSite\",\"@id\":\"https:\\\/\\\/saunaair.fi\\\/#website\",\"url\":\"https:\\\/\\\/saunaair.fi\\\/\",\"name\":\"Sauna Air\",\"description\":\"Saunas and sauna heaters for ultimate sauna experience.\",\"publisher\":{\"@id\":\"https:\\\/\\\/saunaair.fi\\\/#organization\"},\"potentialAction\":[{\"@type\":\"SearchAction\",\"target\":{\"@type\":\"EntryPoint\",\"urlTemplate\":\"https:\\\/\\\/saunaair.fi\\\/?s={search_term_string}\"},\"query-input\":{\"@type\":\"PropertyValueSpecification\",\"valueRequired\":true,\"valueName\":\"search_term_string\"}}],\"inLanguage\":\"fi\"},{\"@type\":\"Organization\",\"@id\":\"https:\\\/\\\/saunaair.fi\\\/#organization\",\"name\":\"Sauna Air\",\"url\":\"https:\\\/\\\/saunaair.fi\\\/\",\"logo\":{\"@type\":\"ImageObject\",\"inLanguage\":\"fi\",\"@id\":\"https:\\\/\\\/saunaair.fi\\\/#\\\/schema\\\/logo\\\/image\\\/\",\"url\":\"https:\\\/\\\/saunaair.fi\\\/wp-content\\\/uploads\\\/2024\\\/06\\\/sauna-air-high-resolution-logo-white-transparent-e1708376490154.png\",\"contentUrl\":\"https:\\\/\\\/saunaair.fi\\\/wp-content\\\/uploads\\\/2024\\\/06\\\/sauna-air-high-resolution-logo-white-transparent-e1708376490154.png\",\"width\":280,\"height\":78,\"caption\":\"Sauna Air\"},\"image\":{\"@id\":\"https:\\\/\\\/saunaair.fi\\\/#\\\/schema\\\/logo\\\/image\\\/\"}}]}<\/script>\n<!-- \/ Yoast SEO plugin. -->","yoast_head_json":{"title":"Saunum Professional - Sauna Air OY","robots":{"index":"index","follow":"follow","max-snippet":"max-snippet:-1","max-image-preview":"max-image-preview:large","max-video-preview":"max-video-preview:-1"},"canonical":"https:\/\/saunaair.fi\/fi\/saunailta\/saunan-kiukaat-3\/sahkolammittimet\/saunan-ammattilainen\/","og_locale":"fi_FI","og_type":"article","og_title":"Saunum Professional - Sauna Air OY","og_description":"The Saunum Professional is a powerful combination of the Base air circulation system and the Primary electric sauna heater, installed on the sauna floor. The Saunum Professional series ventilation system operates quietly, distributing steam and heat evenly throughout the sauna space, ensuring effective sweating across the entire body. This balanced atmosphere creates a relaxing environment [&hellip;]","og_url":"https:\/\/saunaair.fi\/fi\/saunailta\/saunan-kiukaat-3\/sahkolammittimet\/saunan-ammattilainen\/","og_site_name":"Sauna Air OY","article_modified_time":"2024-09-27T06:37:26+00:00","og_image":[{"width":700,"height":700,"url":"https:\/\/saunaair.fi\/wp-content\/uploads\/2024\/09\/Saunum-Professional-3_resized_50px.png","type":"image\/png"}],"twitter_card":"summary_large_image","schema":{"@context":"https:\/\/schema.org","@graph":[{"@type":"WebPage","@id":"https:\/\/saunaair.fi\/saunaair\/sauna-heaters\/electric-heaters\/saunum-professional\/","url":"https:\/\/saunaair.fi\/saunaair\/sauna-heaters\/electric-heaters\/saunum-professional\/","name":"Saunum Professional - Sauna Air OY","isPartOf":{"@id":"https:\/\/saunaair.fi\/#website"},"primaryImageOfPage":{"@id":"https:\/\/saunaair.fi\/saunaair\/sauna-heaters\/electric-heaters\/saunum-professional\/#primaryimage"},"image":{"@id":"https:\/\/saunaair.fi\/saunaair\/sauna-heaters\/electric-heaters\/saunum-professional\/#primaryimage"},"thumbnailUrl":"https:\/\/saunaair.fi\/wp-content\/uploads\/2024\/09\/Saunum-Professional-3_resized_50px.png","datePublished":"2024-09-25T11:45:03+00:00","dateModified":"2024-09-27T06:37:26+00:00","breadcrumb":{"@id":"https:\/\/saunaair.fi\/saunaair\/sauna-heaters\/electric-heaters\/saunum-professional\/#breadcrumb"},"inLanguage":"fi","potentialAction":[{"@type":"ReadAction","target":["https:\/\/saunaair.fi\/saunaair\/sauna-heaters\/electric-heaters\/saunum-professional\/"]}]},{"@type":"ImageObject","inLanguage":"fi","@id":"https:\/\/saunaair.fi\/saunaair\/sauna-heaters\/electric-heaters\/saunum-professional\/#primaryimage","url":"https:\/\/saunaair.fi\/wp-content\/uploads\/2024\/09\/Saunum-Professional-3_resized_50px.png","contentUrl":"https:\/\/saunaair.fi\/wp-content\/uploads\/2024\/09\/Saunum-Professional-3_resized_50px.png","width":700,"height":700},{"@type":"BreadcrumbList","@id":"https:\/\/saunaair.fi\/saunaair\/sauna-heaters\/electric-heaters\/saunum-professional\/#breadcrumb","itemListElement":[{"@type":"ListItem","position":1,"name":"Home","item":"https:\/\/saunaair.fi\/fi\/"},{"@type":"ListItem","position":2,"name":"Shop","item":"https:\/\/saunaair.fi\/shop\/"},{"@type":"ListItem","position":3,"name":"Saunum Professional"}]},{"@type":"WebSite","@id":"https:\/\/saunaair.fi\/#website","url":"https:\/\/saunaair.fi\/","name":"Sauna Air","description":"Saunat ja kiukaat t\u00e4ydellist\u00e4 saunomista varten.","publisher":{"@id":"https:\/\/saunaair.fi\/#organization"},"potentialAction":[{"@type":"SearchAction","target":{"@type":"EntryPoint","urlTemplate":"https:\/\/saunaair.fi\/?s={search_term_string}"},"query-input":{"@type":"PropertyValueSpecification","valueRequired":true,"valueName":"search_term_string"}}],"inLanguage":"fi"},{"@type":"Organization","@id":"https:\/\/saunaair.fi\/#organization","name":"Sauna Air","url":"https:\/\/saunaair.fi\/","logo":{"@type":"ImageObject","inLanguage":"fi","@id":"https:\/\/saunaair.fi\/#\/schema\/logo\/image\/","url":"https:\/\/saunaair.fi\/wp-content\/uploads\/2024\/06\/sauna-air-high-resolution-logo-white-transparent-e1708376490154.png","contentUrl":"https:\/\/saunaair.fi\/wp-content\/uploads\/2024\/06\/sauna-air-high-resolution-logo-white-transparent-e1708376490154.png","width":280,"height":78,"caption":"Sauna Air"},"image":{"@id":"https:\/\/saunaair.fi\/#\/schema\/logo\/image\/"}}]}},"_links":{"self":[{"href":"https:\/\/saunaair.fi\/fi\/wp-json\/wp\/v2\/product\/840","targetHints":{"allow":["GET"]}}],"collection":[{"href":"https:\/\/saunaair.fi\/fi\/wp-json\/wp\/v2\/product"}],"about":[{"href":"https:\/\/saunaair.fi\/fi\/wp-json\/wp\/v2\/types\/product"}],"replies":[{"embeddable":true,"href":"https:\/\/saunaair.fi\/fi\/wp-json\/wp\/v2\/comments?post=840"}],"wp:featuredmedia":[{"embeddable":true,"href":"https:\/\/saunaair.fi\/fi\/wp-json\/wp\/v2\/media\/923"}],"wp:attachment":[{"href":"https:\/\/saunaair.fi\/fi\/wp-json\/wp\/v2\/media?parent=840"}],"wp:term":[{"taxonomy":"product_brand","embeddable":true,"href":"https:\/\/saunaair.fi\/fi\/wp-json\/wp\/v2\/product_brand?post=840"},{"taxonomy":"product_cat","embeddable":true,"href":"https:\/\/saunaair.fi\/fi\/wp-json\/wp\/v2\/product_cat?post=840"},{"taxonomy":"product_tag","embeddable":true,"href":"https:\/\/saunaair.fi\/fi\/wp-json\/wp\/v2\/product_tag?post=840"}],"curies":[{"name":"wp","href":"https:\/\/api.w.org\/{rel}","templated":true}]}}