{"id":1042,"date":"2024-09-27T10:47:54","date_gmt":"2024-09-27T10:47:54","guid":{"rendered":"https:\/\/saunaair.fi\/?post_type=product&#038;p=1042"},"modified":"2024-11-11T12:18:19","modified_gmt":"2024-11-11T12:18:19","slug":"saunum-leil-paikallinen","status":"publish","type":"product","link":"https:\/\/saunaair.fi\/fi\/saunaair\/additional-equipment\/saunum-leil-local\/","title":{"rendered":"Saunum leil Paikallinen"},"content":{"rendered":"<p>SAUNUM LEIL -ohjausyksik\u00f6n avulla voit helposti ja k\u00e4tev\u00e4sti ohjata Saunumin s\u00e4hk\u00f6kiuasta ilmanvaihtoj\u00e4rjestelm\u00e4ll\u00e4. Kolmen esiasetetun saunatilan avulla voit l\u00e4mmitt\u00e4\u00e4 saunan ja nauttia henkil\u00f6kohtaisesta kylpyl\u00e4st\u00e4si vain muutamalla n\u00e4yt\u00f6n painalluksella. Lis\u00e4ksi Saunum Leil on itseoppiva laite, joka optimoi l\u00e4mmitysajat saunan tietojen perusteella. T\u00e4m\u00e4 parantaa saunakokemusta ja saattaa v\u00e4hent\u00e4\u00e4 energiankulutusta.<\/p>","protected":false},"excerpt":{"rendered":"<p>With the SAUNUM LEIL control unit, you can easily and conveniently control the Saunum electric sauna heater with the ventilation system. Using three pre-set sauna modes, you can heat the sauna and enjoy your personal spa with just a few touches on the display. Additionally, Saunum Leil is a self-learning device that optimizes heating times [&hellip;]<\/p>\n","protected":false},"featured_media":1038,"comment_status":"open","ping_status":"closed","template":"","meta":{"_acf_changed":false},"product_brand":[],"product_cat":[18],"product_tag":[],"class_list":{"0":"post-1042","1":"product","2":"type-product","3":"status-publish","4":"has-post-thumbnail","6":"product_cat-additional-equipment","7":"product_shipping_class-suitable-for-parcel-machine","8":"tm-no-options","10":"first","11":"instock","12":"taxable","13":"shipping-taxable","14":"purchasable","15":"product-type-simple"},"acf":[],"yoast_head":"<!-- This site is optimized with the Yoast SEO plugin v27.5 - https:\/\/yoast.com\/product\/yoast-seo-wordpress\/ -->\n<title>Saunum leil Local - Sauna Air OY<\/title>\n<meta name=\"robots\" content=\"index, follow, max-snippet:-1, max-image-preview:large, max-video-preview:-1\" \/>\n<link rel=\"canonical\" href=\"https:\/\/saunaair.fi\/fi\/saunailta\/lisalaitteet\/saunum-leil-paikallinen\/\" \/>\n<meta property=\"og:locale\" content=\"fi_FI\" \/>\n<meta property=\"og:type\" content=\"article\" \/>\n<meta property=\"og:title\" content=\"Saunum leil Local - Sauna Air OY\" \/>\n<meta property=\"og:description\" content=\"With the SAUNUM LEIL control unit, you can easily and conveniently control the Saunum electric sauna heater with the ventilation system. Using three pre-set sauna modes, you can heat the sauna and enjoy your personal spa with just a few touches on the display. Additionally, Saunum Leil is a self-learning device that optimizes heating times [&hellip;]\" \/>\n<meta property=\"og:url\" content=\"https:\/\/saunaair.fi\/fi\/saunailta\/lisalaitteet\/saunum-leil-paikallinen\/\" \/>\n<meta property=\"og:site_name\" content=\"Sauna Air OY\" \/>\n<meta property=\"article:modified_time\" content=\"2024-11-11T12:18:19+00:00\" \/>\n<meta property=\"og:image\" content=\"https:\/\/saunaair.fi\/wp-content\/uploads\/2024\/09\/Leil-1_700x700.png\" \/>\n\t<meta property=\"og:image:width\" content=\"574\" \/>\n\t<meta property=\"og:image:height\" content=\"574\" \/>\n\t<meta property=\"og:image:type\" content=\"image\/png\" \/>\n<meta name=\"twitter:card\" content=\"summary_large_image\" \/>\n<script type=\"application\/ld+json\" class=\"yoast-schema-graph\">{\"@context\":\"https:\\\/\\\/schema.org\",\"@graph\":[{\"@type\":\"WebPage\",\"@id\":\"https:\\\/\\\/saunaair.fi\\\/saunaair\\\/additional-equipment\\\/saunum-leil-local\\\/\",\"url\":\"https:\\\/\\\/saunaair.fi\\\/saunaair\\\/additional-equipment\\\/saunum-leil-local\\\/\",\"name\":\"Saunum leil Local - Sauna Air OY\",\"isPartOf\":{\"@id\":\"https:\\\/\\\/saunaair.fi\\\/#website\"},\"primaryImageOfPage\":{\"@id\":\"https:\\\/\\\/saunaair.fi\\\/saunaair\\\/additional-equipment\\\/saunum-leil-local\\\/#primaryimage\"},\"image\":{\"@id\":\"https:\\\/\\\/saunaair.fi\\\/saunaair\\\/additional-equipment\\\/saunum-leil-local\\\/#primaryimage\"},\"thumbnailUrl\":\"https:\\\/\\\/saunaair.fi\\\/wp-content\\\/uploads\\\/2024\\\/09\\\/Leil-1_700x700.png\",\"datePublished\":\"2024-09-27T10:47:54+00:00\",\"dateModified\":\"2024-11-11T12:18:19+00:00\",\"breadcrumb\":{\"@id\":\"https:\\\/\\\/saunaair.fi\\\/saunaair\\\/additional-equipment\\\/saunum-leil-local\\\/#breadcrumb\"},\"inLanguage\":\"fi\",\"potentialAction\":[{\"@type\":\"ReadAction\",\"target\":[\"https:\\\/\\\/saunaair.fi\\\/saunaair\\\/additional-equipment\\\/saunum-leil-local\\\/\"]}]},{\"@type\":\"ImageObject\",\"inLanguage\":\"fi\",\"@id\":\"https:\\\/\\\/saunaair.fi\\\/saunaair\\\/additional-equipment\\\/saunum-leil-local\\\/#primaryimage\",\"url\":\"https:\\\/\\\/saunaair.fi\\\/wp-content\\\/uploads\\\/2024\\\/09\\\/Leil-1_700x700.png\",\"contentUrl\":\"https:\\\/\\\/saunaair.fi\\\/wp-content\\\/uploads\\\/2024\\\/09\\\/Leil-1_700x700.png\",\"width\":574,\"height\":574},{\"@type\":\"BreadcrumbList\",\"@id\":\"https:\\\/\\\/saunaair.fi\\\/saunaair\\\/additional-equipment\\\/saunum-leil-local\\\/#breadcrumb\",\"itemListElement\":[{\"@type\":\"ListItem\",\"position\":1,\"name\":\"Home\",\"item\":\"https:\\\/\\\/saunaair.fi\\\/fi\\\/\"},{\"@type\":\"ListItem\",\"position\":2,\"name\":\"Shop\",\"item\":\"https:\\\/\\\/saunaair.fi\\\/shop\\\/\"},{\"@type\":\"ListItem\",\"position\":3,\"name\":\"Saunum leil Local\"}]},{\"@type\":\"WebSite\",\"@id\":\"https:\\\/\\\/saunaair.fi\\\/#website\",\"url\":\"https:\\\/\\\/saunaair.fi\\\/\",\"name\":\"Sauna Air\",\"description\":\"Saunas and sauna heaters for ultimate sauna experience.\",\"publisher\":{\"@id\":\"https:\\\/\\\/saunaair.fi\\\/#organization\"},\"potentialAction\":[{\"@type\":\"SearchAction\",\"target\":{\"@type\":\"EntryPoint\",\"urlTemplate\":\"https:\\\/\\\/saunaair.fi\\\/?s={search_term_string}\"},\"query-input\":{\"@type\":\"PropertyValueSpecification\",\"valueRequired\":true,\"valueName\":\"search_term_string\"}}],\"inLanguage\":\"fi\"},{\"@type\":\"Organization\",\"@id\":\"https:\\\/\\\/saunaair.fi\\\/#organization\",\"name\":\"Sauna Air\",\"url\":\"https:\\\/\\\/saunaair.fi\\\/\",\"logo\":{\"@type\":\"ImageObject\",\"inLanguage\":\"fi\",\"@id\":\"https:\\\/\\\/saunaair.fi\\\/#\\\/schema\\\/logo\\\/image\\\/\",\"url\":\"https:\\\/\\\/saunaair.fi\\\/wp-content\\\/uploads\\\/2024\\\/06\\\/sauna-air-high-resolution-logo-white-transparent-e1708376490154.png\",\"contentUrl\":\"https:\\\/\\\/saunaair.fi\\\/wp-content\\\/uploads\\\/2024\\\/06\\\/sauna-air-high-resolution-logo-white-transparent-e1708376490154.png\",\"width\":280,\"height\":78,\"caption\":\"Sauna Air\"},\"image\":{\"@id\":\"https:\\\/\\\/saunaair.fi\\\/#\\\/schema\\\/logo\\\/image\\\/\"}}]}<\/script>\n<!-- \/ Yoast SEO plugin. -->","yoast_head_json":{"title":"Saunum leil Paikallinen - Sauna Air OY","robots":{"index":"index","follow":"follow","max-snippet":"max-snippet:-1","max-image-preview":"max-image-preview:large","max-video-preview":"max-video-preview:-1"},"canonical":"https:\/\/saunaair.fi\/fi\/saunailta\/lisalaitteet\/saunum-leil-paikallinen\/","og_locale":"fi_FI","og_type":"article","og_title":"Saunum leil Local - Sauna Air OY","og_description":"With the SAUNUM LEIL control unit, you can easily and conveniently control the Saunum electric sauna heater with the ventilation system. Using three pre-set sauna modes, you can heat the sauna and enjoy your personal spa with just a few touches on the display. Additionally, Saunum Leil is a self-learning device that optimizes heating times [&hellip;]","og_url":"https:\/\/saunaair.fi\/fi\/saunailta\/lisalaitteet\/saunum-leil-paikallinen\/","og_site_name":"Sauna Air OY","article_modified_time":"2024-11-11T12:18:19+00:00","og_image":[{"width":574,"height":574,"url":"https:\/\/saunaair.fi\/wp-content\/uploads\/2024\/09\/Leil-1_700x700.png","type":"image\/png"}],"twitter_card":"summary_large_image","schema":{"@context":"https:\/\/schema.org","@graph":[{"@type":"WebPage","@id":"https:\/\/saunaair.fi\/saunaair\/additional-equipment\/saunum-leil-local\/","url":"https:\/\/saunaair.fi\/saunaair\/additional-equipment\/saunum-leil-local\/","name":"Saunum leil Paikallinen - Sauna Air OY","isPartOf":{"@id":"https:\/\/saunaair.fi\/#website"},"primaryImageOfPage":{"@id":"https:\/\/saunaair.fi\/saunaair\/additional-equipment\/saunum-leil-local\/#primaryimage"},"image":{"@id":"https:\/\/saunaair.fi\/saunaair\/additional-equipment\/saunum-leil-local\/#primaryimage"},"thumbnailUrl":"https:\/\/saunaair.fi\/wp-content\/uploads\/2024\/09\/Leil-1_700x700.png","datePublished":"2024-09-27T10:47:54+00:00","dateModified":"2024-11-11T12:18:19+00:00","breadcrumb":{"@id":"https:\/\/saunaair.fi\/saunaair\/additional-equipment\/saunum-leil-local\/#breadcrumb"},"inLanguage":"fi","potentialAction":[{"@type":"ReadAction","target":["https:\/\/saunaair.fi\/saunaair\/additional-equipment\/saunum-leil-local\/"]}]},{"@type":"ImageObject","inLanguage":"fi","@id":"https:\/\/saunaair.fi\/saunaair\/additional-equipment\/saunum-leil-local\/#primaryimage","url":"https:\/\/saunaair.fi\/wp-content\/uploads\/2024\/09\/Leil-1_700x700.png","contentUrl":"https:\/\/saunaair.fi\/wp-content\/uploads\/2024\/09\/Leil-1_700x700.png","width":574,"height":574},{"@type":"BreadcrumbList","@id":"https:\/\/saunaair.fi\/saunaair\/additional-equipment\/saunum-leil-local\/#breadcrumb","itemListElement":[{"@type":"ListItem","position":1,"name":"Home","item":"https:\/\/saunaair.fi\/fi\/"},{"@type":"ListItem","position":2,"name":"Shop","item":"https:\/\/saunaair.fi\/shop\/"},{"@type":"ListItem","position":3,"name":"Saunum leil Local"}]},{"@type":"WebSite","@id":"https:\/\/saunaair.fi\/#website","url":"https:\/\/saunaair.fi\/","name":"Sauna Air","description":"Saunat ja kiukaat t\u00e4ydellist\u00e4 saunomista varten.","publisher":{"@id":"https:\/\/saunaair.fi\/#organization"},"potentialAction":[{"@type":"SearchAction","target":{"@type":"EntryPoint","urlTemplate":"https:\/\/saunaair.fi\/?s={search_term_string}"},"query-input":{"@type":"PropertyValueSpecification","valueRequired":true,"valueName":"search_term_string"}}],"inLanguage":"fi"},{"@type":"Organization","@id":"https:\/\/saunaair.fi\/#organization","name":"Sauna Air","url":"https:\/\/saunaair.fi\/","logo":{"@type":"ImageObject","inLanguage":"fi","@id":"https:\/\/saunaair.fi\/#\/schema\/logo\/image\/","url":"https:\/\/saunaair.fi\/wp-content\/uploads\/2024\/06\/sauna-air-high-resolution-logo-white-transparent-e1708376490154.png","contentUrl":"https:\/\/saunaair.fi\/wp-content\/uploads\/2024\/06\/sauna-air-high-resolution-logo-white-transparent-e1708376490154.png","width":280,"height":78,"caption":"Sauna Air"},"image":{"@id":"https:\/\/saunaair.fi\/#\/schema\/logo\/image\/"}}]}},"_links":{"self":[{"href":"https:\/\/saunaair.fi\/fi\/wp-json\/wp\/v2\/product\/1042","targetHints":{"allow":["GET"]}}],"collection":[{"href":"https:\/\/saunaair.fi\/fi\/wp-json\/wp\/v2\/product"}],"about":[{"href":"https:\/\/saunaair.fi\/fi\/wp-json\/wp\/v2\/types\/product"}],"replies":[{"embeddable":true,"href":"https:\/\/saunaair.fi\/fi\/wp-json\/wp\/v2\/comments?post=1042"}],"wp:featuredmedia":[{"embeddable":true,"href":"https:\/\/saunaair.fi\/fi\/wp-json\/wp\/v2\/media\/1038"}],"wp:attachment":[{"href":"https:\/\/saunaair.fi\/fi\/wp-json\/wp\/v2\/media?parent=1042"}],"wp:term":[{"taxonomy":"product_brand","embeddable":true,"href":"https:\/\/saunaair.fi\/fi\/wp-json\/wp\/v2\/product_brand?post=1042"},{"taxonomy":"product_cat","embeddable":true,"href":"https:\/\/saunaair.fi\/fi\/wp-json\/wp\/v2\/product_cat?post=1042"},{"taxonomy":"product_tag","embeddable":true,"href":"https:\/\/saunaair.fi\/fi\/wp-json\/wp\/v2\/product_tag?post=1042"}],"curies":[{"name":"wp","href":"https:\/\/api.w.org\/{rel}","templated":true}]}}