{"id":1081,"date":"2024-09-30T08:04:53","date_gmt":"2024-09-30T08:04:53","guid":{"rendered":"https:\/\/saunaair.fi\/?page_id=1081"},"modified":"2024-09-30T08:23:26","modified_gmt":"2024-09-30T08:23:26","slug":"tietosuojakaytanto-2","status":"publish","type":"page","link":"https:\/\/saunaair.fi\/fi\/privacy-policy\/","title":{"rendered":"Tietosuojak\u00e4yt\u00e4nt\u00f6"},"content":{"rendered":"<div data-elementor-type=\"wp-page\" data-elementor-id=\"1081\" class=\"elementor elementor-1081\" data-elementor-post-type=\"page\">\n\t\t\t\t<div class=\"elementor-element elementor-element-0fd8eef e-flex e-con-boxed e-con e-parent\" data-id=\"0fd8eef\" data-element_type=\"container\" data-e-type=\"container\" data-settings=\"{&quot;background_background&quot;:&quot;classic&quot;}\">\n\t\t\t\t\t<div class=\"e-con-inner\">\n\t\t\t\t\t<\/div>\n\t\t\t\t<\/div>\n\t\t<div class=\"elementor-element elementor-element-aa8705e e-flex e-con-boxed e-con e-parent\" data-id=\"aa8705e\" data-element_type=\"container\" data-e-type=\"container\">\n\t\t\t\t\t<div class=\"e-con-inner\">\n\t\t<div class=\"elementor-element elementor-element-ba6d5a8 e-flex e-con-boxed e-con e-child\" data-id=\"ba6d5a8\" data-element_type=\"container\" data-e-type=\"container\">\n\t\t\t\t\t<div class=\"e-con-inner\">\n\t\t\t\t<div class=\"elementor-element elementor-element-4d4956b elementor-widget elementor-widget-heading\" data-id=\"4d4956b\" data-element_type=\"widget\" data-e-type=\"widget\" data-widget_type=\"heading.default\">\n\t\t\t\t<div class=\"elementor-widget-container\">\n\t\t\t\t\t<h2 class=\"elementor-heading-title elementor-size-default\">Tietosuojak\u00e4yt\u00e4nt\u00f6<\/h2>\t\t\t\t<\/div>\n\t\t\t\t<\/div>\n\t\t\t\t<div class=\"elementor-element elementor-element-99c994d elementor-widget elementor-widget-text-editor\" data-id=\"99c994d\" data-element_type=\"widget\" data-e-type=\"widget\" data-widget_type=\"text-editor.default\">\n\t\t\t\t<div class=\"elementor-widget-container\">\n\t\t\t\t\t\t\t\t\t<p><strong>Rekisterinpit\u00e4j\u00e4<\/strong><br \/>Sauna Air OY<br \/>Y-tunnus: 3220336-3<br \/>Petikontie 3<br \/>01720 Vantaa<br \/>S\u00e4hk\u00f6posti: <a rel=\"noopener\">myynti@saunum.fi<\/a><\/p>\t\t\t\t\t\t\t\t<\/div>\n\t\t\t\t<\/div>\n\t\t\t\t<div class=\"elementor-element elementor-element-e515208 elementor-widget elementor-widget-heading\" data-id=\"e515208\" data-element_type=\"widget\" data-e-type=\"widget\" data-widget_type=\"heading.default\">\n\t\t\t\t<div class=\"elementor-widget-container\">\n\t\t\t\t\t<h2 class=\"elementor-heading-title elementor-size-default\">Mit\u00e4 tietoja ker\u00e4t\u00e4\u00e4n?<\/h2>\t\t\t\t<\/div>\n\t\t\t\t<\/div>\n\t\t\t\t<div class=\"elementor-element elementor-element-cec164c elementor-widget elementor-widget-text-editor\" data-id=\"cec164c\" data-element_type=\"widget\" data-e-type=\"widget\" data-widget_type=\"text-editor.default\">\n\t\t\t\t<div class=\"elementor-widget-container\">\n\t\t\t\t\t\t\t\t\t<p>Asiakasrekisteriin tallennetaan seuraavat tiedot asiakkaista:<\/p><p><strong>Henkil\u00f6kohtaiset tiedot:<\/strong> Etunimi, sukunimi, katuosoite, postinumero, kaupunki, maa, s\u00e4hk\u00f6postiosoite, puhelinnumero, vuorovaikutuksessa k\u00e4ytetty kieli ja maksutapahtumissa k\u00e4ytetty valuutta.<\/p><p><strong>Yritysasiakkaat:<\/strong> Henkil\u00f6tietojen lis\u00e4ksi tallennetaan yrityksen nimi, Y-tunnus ja verotunniste.<\/p><p>Lis\u00e4ksi verkkokaupan tilaustiedot sis\u00e4lt\u00e4v\u00e4t asiakkaan tilauksen yhteydess\u00e4 antamat tiedot, kuten tilauksen sis\u00e4ll\u00f6n, maksutavan ja toimitustavan.<\/p>\t\t\t\t\t\t\t\t<\/div>\n\t\t\t\t<\/div>\n\t\t\t\t<div class=\"elementor-element elementor-element-1cebd0e elementor-widget elementor-widget-heading\" data-id=\"1cebd0e\" data-element_type=\"widget\" data-e-type=\"widget\" data-widget_type=\"heading.default\">\n\t\t\t\t<div class=\"elementor-widget-container\">\n\t\t\t\t\t<h2 class=\"elementor-heading-title elementor-size-default\">Mit\u00e4 tietoja ker\u00e4t\u00e4\u00e4n?<\/h2>\t\t\t\t<\/div>\n\t\t\t\t<\/div>\n\t\t\t\t<div class=\"elementor-element elementor-element-379938b elementor-widget elementor-widget-text-editor\" data-id=\"379938b\" data-element_type=\"widget\" data-e-type=\"widget\" data-widget_type=\"text-editor.default\">\n\t\t\t\t<div class=\"elementor-widget-container\">\n\t\t\t\t\t\t\t\t\t<p>Henkil\u00f6tietoja k\u00e4ytet\u00e4\u00e4n seuraaviin tarkoituksiin:<\/p><ul><li><strong>Asiakassuhteiden hallinta<\/strong><\/li><li><strong>Tilausten k\u00e4sittely ja k\u00e4sittely:<\/strong> Mukaan lukien toimitus, k\u00e4sittely ja arkistointi.<\/li><li><strong>Tilastolliset tarkoitukset<\/strong><\/li><li><strong>Markkinointitarkoitukset<\/strong><\/li><\/ul><p><br \/>Henkil\u00f6tietojen k\u00e4sittelyn oikeusperusteena on sopimus, suostumus tai oikeutettu etu.<\/p><p>Henkil\u00f6tietojen k\u00e4sittelyss\u00e4 noudatetaan 25. toukokuuta 2018 voimaan tulleen EU:n yleisen tietosuoja-asetuksen (GDPR) vaatimuksia.<\/p>\t\t\t\t\t\t\t\t<\/div>\n\t\t\t\t<\/div>\n\t\t\t\t<div class=\"elementor-element elementor-element-f249261 elementor-widget elementor-widget-heading\" data-id=\"f249261\" data-element_type=\"widget\" data-e-type=\"widget\" data-widget_type=\"heading.default\">\n\t\t\t\t<div class=\"elementor-widget-container\">\n\t\t\t\t\t<h2 class=\"elementor-heading-title elementor-size-default\">Kuinka kauan henkil\u00f6tietoja s\u00e4ilytet\u00e4\u00e4n?<\/h2>\t\t\t\t<\/div>\n\t\t\t\t<\/div>\n\t\t\t\t<div class=\"elementor-element elementor-element-bb2f78d elementor-widget elementor-widget-text-editor\" data-id=\"bb2f78d\" data-element_type=\"widget\" data-e-type=\"widget\" data-widget_type=\"text-editor.default\">\n\t\t\t\t<div class=\"elementor-widget-container\">\n\t\t\t\t\t\t\t\t\t<p>Henkil\u00f6tietoja s\u00e4ilytet\u00e4\u00e4n vain niin kauan kuin se on tarpeen rekisterin k\u00e4ytt\u00f6tarkoitusten t\u00e4ytt\u00e4miseksi.<\/p><p>Lis\u00e4ksi joitakin tietoja voidaan s\u00e4ilytt\u00e4\u00e4 pidemp\u00e4\u00e4n lakis\u00e4\u00e4teisten velvoitteiden, kuten kirjanpidon ja kuluttajatapahtumiin liittyvien vastuiden, noudattamiseksi.<\/p>\t\t\t\t\t\t\t\t<\/div>\n\t\t\t\t<\/div>\n\t\t\t\t<div class=\"elementor-element elementor-element-2bf0731 elementor-widget elementor-widget-heading\" data-id=\"2bf0731\" data-element_type=\"widget\" data-e-type=\"widget\" data-widget_type=\"heading.default\">\n\t\t\t\t<div class=\"elementor-widget-container\">\n\t\t\t\t\t<h2 class=\"elementor-heading-title elementor-size-default\">Tietojen luovuttaminen kolmansille osapuolille<\/h2>\t\t\t\t<\/div>\n\t\t\t\t<\/div>\n\t\t\t\t<div class=\"elementor-element elementor-element-24164ca elementor-widget elementor-widget-text-editor\" data-id=\"24164ca\" data-element_type=\"widget\" data-e-type=\"widget\" data-widget_type=\"text-editor.default\">\n\t\t\t\t<div class=\"elementor-widget-container\">\n\t\t\t\t\t\t\t\t\t<p>Verkkokaupan toiminnan mahdollistamiseksi henkil\u00f6tietoja luovutetaan logistiikka- ja maksupalvelukumppaneille.<\/p>\t\t\t\t\t\t\t\t<\/div>\n\t\t\t\t<\/div>\n\t\t\t\t<div class=\"elementor-element elementor-element-fd2a217 elementor-widget elementor-widget-heading\" data-id=\"fd2a217\" data-element_type=\"widget\" data-e-type=\"widget\" data-widget_type=\"heading.default\">\n\t\t\t\t<div class=\"elementor-widget-container\">\n\t\t\t\t\t<h2 class=\"elementor-heading-title elementor-size-default\">Asiakkaan oikeudet<\/h2>\t\t\t\t<\/div>\n\t\t\t\t<\/div>\n\t\t\t\t<div class=\"elementor-element elementor-element-44ab531 elementor-widget elementor-widget-text-editor\" data-id=\"44ab531\" data-element_type=\"widget\" data-e-type=\"widget\" data-widget_type=\"text-editor.default\">\n\t\t\t\t<div class=\"elementor-widget-container\">\n\t\t\t\t\t\t\t\t\t<p>Asiakkaana sinulla on seuraavat oikeudet:<\/p><ul><li><strong>Oikeus tutustua tietoihin:<\/strong> Voit pyyt\u00e4\u00e4, ett\u00e4 voit tarkastella hallussamme olevia sinua koskevia tietoja.<\/li><li><strong>Oikeus oikaista tietosi:<\/strong> Voit pyyt\u00e4\u00e4 oikaisua ep\u00e4tarkkoihin tai puutteellisiin tietoihin.<\/li><li><strong>Oikeus peruuttaa suostumus:<\/strong> Voit peruuttaa suostumuksesi tietojen k\u00e4sittelyyn milloin tahansa.<\/li><li><strong>Oikeus pyyt\u00e4\u00e4 tietojen poistamista:<\/strong> Voit pyyt\u00e4\u00e4 henkil\u00f6tietojesi poistamista.<\/li><\/ul><p>N\u00e4iden oikeuksien k\u00e4ytt\u00e4miseksi tai henkil\u00f6tietojasi koskevissa tiedusteluissa ota yhteytt\u00e4 osoitteeseen asiakaspalvelu@saunaair.fi.<\/p><p><strong>Voimassa alkaen:<\/strong> 30.09.2024<\/p>\t\t\t\t\t\t\t\t<\/div>\n\t\t\t\t<\/div>\n\t\t\t\t\t<\/div>\n\t\t\t\t<\/div>\n\t\t\t\t\t<\/div>\n\t\t\t\t<\/div>\n\t\t\t\t<\/div>","protected":false},"excerpt":{"rendered":"<p>Privacy Policy Data ControllerSauna Air OYBusiness ID: 3220336-3Petikontie 301720 VantaaEmail: myynti@saunum.fi What Information Is Collected? The customer register stores the following information about customers: Personal Information: First name, last name, street address, postal code, city, country, email address, phone number, language used during interactions, and currency used during transactions. Business Customers: In addition to the [&hellip;]<\/p>\n","protected":false},"author":1,"featured_media":0,"parent":0,"menu_order":0,"comment_status":"closed","ping_status":"closed","template":"","meta":{"_acf_changed":false,"footnotes":""},"class_list":["post-1081","page","type-page","status-publish","hentry"],"acf":[],"yoast_head":"<!-- This site is optimized with the Yoast SEO plugin v27.5 - https:\/\/yoast.com\/product\/yoast-seo-wordpress\/ -->\n<title>Privacy policy - Sauna Air OY<\/title>\n<meta name=\"robots\" content=\"index, follow, max-snippet:-1, max-image-preview:large, max-video-preview:-1\" \/>\n<link rel=\"canonical\" href=\"https:\/\/saunaair.fi\/fi\/tietosuojakaytanto-2\/\" \/>\n<meta property=\"og:locale\" content=\"fi_FI\" \/>\n<meta property=\"og:type\" content=\"article\" \/>\n<meta property=\"og:title\" content=\"Privacy policy - Sauna Air OY\" \/>\n<meta property=\"og:description\" content=\"Privacy Policy Data ControllerSauna Air OYBusiness ID: 3220336-3Petikontie 301720 VantaaEmail: myynti@saunum.fi What Information Is Collected? The customer register stores the following information about customers: Personal Information: First name, last name, street address, postal code, city, country, email address, phone number, language used during interactions, and currency used during transactions. Business Customers: In addition to the [&hellip;]\" \/>\n<meta property=\"og:url\" content=\"https:\/\/saunaair.fi\/fi\/tietosuojakaytanto-2\/\" \/>\n<meta property=\"og:site_name\" content=\"Sauna Air OY\" \/>\n<meta property=\"article:modified_time\" content=\"2024-09-30T08:23:26+00:00\" \/>\n<meta property=\"og:image\" content=\"https:\/\/saunaair.fi\/wp-content\/uploads\/2024\/10\/NordicSpa_4K_HUUM-hive-mini.webp\" \/>\n\t<meta property=\"og:image:width\" content=\"2048\" \/>\n\t<meta property=\"og:image:height\" content=\"1152\" \/>\n\t<meta property=\"og:image:type\" content=\"image\/webp\" \/>\n<meta name=\"twitter:card\" content=\"summary_large_image\" \/>\n<meta name=\"twitter:label1\" content=\"Arvioitu lukuaika\" \/>\n\t<meta name=\"twitter:data1\" content=\"2 minuuttia\" \/>\n<script type=\"application\/ld+json\" class=\"yoast-schema-graph\">{\"@context\":\"https:\\\/\\\/schema.org\",\"@graph\":[{\"@type\":\"WebPage\",\"@id\":\"https:\\\/\\\/saunaair.fi\\\/privacy-policy\\\/\",\"url\":\"https:\\\/\\\/saunaair.fi\\\/privacy-policy\\\/\",\"name\":\"Privacy policy - Sauna Air OY\",\"isPartOf\":{\"@id\":\"https:\\\/\\\/saunaair.fi\\\/#website\"},\"datePublished\":\"2024-09-30T08:04:53+00:00\",\"dateModified\":\"2024-09-30T08:23:26+00:00\",\"breadcrumb\":{\"@id\":\"https:\\\/\\\/saunaair.fi\\\/privacy-policy\\\/#breadcrumb\"},\"inLanguage\":\"fi\",\"potentialAction\":[{\"@type\":\"ReadAction\",\"target\":[\"https:\\\/\\\/saunaair.fi\\\/privacy-policy\\\/\"]}]},{\"@type\":\"BreadcrumbList\",\"@id\":\"https:\\\/\\\/saunaair.fi\\\/privacy-policy\\\/#breadcrumb\",\"itemListElement\":[{\"@type\":\"ListItem\",\"position\":1,\"name\":\"Home\",\"item\":\"https:\\\/\\\/saunaair.fi\\\/fi\\\/\"},{\"@type\":\"ListItem\",\"position\":2,\"name\":\"Privacy policy\"}]},{\"@type\":\"WebSite\",\"@id\":\"https:\\\/\\\/saunaair.fi\\\/#website\",\"url\":\"https:\\\/\\\/saunaair.fi\\\/\",\"name\":\"Sauna Air\",\"description\":\"Saunas and sauna heaters for ultimate sauna experience.\",\"publisher\":{\"@id\":\"https:\\\/\\\/saunaair.fi\\\/#organization\"},\"potentialAction\":[{\"@type\":\"SearchAction\",\"target\":{\"@type\":\"EntryPoint\",\"urlTemplate\":\"https:\\\/\\\/saunaair.fi\\\/?s={search_term_string}\"},\"query-input\":{\"@type\":\"PropertyValueSpecification\",\"valueRequired\":true,\"valueName\":\"search_term_string\"}}],\"inLanguage\":\"fi\"},{\"@type\":\"Organization\",\"@id\":\"https:\\\/\\\/saunaair.fi\\\/#organization\",\"name\":\"Sauna Air\",\"url\":\"https:\\\/\\\/saunaair.fi\\\/\",\"logo\":{\"@type\":\"ImageObject\",\"inLanguage\":\"fi\",\"@id\":\"https:\\\/\\\/saunaair.fi\\\/#\\\/schema\\\/logo\\\/image\\\/\",\"url\":\"https:\\\/\\\/saunaair.fi\\\/wp-content\\\/uploads\\\/2024\\\/06\\\/sauna-air-high-resolution-logo-white-transparent-e1708376490154.png\",\"contentUrl\":\"https:\\\/\\\/saunaair.fi\\\/wp-content\\\/uploads\\\/2024\\\/06\\\/sauna-air-high-resolution-logo-white-transparent-e1708376490154.png\",\"width\":280,\"height\":78,\"caption\":\"Sauna Air\"},\"image\":{\"@id\":\"https:\\\/\\\/saunaair.fi\\\/#\\\/schema\\\/logo\\\/image\\\/\"}}]}<\/script>\n<!-- \/ Yoast SEO plugin. -->","yoast_head_json":{"title":"Tietosuojak\u00e4yt\u00e4nt\u00f6 - Sauna Air OY","robots":{"index":"index","follow":"follow","max-snippet":"max-snippet:-1","max-image-preview":"max-image-preview:large","max-video-preview":"max-video-preview:-1"},"canonical":"https:\/\/saunaair.fi\/fi\/tietosuojakaytanto-2\/","og_locale":"fi_FI","og_type":"article","og_title":"Privacy policy - Sauna Air OY","og_description":"Privacy Policy Data ControllerSauna Air OYBusiness ID: 3220336-3Petikontie 301720 VantaaEmail: myynti@saunum.fi What Information Is Collected? The customer register stores the following information about customers: Personal Information: First name, last name, street address, postal code, city, country, email address, phone number, language used during interactions, and currency used during transactions. Business Customers: In addition to the [&hellip;]","og_url":"https:\/\/saunaair.fi\/fi\/tietosuojakaytanto-2\/","og_site_name":"Sauna Air OY","article_modified_time":"2024-09-30T08:23:26+00:00","og_image":[{"width":2048,"height":1152,"url":"https:\/\/saunaair.fi\/wp-content\/uploads\/2024\/10\/NordicSpa_4K_HUUM-hive-mini.webp","type":"image\/webp"}],"twitter_card":"summary_large_image","twitter_misc":{"Arvioitu lukuaika":"2 minuuttia"},"schema":{"@context":"https:\/\/schema.org","@graph":[{"@type":"WebPage","@id":"https:\/\/saunaair.fi\/privacy-policy\/","url":"https:\/\/saunaair.fi\/privacy-policy\/","name":"Tietosuojak\u00e4yt\u00e4nt\u00f6 - Sauna Air OY","isPartOf":{"@id":"https:\/\/saunaair.fi\/#website"},"datePublished":"2024-09-30T08:04:53+00:00","dateModified":"2024-09-30T08:23:26+00:00","breadcrumb":{"@id":"https:\/\/saunaair.fi\/privacy-policy\/#breadcrumb"},"inLanguage":"fi","potentialAction":[{"@type":"ReadAction","target":["https:\/\/saunaair.fi\/privacy-policy\/"]}]},{"@type":"BreadcrumbList","@id":"https:\/\/saunaair.fi\/privacy-policy\/#breadcrumb","itemListElement":[{"@type":"ListItem","position":1,"name":"Home","item":"https:\/\/saunaair.fi\/fi\/"},{"@type":"ListItem","position":2,"name":"Privacy policy"}]},{"@type":"WebSite","@id":"https:\/\/saunaair.fi\/#website","url":"https:\/\/saunaair.fi\/","name":"Sauna Air","description":"Saunat ja kiukaat t\u00e4ydellist\u00e4 saunomista varten.","publisher":{"@id":"https:\/\/saunaair.fi\/#organization"},"potentialAction":[{"@type":"SearchAction","target":{"@type":"EntryPoint","urlTemplate":"https:\/\/saunaair.fi\/?s={search_term_string}"},"query-input":{"@type":"PropertyValueSpecification","valueRequired":true,"valueName":"search_term_string"}}],"inLanguage":"fi"},{"@type":"Organization","@id":"https:\/\/saunaair.fi\/#organization","name":"Sauna Air","url":"https:\/\/saunaair.fi\/","logo":{"@type":"ImageObject","inLanguage":"fi","@id":"https:\/\/saunaair.fi\/#\/schema\/logo\/image\/","url":"https:\/\/saunaair.fi\/wp-content\/uploads\/2024\/06\/sauna-air-high-resolution-logo-white-transparent-e1708376490154.png","contentUrl":"https:\/\/saunaair.fi\/wp-content\/uploads\/2024\/06\/sauna-air-high-resolution-logo-white-transparent-e1708376490154.png","width":280,"height":78,"caption":"Sauna Air"},"image":{"@id":"https:\/\/saunaair.fi\/#\/schema\/logo\/image\/"}}]}},"_links":{"self":[{"href":"https:\/\/saunaair.fi\/fi\/wp-json\/wp\/v2\/pages\/1081","targetHints":{"allow":["GET"]}}],"collection":[{"href":"https:\/\/saunaair.fi\/fi\/wp-json\/wp\/v2\/pages"}],"about":[{"href":"https:\/\/saunaair.fi\/fi\/wp-json\/wp\/v2\/types\/page"}],"author":[{"embeddable":true,"href":"https:\/\/saunaair.fi\/fi\/wp-json\/wp\/v2\/users\/1"}],"replies":[{"embeddable":true,"href":"https:\/\/saunaair.fi\/fi\/wp-json\/wp\/v2\/comments?post=1081"}],"version-history":[{"count":10,"href":"https:\/\/saunaair.fi\/fi\/wp-json\/wp\/v2\/pages\/1081\/revisions"}],"predecessor-version":[{"id":1106,"href":"https:\/\/saunaair.fi\/fi\/wp-json\/wp\/v2\/pages\/1081\/revisions\/1106"}],"wp:attachment":[{"href":"https:\/\/saunaair.fi\/fi\/wp-json\/wp\/v2\/media?parent=1081"}],"curies":[{"name":"wp","href":"https:\/\/api.w.org\/{rel}","templated":true}]}}