{"id":747,"date":"2024-09-02T11:16:51","date_gmt":"2024-09-02T11:16:51","guid":{"rendered":"https:\/\/saunaair.fi\/?post_type=product&#038;p=747"},"modified":"2025-06-18T10:56:58","modified_gmt":"2025-06-18T10:56:58","slug":"nordic-elegance-spa-mini","status":"publish","type":"product","link":"http:\/\/saunaair.fi\/fi\/saunaair\/saunas\/nordic-elegance-spa-mini\/","title":{"rendered":"Nordic Elegance Spa Mini"},"content":{"rendered":"<p>Nauti rentoutumisesta Nordic Spa Elegance Mini -saunassa, joka on kompakti mutta ylellinen sauna, joka on suunniteltu niille, jotka haluavat laadukkaan kylpyl\u00e4kokemuksen pieness\u00e4 tilassa.<\/p>\n<p>T\u00e4ss\u00e4 saunassa on sama tyylik\u00e4s muotoilu ja erinomainen ammattitaito kuin suuremmassa saunassa, mutta se on kompaktimpi. Se on rakennettu laadukkaista materiaaleista, joten se tarjoaa kest\u00e4vyytt\u00e4 ja tyyli\u00e4, joka kest\u00e4\u00e4. Monipuolisten l\u00e4mmitysvaihtoehtojen ansiosta voit nauttia perinteisest\u00e4 puul\u00e4mmitteisest\u00e4 kiukaasta tai innovatiivisesta Saunum-ilmi\u00f6st\u00e4, joka on r\u00e4\u00e4t\u00e4l\u00f6ity mieltymystesi mukaan. Sen valmis rakenne takaa nopean ja helpon asennuksen, joten voit aloittaa nauttimisen yksityisest\u00e4 saunanviettopaikastasi viipym\u00e4tt\u00e4.<\/p>\n<p>Nordic Spa Elegance Mini tuo kylpyl\u00e4n ylellisyyden mihin tahansa tilaan. Tilaa nyt ja luo henkil\u00f6kohtainen rentoutumisen pyh\u00e4tt\u00f6si.<\/p>","protected":false},"excerpt":{"rendered":"<p>Indulge in relaxation with the Nordic Spa Elegance Mini, a compact yet luxurious sauna designed for those who want a high-quality spa experience in a smaller space. This sauna offers the same elegant design and superior craftsmanship as its larger counterpart, but in a more compact form. Built with top-quality materials, it provides durability and [&hellip;]<\/p>\n","protected":false},"featured_media":1349,"comment_status":"open","ping_status":"closed","template":"","meta":{"_acf_changed":false},"product_brand":[],"product_cat":[16],"product_tag":[],"class_list":{"0":"post-747","1":"product","2":"type-product","3":"status-publish","4":"has-post-thumbnail","6":"product_cat-saunas","7":"product_shipping_class-heavy-packages","8":"tm-no-options","10":"first","11":"instock","12":"taxable","13":"shipping-taxable","14":"product-type-simple"},"acf":[],"yoast_head":"<!-- This site is optimized with the Yoast SEO plugin v27.5 - https:\/\/yoast.com\/product\/yoast-seo-wordpress\/ -->\n<title>Nordic Elegance Spa Mini - Sauna Air OY<\/title>\n<meta name=\"robots\" content=\"index, follow, max-snippet:-1, max-image-preview:large, max-video-preview:-1\" \/>\n<link rel=\"canonical\" href=\"https:\/\/saunaair.fi\/fi\/saunailta\/saunat\/nordic-elegance-spa-mini\/\" \/>\n<meta property=\"og:locale\" content=\"fi_FI\" \/>\n<meta property=\"og:type\" content=\"article\" \/>\n<meta property=\"og:title\" content=\"Nordic Elegance Spa Mini - Sauna Air OY\" \/>\n<meta property=\"og:description\" content=\"Indulge in relaxation with the Nordic Spa Elegance Mini, a compact yet luxurious sauna designed for those who want a high-quality spa experience in a smaller space. This sauna offers the same elegant design and superior craftsmanship as its larger counterpart, but in a more compact form. Built with top-quality materials, it provides durability and [&hellip;]\" \/>\n<meta property=\"og:url\" content=\"https:\/\/saunaair.fi\/fi\/saunailta\/saunat\/nordic-elegance-spa-mini\/\" \/>\n<meta property=\"og:site_name\" content=\"Sauna Air OY\" \/>\n<meta property=\"article:modified_time\" content=\"2025-06-18T10:56:58+00:00\" \/>\n<meta property=\"og:image\" content=\"https:\/\/saunaair.fi\/wp-content\/uploads\/2024\/09\/Nordic-Elegance-Spa-Mini_background.jpg\" \/>\n\t<meta property=\"og:image:width\" content=\"1920\" \/>\n\t<meta property=\"og:image:height\" content=\"1080\" \/>\n\t<meta property=\"og:image:type\" content=\"image\/jpeg\" \/>\n<meta name=\"twitter:card\" content=\"summary_large_image\" \/>\n<meta name=\"twitter:label1\" content=\"Arvioitu lukuaika\" \/>\n\t<meta name=\"twitter:data1\" content=\"1 minuutti\" \/>\n<script type=\"application\/ld+json\" class=\"yoast-schema-graph\">{\"@context\":\"https:\\\/\\\/schema.org\",\"@graph\":[{\"@type\":\"WebPage\",\"@id\":\"https:\\\/\\\/saunaair.fi\\\/saunaair\\\/saunas\\\/nordic-elegance-spa-mini\\\/\",\"url\":\"https:\\\/\\\/saunaair.fi\\\/saunaair\\\/saunas\\\/nordic-elegance-spa-mini\\\/\",\"name\":\"Nordic Elegance Spa Mini - Sauna Air OY\",\"isPartOf\":{\"@id\":\"https:\\\/\\\/saunaair.fi\\\/#website\"},\"primaryImageOfPage\":{\"@id\":\"https:\\\/\\\/saunaair.fi\\\/saunaair\\\/saunas\\\/nordic-elegance-spa-mini\\\/#primaryimage\"},\"image\":{\"@id\":\"https:\\\/\\\/saunaair.fi\\\/saunaair\\\/saunas\\\/nordic-elegance-spa-mini\\\/#primaryimage\"},\"thumbnailUrl\":\"https:\\\/\\\/saunaair.fi\\\/wp-content\\\/uploads\\\/2024\\\/09\\\/Nordic-Elegance-Spa-Mini_background.jpg\",\"datePublished\":\"2024-09-02T11:16:51+00:00\",\"dateModified\":\"2025-06-18T10:56:58+00:00\",\"breadcrumb\":{\"@id\":\"https:\\\/\\\/saunaair.fi\\\/saunaair\\\/saunas\\\/nordic-elegance-spa-mini\\\/#breadcrumb\"},\"inLanguage\":\"fi\",\"potentialAction\":[{\"@type\":\"ReadAction\",\"target\":[\"https:\\\/\\\/saunaair.fi\\\/saunaair\\\/saunas\\\/nordic-elegance-spa-mini\\\/\"]}]},{\"@type\":\"ImageObject\",\"inLanguage\":\"fi\",\"@id\":\"https:\\\/\\\/saunaair.fi\\\/saunaair\\\/saunas\\\/nordic-elegance-spa-mini\\\/#primaryimage\",\"url\":\"https:\\\/\\\/saunaair.fi\\\/wp-content\\\/uploads\\\/2024\\\/09\\\/Nordic-Elegance-Spa-Mini_background.jpg\",\"contentUrl\":\"https:\\\/\\\/saunaair.fi\\\/wp-content\\\/uploads\\\/2024\\\/09\\\/Nordic-Elegance-Spa-Mini_background.jpg\",\"width\":1920,\"height\":1080},{\"@type\":\"BreadcrumbList\",\"@id\":\"https:\\\/\\\/saunaair.fi\\\/saunaair\\\/saunas\\\/nordic-elegance-spa-mini\\\/#breadcrumb\",\"itemListElement\":[{\"@type\":\"ListItem\",\"position\":1,\"name\":\"Home\",\"item\":\"https:\\\/\\\/saunaair.fi\\\/fi\\\/\"},{\"@type\":\"ListItem\",\"position\":2,\"name\":\"Shop\",\"item\":\"https:\\\/\\\/saunaair.fi\\\/shop\\\/\"},{\"@type\":\"ListItem\",\"position\":3,\"name\":\"Nordic Elegance Spa Mini\"}]},{\"@type\":\"WebSite\",\"@id\":\"https:\\\/\\\/saunaair.fi\\\/#website\",\"url\":\"https:\\\/\\\/saunaair.fi\\\/\",\"name\":\"Sauna Air\",\"description\":\"Saunas and sauna heaters for ultimate sauna experience.\",\"publisher\":{\"@id\":\"https:\\\/\\\/saunaair.fi\\\/#organization\"},\"potentialAction\":[{\"@type\":\"SearchAction\",\"target\":{\"@type\":\"EntryPoint\",\"urlTemplate\":\"https:\\\/\\\/saunaair.fi\\\/?s={search_term_string}\"},\"query-input\":{\"@type\":\"PropertyValueSpecification\",\"valueRequired\":true,\"valueName\":\"search_term_string\"}}],\"inLanguage\":\"fi\"},{\"@type\":\"Organization\",\"@id\":\"https:\\\/\\\/saunaair.fi\\\/#organization\",\"name\":\"Sauna Air\",\"url\":\"https:\\\/\\\/saunaair.fi\\\/\",\"logo\":{\"@type\":\"ImageObject\",\"inLanguage\":\"fi\",\"@id\":\"https:\\\/\\\/saunaair.fi\\\/#\\\/schema\\\/logo\\\/image\\\/\",\"url\":\"https:\\\/\\\/saunaair.fi\\\/wp-content\\\/uploads\\\/2024\\\/06\\\/sauna-air-high-resolution-logo-white-transparent-e1708376490154.png\",\"contentUrl\":\"https:\\\/\\\/saunaair.fi\\\/wp-content\\\/uploads\\\/2024\\\/06\\\/sauna-air-high-resolution-logo-white-transparent-e1708376490154.png\",\"width\":280,\"height\":78,\"caption\":\"Sauna Air\"},\"image\":{\"@id\":\"https:\\\/\\\/saunaair.fi\\\/#\\\/schema\\\/logo\\\/image\\\/\"}}]}<\/script>\n<!-- \/ Yoast SEO plugin. -->","yoast_head_json":{"title":"Nordic Elegance Spa Mini - Sauna Air OY - Sauna Air OY","robots":{"index":"index","follow":"follow","max-snippet":"max-snippet:-1","max-image-preview":"max-image-preview:large","max-video-preview":"max-video-preview:-1"},"canonical":"https:\/\/saunaair.fi\/fi\/saunailta\/saunat\/nordic-elegance-spa-mini\/","og_locale":"fi_FI","og_type":"article","og_title":"Nordic Elegance Spa Mini - Sauna Air OY","og_description":"Indulge in relaxation with the Nordic Spa Elegance Mini, a compact yet luxurious sauna designed for those who want a high-quality spa experience in a smaller space. This sauna offers the same elegant design and superior craftsmanship as its larger counterpart, but in a more compact form. Built with top-quality materials, it provides durability and [&hellip;]","og_url":"https:\/\/saunaair.fi\/fi\/saunailta\/saunat\/nordic-elegance-spa-mini\/","og_site_name":"Sauna Air OY","article_modified_time":"2025-06-18T10:56:58+00:00","og_image":[{"width":1920,"height":1080,"url":"https:\/\/saunaair.fi\/wp-content\/uploads\/2024\/09\/Nordic-Elegance-Spa-Mini_background.jpg","type":"image\/jpeg"}],"twitter_card":"summary_large_image","twitter_misc":{"Arvioitu lukuaika":"1 minuutti"},"schema":{"@context":"https:\/\/schema.org","@graph":[{"@type":"WebPage","@id":"https:\/\/saunaair.fi\/saunaair\/saunas\/nordic-elegance-spa-mini\/","url":"https:\/\/saunaair.fi\/saunaair\/saunas\/nordic-elegance-spa-mini\/","name":"Nordic Elegance Spa Mini - Sauna Air OY - Sauna Air OY","isPartOf":{"@id":"https:\/\/saunaair.fi\/#website"},"primaryImageOfPage":{"@id":"https:\/\/saunaair.fi\/saunaair\/saunas\/nordic-elegance-spa-mini\/#primaryimage"},"image":{"@id":"https:\/\/saunaair.fi\/saunaair\/saunas\/nordic-elegance-spa-mini\/#primaryimage"},"thumbnailUrl":"https:\/\/saunaair.fi\/wp-content\/uploads\/2024\/09\/Nordic-Elegance-Spa-Mini_background.jpg","datePublished":"2024-09-02T11:16:51+00:00","dateModified":"2025-06-18T10:56:58+00:00","breadcrumb":{"@id":"https:\/\/saunaair.fi\/saunaair\/saunas\/nordic-elegance-spa-mini\/#breadcrumb"},"inLanguage":"fi","potentialAction":[{"@type":"ReadAction","target":["https:\/\/saunaair.fi\/saunaair\/saunas\/nordic-elegance-spa-mini\/"]}]},{"@type":"ImageObject","inLanguage":"fi","@id":"https:\/\/saunaair.fi\/saunaair\/saunas\/nordic-elegance-spa-mini\/#primaryimage","url":"https:\/\/saunaair.fi\/wp-content\/uploads\/2024\/09\/Nordic-Elegance-Spa-Mini_background.jpg","contentUrl":"https:\/\/saunaair.fi\/wp-content\/uploads\/2024\/09\/Nordic-Elegance-Spa-Mini_background.jpg","width":1920,"height":1080},{"@type":"BreadcrumbList","@id":"https:\/\/saunaair.fi\/saunaair\/saunas\/nordic-elegance-spa-mini\/#breadcrumb","itemListElement":[{"@type":"ListItem","position":1,"name":"Home","item":"https:\/\/saunaair.fi\/fi\/"},{"@type":"ListItem","position":2,"name":"Shop","item":"https:\/\/saunaair.fi\/shop\/"},{"@type":"ListItem","position":3,"name":"Nordic Elegance Spa Mini"}]},{"@type":"WebSite","@id":"https:\/\/saunaair.fi\/#website","url":"https:\/\/saunaair.fi\/","name":"Sauna Air","description":"Saunat ja kiukaat t\u00e4ydellist\u00e4 saunomista varten.","publisher":{"@id":"https:\/\/saunaair.fi\/#organization"},"potentialAction":[{"@type":"SearchAction","target":{"@type":"EntryPoint","urlTemplate":"https:\/\/saunaair.fi\/?s={search_term_string}"},"query-input":{"@type":"PropertyValueSpecification","valueRequired":true,"valueName":"search_term_string"}}],"inLanguage":"fi"},{"@type":"Organization","@id":"https:\/\/saunaair.fi\/#organization","name":"Sauna Air","url":"https:\/\/saunaair.fi\/","logo":{"@type":"ImageObject","inLanguage":"fi","@id":"https:\/\/saunaair.fi\/#\/schema\/logo\/image\/","url":"https:\/\/saunaair.fi\/wp-content\/uploads\/2024\/06\/sauna-air-high-resolution-logo-white-transparent-e1708376490154.png","contentUrl":"https:\/\/saunaair.fi\/wp-content\/uploads\/2024\/06\/sauna-air-high-resolution-logo-white-transparent-e1708376490154.png","width":280,"height":78,"caption":"Sauna Air"},"image":{"@id":"https:\/\/saunaair.fi\/#\/schema\/logo\/image\/"}}]}},"_links":{"self":[{"href":"http:\/\/saunaair.fi\/fi\/wp-json\/wp\/v2\/product\/747","targetHints":{"allow":["GET"]}}],"collection":[{"href":"http:\/\/saunaair.fi\/fi\/wp-json\/wp\/v2\/product"}],"about":[{"href":"http:\/\/saunaair.fi\/fi\/wp-json\/wp\/v2\/types\/product"}],"replies":[{"embeddable":true,"href":"http:\/\/saunaair.fi\/fi\/wp-json\/wp\/v2\/comments?post=747"}],"wp:featuredmedia":[{"embeddable":true,"href":"http:\/\/saunaair.fi\/fi\/wp-json\/wp\/v2\/media\/1349"}],"wp:attachment":[{"href":"http:\/\/saunaair.fi\/fi\/wp-json\/wp\/v2\/media?parent=747"}],"wp:term":[{"taxonomy":"product_brand","embeddable":true,"href":"http:\/\/saunaair.fi\/fi\/wp-json\/wp\/v2\/product_brand?post=747"},{"taxonomy":"product_cat","embeddable":true,"href":"http:\/\/saunaair.fi\/fi\/wp-json\/wp\/v2\/product_cat?post=747"},{"taxonomy":"product_tag","embeddable":true,"href":"http:\/\/saunaair.fi\/fi\/wp-json\/wp\/v2\/product_tag?post=747"}],"curies":[{"name":"wp","href":"https:\/\/api.w.org\/{rel}","templated":true}]}}