{"id":72,"date":"2024-06-06T11:48:53","date_gmt":"2024-06-06T11:48:53","guid":{"rendered":"https:\/\/saunaair.fi\/?post_type=product&#038;p=72"},"modified":"2025-06-18T12:39:18","modified_gmt":"2025-06-18T12:39:18","slug":"nordic-spa-elegance-grande","status":"publish","type":"product","link":"http:\/\/saunaair.fi\/fi\/saunaair\/saunas\/nordic-spa-elegance-grande\/","title":{"rendered":"Nordic Spa Elegance Grande"},"content":{"rendered":"<p class=\"p1\">Koe \u00e4\u00e4rimm\u00e4inen rentoutuminen Nordic Elegance Spa Grandessa, joka on suunniteltu tyyli\u00e4, mukavuutta ja laatua arvostaville. Nauti huolellisesti suunnitellusta tilasta, jossa yhdistyv\u00e4t tyylikkyys ja toiminnallisuus. Saunoissamme k\u00e4ytet\u00e4\u00e4n vain hienoimpia materiaaleja, jotka takaavat kest\u00e4vyyden ja erinomaisen kokemuksen vuosiksi eteenp\u00e4in. Monipuolisilla l\u00e4mmitysvaihtoehdoilla, kuten puukiukaalla ja innovatiivisella Saunum-teknologialla.<\/p>\n<p>T\u00e4t\u00e4 saunaa on saatavana kahtena variaationa EU ja C. C-mallissa on irrotettava ulkoterassi, jonka avulla sauna mahtuu konttiin kuljetusta varten.<\/p>","protected":false},"excerpt":{"rendered":"<p>Nordic Spa Elegance Grande on premium-luokan sauna, joka on suunniteltu tyyli\u00e4, mukavuutta ja laatua arvostaville.<\/p>","protected":false},"featured_media":1365,"comment_status":"open","ping_status":"closed","template":"","meta":{"_acf_changed":false},"product_brand":[],"product_cat":[16],"product_tag":[],"class_list":{"0":"post-72","1":"product","2":"type-product","3":"status-publish","4":"has-post-thumbnail","6":"product_cat-saunas","7":"product_shipping_class-heavy-packages","8":"tm-no-options","10":"first","11":"instock","12":"taxable","13":"shipping-taxable","14":"product-type-simple"},"acf":[],"yoast_head":"<!-- This site is optimized with the Yoast SEO plugin v27.5 - https:\/\/yoast.com\/product\/yoast-seo-wordpress\/ -->\n<title>Nordic Spa Elegance Grande - Sauna Air OY<\/title>\n<meta name=\"robots\" content=\"index, follow, max-snippet:-1, max-image-preview:large, max-video-preview:-1\" \/>\n<link rel=\"canonical\" href=\"https:\/\/saunaair.fi\/fi\/saunailta\/saunat\/nordic-spa-elegance-grande\/\" \/>\n<meta property=\"og:locale\" content=\"fi_FI\" \/>\n<meta property=\"og:type\" content=\"article\" \/>\n<meta property=\"og:title\" content=\"Nordic Spa Elegance Grande - Sauna Air OY\" \/>\n<meta property=\"og:description\" content=\"Experience ultimate relaxation with the Nordic Spa Elegance Grande, a premium sauna designed for those who appreciate style, comfort, and quality.\" \/>\n<meta property=\"og:url\" content=\"https:\/\/saunaair.fi\/fi\/saunailta\/saunat\/nordic-spa-elegance-grande\/\" \/>\n<meta property=\"og:site_name\" content=\"Sauna Air OY\" \/>\n<meta property=\"article:modified_time\" content=\"2025-06-18T12:39:18+00:00\" \/>\n<meta property=\"og:image\" content=\"https:\/\/saunaair.fi\/wp-content\/uploads\/2024\/06\/SaunaAir_Nordic-Spa-Luxury_Final_v4-1.jpg\" \/>\n\t<meta property=\"og:image:width\" content=\"1920\" \/>\n\t<meta property=\"og:image:height\" content=\"1640\" \/>\n\t<meta property=\"og:image:type\" content=\"image\/jpeg\" \/>\n<meta name=\"twitter:card\" content=\"summary_large_image\" \/>\n<meta name=\"twitter:label1\" content=\"Arvioitu lukuaika\" \/>\n\t<meta name=\"twitter:data1\" content=\"1 minuutti\" \/>\n<script type=\"application\/ld+json\" class=\"yoast-schema-graph\">{\"@context\":\"https:\\\/\\\/schema.org\",\"@graph\":[{\"@type\":\"WebPage\",\"@id\":\"https:\\\/\\\/saunaair.fi\\\/saunaair\\\/saunas\\\/nordic-spa-elegance-grande\\\/\",\"url\":\"https:\\\/\\\/saunaair.fi\\\/saunaair\\\/saunas\\\/nordic-spa-elegance-grande\\\/\",\"name\":\"Nordic Spa Elegance Grande - Sauna Air OY\",\"isPartOf\":{\"@id\":\"https:\\\/\\\/saunaair.fi\\\/#website\"},\"primaryImageOfPage\":{\"@id\":\"https:\\\/\\\/saunaair.fi\\\/saunaair\\\/saunas\\\/nordic-spa-elegance-grande\\\/#primaryimage\"},\"image\":{\"@id\":\"https:\\\/\\\/saunaair.fi\\\/saunaair\\\/saunas\\\/nordic-spa-elegance-grande\\\/#primaryimage\"},\"thumbnailUrl\":\"https:\\\/\\\/saunaair.fi\\\/wp-content\\\/uploads\\\/2024\\\/06\\\/SaunaAir_Nordic-Spa-Luxury_Final_v4-1.jpg\",\"datePublished\":\"2024-06-06T11:48:53+00:00\",\"dateModified\":\"2025-06-18T12:39:18+00:00\",\"breadcrumb\":{\"@id\":\"https:\\\/\\\/saunaair.fi\\\/saunaair\\\/saunas\\\/nordic-spa-elegance-grande\\\/#breadcrumb\"},\"inLanguage\":\"fi\",\"potentialAction\":[{\"@type\":\"ReadAction\",\"target\":[\"https:\\\/\\\/saunaair.fi\\\/saunaair\\\/saunas\\\/nordic-spa-elegance-grande\\\/\"]}]},{\"@type\":\"ImageObject\",\"inLanguage\":\"fi\",\"@id\":\"https:\\\/\\\/saunaair.fi\\\/saunaair\\\/saunas\\\/nordic-spa-elegance-grande\\\/#primaryimage\",\"url\":\"https:\\\/\\\/saunaair.fi\\\/wp-content\\\/uploads\\\/2024\\\/06\\\/SaunaAir_Nordic-Spa-Luxury_Final_v4-1.jpg\",\"contentUrl\":\"https:\\\/\\\/saunaair.fi\\\/wp-content\\\/uploads\\\/2024\\\/06\\\/SaunaAir_Nordic-Spa-Luxury_Final_v4-1.jpg\",\"width\":1920,\"height\":1640},{\"@type\":\"BreadcrumbList\",\"@id\":\"https:\\\/\\\/saunaair.fi\\\/saunaair\\\/saunas\\\/nordic-spa-elegance-grande\\\/#breadcrumb\",\"itemListElement\":[{\"@type\":\"ListItem\",\"position\":1,\"name\":\"Home\",\"item\":\"https:\\\/\\\/saunaair.fi\\\/fi\\\/\"},{\"@type\":\"ListItem\",\"position\":2,\"name\":\"Shop\",\"item\":\"https:\\\/\\\/saunaair.fi\\\/shop\\\/\"},{\"@type\":\"ListItem\",\"position\":3,\"name\":\"Nordic Spa Elegance Grande\"}]},{\"@type\":\"WebSite\",\"@id\":\"https:\\\/\\\/saunaair.fi\\\/#website\",\"url\":\"https:\\\/\\\/saunaair.fi\\\/\",\"name\":\"Sauna Air\",\"description\":\"Saunas and sauna heaters for ultimate sauna experience.\",\"publisher\":{\"@id\":\"https:\\\/\\\/saunaair.fi\\\/#organization\"},\"potentialAction\":[{\"@type\":\"SearchAction\",\"target\":{\"@type\":\"EntryPoint\",\"urlTemplate\":\"https:\\\/\\\/saunaair.fi\\\/?s={search_term_string}\"},\"query-input\":{\"@type\":\"PropertyValueSpecification\",\"valueRequired\":true,\"valueName\":\"search_term_string\"}}],\"inLanguage\":\"fi\"},{\"@type\":\"Organization\",\"@id\":\"https:\\\/\\\/saunaair.fi\\\/#organization\",\"name\":\"Sauna Air\",\"url\":\"https:\\\/\\\/saunaair.fi\\\/\",\"logo\":{\"@type\":\"ImageObject\",\"inLanguage\":\"fi\",\"@id\":\"https:\\\/\\\/saunaair.fi\\\/#\\\/schema\\\/logo\\\/image\\\/\",\"url\":\"https:\\\/\\\/saunaair.fi\\\/wp-content\\\/uploads\\\/2024\\\/06\\\/sauna-air-high-resolution-logo-white-transparent-e1708376490154.png\",\"contentUrl\":\"https:\\\/\\\/saunaair.fi\\\/wp-content\\\/uploads\\\/2024\\\/06\\\/sauna-air-high-resolution-logo-white-transparent-e1708376490154.png\",\"width\":280,\"height\":78,\"caption\":\"Sauna Air\"},\"image\":{\"@id\":\"https:\\\/\\\/saunaair.fi\\\/#\\\/schema\\\/logo\\\/image\\\/\"}}]}<\/script>\n<!-- \/ Yoast SEO plugin. -->","yoast_head_json":{"title":"Nordic Spa Elegance Grande - Sauna Air OY - Sauna Air OY","robots":{"index":"index","follow":"follow","max-snippet":"max-snippet:-1","max-image-preview":"max-image-preview:large","max-video-preview":"max-video-preview:-1"},"canonical":"https:\/\/saunaair.fi\/fi\/saunailta\/saunat\/nordic-spa-elegance-grande\/","og_locale":"fi_FI","og_type":"article","og_title":"Nordic Spa Elegance Grande - Sauna Air OY","og_description":"Experience ultimate relaxation with the Nordic Spa Elegance Grande, a premium sauna designed for those who appreciate style, comfort, and quality.","og_url":"https:\/\/saunaair.fi\/fi\/saunailta\/saunat\/nordic-spa-elegance-grande\/","og_site_name":"Sauna Air OY","article_modified_time":"2025-06-18T12:39:18+00:00","og_image":[{"width":1920,"height":1640,"url":"https:\/\/saunaair.fi\/wp-content\/uploads\/2024\/06\/SaunaAir_Nordic-Spa-Luxury_Final_v4-1.jpg","type":"image\/jpeg"}],"twitter_card":"summary_large_image","twitter_misc":{"Arvioitu lukuaika":"1 minuutti"},"schema":{"@context":"https:\/\/schema.org","@graph":[{"@type":"WebPage","@id":"https:\/\/saunaair.fi\/saunaair\/saunas\/nordic-spa-elegance-grande\/","url":"https:\/\/saunaair.fi\/saunaair\/saunas\/nordic-spa-elegance-grande\/","name":"Nordic Spa Elegance Grande - Sauna Air OY - Sauna Air OY","isPartOf":{"@id":"https:\/\/saunaair.fi\/#website"},"primaryImageOfPage":{"@id":"https:\/\/saunaair.fi\/saunaair\/saunas\/nordic-spa-elegance-grande\/#primaryimage"},"image":{"@id":"https:\/\/saunaair.fi\/saunaair\/saunas\/nordic-spa-elegance-grande\/#primaryimage"},"thumbnailUrl":"https:\/\/saunaair.fi\/wp-content\/uploads\/2024\/06\/SaunaAir_Nordic-Spa-Luxury_Final_v4-1.jpg","datePublished":"2024-06-06T11:48:53+00:00","dateModified":"2025-06-18T12:39:18+00:00","breadcrumb":{"@id":"https:\/\/saunaair.fi\/saunaair\/saunas\/nordic-spa-elegance-grande\/#breadcrumb"},"inLanguage":"fi","potentialAction":[{"@type":"ReadAction","target":["https:\/\/saunaair.fi\/saunaair\/saunas\/nordic-spa-elegance-grande\/"]}]},{"@type":"ImageObject","inLanguage":"fi","@id":"https:\/\/saunaair.fi\/saunaair\/saunas\/nordic-spa-elegance-grande\/#primaryimage","url":"https:\/\/saunaair.fi\/wp-content\/uploads\/2024\/06\/SaunaAir_Nordic-Spa-Luxury_Final_v4-1.jpg","contentUrl":"https:\/\/saunaair.fi\/wp-content\/uploads\/2024\/06\/SaunaAir_Nordic-Spa-Luxury_Final_v4-1.jpg","width":1920,"height":1640},{"@type":"BreadcrumbList","@id":"https:\/\/saunaair.fi\/saunaair\/saunas\/nordic-spa-elegance-grande\/#breadcrumb","itemListElement":[{"@type":"ListItem","position":1,"name":"Home","item":"https:\/\/saunaair.fi\/fi\/"},{"@type":"ListItem","position":2,"name":"Shop","item":"https:\/\/saunaair.fi\/shop\/"},{"@type":"ListItem","position":3,"name":"Nordic Spa Elegance Grande"}]},{"@type":"WebSite","@id":"https:\/\/saunaair.fi\/#website","url":"https:\/\/saunaair.fi\/","name":"Sauna Air","description":"Saunat ja kiukaat t\u00e4ydellist\u00e4 saunomista varten.","publisher":{"@id":"https:\/\/saunaair.fi\/#organization"},"potentialAction":[{"@type":"SearchAction","target":{"@type":"EntryPoint","urlTemplate":"https:\/\/saunaair.fi\/?s={search_term_string}"},"query-input":{"@type":"PropertyValueSpecification","valueRequired":true,"valueName":"search_term_string"}}],"inLanguage":"fi"},{"@type":"Organization","@id":"https:\/\/saunaair.fi\/#organization","name":"Sauna Air","url":"https:\/\/saunaair.fi\/","logo":{"@type":"ImageObject","inLanguage":"fi","@id":"https:\/\/saunaair.fi\/#\/schema\/logo\/image\/","url":"https:\/\/saunaair.fi\/wp-content\/uploads\/2024\/06\/sauna-air-high-resolution-logo-white-transparent-e1708376490154.png","contentUrl":"https:\/\/saunaair.fi\/wp-content\/uploads\/2024\/06\/sauna-air-high-resolution-logo-white-transparent-e1708376490154.png","width":280,"height":78,"caption":"Sauna Air"},"image":{"@id":"https:\/\/saunaair.fi\/#\/schema\/logo\/image\/"}}]}},"_links":{"self":[{"href":"http:\/\/saunaair.fi\/fi\/wp-json\/wp\/v2\/product\/72","targetHints":{"allow":["GET"]}}],"collection":[{"href":"http:\/\/saunaair.fi\/fi\/wp-json\/wp\/v2\/product"}],"about":[{"href":"http:\/\/saunaair.fi\/fi\/wp-json\/wp\/v2\/types\/product"}],"replies":[{"embeddable":true,"href":"http:\/\/saunaair.fi\/fi\/wp-json\/wp\/v2\/comments?post=72"}],"wp:featuredmedia":[{"embeddable":true,"href":"http:\/\/saunaair.fi\/fi\/wp-json\/wp\/v2\/media\/1365"}],"wp:attachment":[{"href":"http:\/\/saunaair.fi\/fi\/wp-json\/wp\/v2\/media?parent=72"}],"wp:term":[{"taxonomy":"product_brand","embeddable":true,"href":"http:\/\/saunaair.fi\/fi\/wp-json\/wp\/v2\/product_brand?post=72"},{"taxonomy":"product_cat","embeddable":true,"href":"http:\/\/saunaair.fi\/fi\/wp-json\/wp\/v2\/product_cat?post=72"},{"taxonomy":"product_tag","embeddable":true,"href":"http:\/\/saunaair.fi\/fi\/wp-json\/wp\/v2\/product_tag?post=72"}],"curies":[{"name":"wp","href":"https:\/\/api.w.org\/{rel}","templated":true}]}}