{"id":670,"date":"2024-07-02T08:47:18","date_gmt":"2024-07-02T08:47:18","guid":{"rendered":"https:\/\/saunaair.fi\/?post_type=product&#038;p=670"},"modified":"2025-06-18T10:33:05","modified_gmt":"2025-06-18T10:33:05","slug":"huum-hive-puu-17","status":"publish","type":"product","link":"http:\/\/saunaair.fi\/fi\/saunaair\/sauna-heaters\/wood-burning-heaters\/huum-hive-wood-17\/","title":{"rendered":"Huum HIVE Wood 17"},"content":{"rendered":"<p>HIVE Wood 17 kW puul\u00e4mmitteinen kiuas on luotettava ja tyylik\u00e4s valinta, jos arvostat perinteisen saunan yksinkertaisuutta tai sinulla ei ole s\u00e4hk\u00f6liit\u00e4nt\u00e4\u00e4 l\u00f6ylyhuoneessa. Sen seesteinen pohjoismainen muotoilu korostaa kivien luonnollista kauneutta. HIVE Wood on sek\u00e4 tehokas ett\u00e4 kest\u00e4v\u00e4, ja sen suuri kiuaskivikapasiteetti takaa pitk\u00e4kestoisen ja hell\u00e4varaisen h\u00f6yryn. Tulipes\u00e4ss\u00e4 on voimakas liekki ja tehokas palaminen. Tulipes\u00e4n liekkileikkuri, joka kest\u00e4\u00e4 suurinta kuumuutta, on valmistettu 5 mm paksusta ruostumattomasta ter\u00e4ksest\u00e4, mik\u00e4 tekee siit\u00e4 poikkeuksellisen kest\u00e4v\u00e4n. Saunaveden l\u00e4mmitt\u00e4miseen voidaan asentaa l\u00e4mm\u00f6nvaihdin kivien alle. El\u00e4v\u00e4 tuli ja puiden ropina luovat viihtyis\u00e4n tunnelman, joka auttaa irrottautumaan arjen kiireest\u00e4.<\/p>\n<p>HIVE Wood LS on malli, jossa on pidennetty tulipes\u00e4, jolloin l\u00e4mmitin voidaan l\u00e4mmitt\u00e4\u00e4 viereisest\u00e4 huoneesta.<\/p>","protected":false},"excerpt":{"rendered":"<p>The HIVE Wood 17 kW wood-burning sauna heater is a reliable and stylish choice if you value the simplicity of a traditional sauna or lack an electrical connection in the steam room. Its serene Nordic design highlights the natural beauty of the stones. The HIVE Wood is both efficient and durable, with a large stone [&hellip;]<\/p>\n","protected":false},"featured_media":671,"comment_status":"open","ping_status":"closed","template":"","meta":{"_acf_changed":false},"product_brand":[],"product_cat":[17,39],"product_tag":[],"class_list":{"0":"post-670","1":"product","2":"type-product","3":"status-publish","4":"has-post-thumbnail","6":"product_cat-sauna-heaters","7":"product_cat-wood-burning-heaters","8":"product_shipping_class-heavy-packages","9":"tm-has-options","11":"first","12":"instock","13":"taxable","14":"shipping-taxable","15":"purchasable","16":"product-type-simple"},"acf":[],"yoast_head":"<!-- This site is optimized with the Yoast SEO plugin v27.5 - https:\/\/yoast.com\/product\/yoast-seo-wordpress\/ -->\n<title>Huum HIVE Wood 17 - Sauna Air OY<\/title>\n<meta name=\"robots\" content=\"index, follow, max-snippet:-1, max-image-preview:large, max-video-preview:-1\" \/>\n<link rel=\"canonical\" href=\"https:\/\/saunaair.fi\/fi\/saunailta\/saunan-kiukaat-3\/puulammittimet\/huum-hive-puu-17\/\" \/>\n<meta property=\"og:locale\" content=\"fi_FI\" \/>\n<meta property=\"og:type\" content=\"article\" \/>\n<meta property=\"og:title\" content=\"Huum HIVE Wood 17 - Sauna Air OY\" \/>\n<meta property=\"og:description\" content=\"The HIVE Wood 17 kW wood-burning sauna heater is a reliable and stylish choice if you value the simplicity of a traditional sauna or lack an electrical connection in the steam room. Its serene Nordic design highlights the natural beauty of the stones. The HIVE Wood is both efficient and durable, with a large stone [&hellip;]\" \/>\n<meta property=\"og:url\" content=\"https:\/\/saunaair.fi\/fi\/saunailta\/saunan-kiukaat-3\/puulammittimet\/huum-hive-puu-17\/\" \/>\n<meta property=\"og:site_name\" content=\"Sauna Air OY\" \/>\n<meta property=\"article:modified_time\" content=\"2025-06-18T10:33:05+00:00\" \/>\n<meta property=\"og:image\" content=\"https:\/\/saunaair.fi\/wp-content\/uploads\/2024\/07\/hive-wood-eest-web_1.webp\" \/>\n\t<meta property=\"og:image:width\" content=\"700\" \/>\n\t<meta property=\"og:image:height\" content=\"700\" \/>\n\t<meta property=\"og:image:type\" content=\"image\/webp\" \/>\n<meta name=\"twitter:card\" content=\"summary_large_image\" \/>\n<meta name=\"twitter:label1\" content=\"Arvioitu lukuaika\" \/>\n\t<meta name=\"twitter:data1\" content=\"2 minuuttia\" \/>\n<script type=\"application\/ld+json\" class=\"yoast-schema-graph\">{\"@context\":\"https:\\\/\\\/schema.org\",\"@graph\":[{\"@type\":\"WebPage\",\"@id\":\"https:\\\/\\\/saunaair.fi\\\/saunaair\\\/sauna-heaters\\\/wood-burning-heaters\\\/huum-hive-wood-17\\\/\",\"url\":\"https:\\\/\\\/saunaair.fi\\\/saunaair\\\/sauna-heaters\\\/wood-burning-heaters\\\/huum-hive-wood-17\\\/\",\"name\":\"Huum HIVE Wood 17 - Sauna Air OY\",\"isPartOf\":{\"@id\":\"https:\\\/\\\/saunaair.fi\\\/#website\"},\"primaryImageOfPage\":{\"@id\":\"https:\\\/\\\/saunaair.fi\\\/saunaair\\\/sauna-heaters\\\/wood-burning-heaters\\\/huum-hive-wood-17\\\/#primaryimage\"},\"image\":{\"@id\":\"https:\\\/\\\/saunaair.fi\\\/saunaair\\\/sauna-heaters\\\/wood-burning-heaters\\\/huum-hive-wood-17\\\/#primaryimage\"},\"thumbnailUrl\":\"https:\\\/\\\/saunaair.fi\\\/wp-content\\\/uploads\\\/2024\\\/07\\\/hive-wood-eest-web_1.webp\",\"datePublished\":\"2024-07-02T08:47:18+00:00\",\"dateModified\":\"2025-06-18T10:33:05+00:00\",\"breadcrumb\":{\"@id\":\"https:\\\/\\\/saunaair.fi\\\/saunaair\\\/sauna-heaters\\\/wood-burning-heaters\\\/huum-hive-wood-17\\\/#breadcrumb\"},\"inLanguage\":\"fi\",\"potentialAction\":[{\"@type\":\"ReadAction\",\"target\":[\"https:\\\/\\\/saunaair.fi\\\/saunaair\\\/sauna-heaters\\\/wood-burning-heaters\\\/huum-hive-wood-17\\\/\"]}]},{\"@type\":\"ImageObject\",\"inLanguage\":\"fi\",\"@id\":\"https:\\\/\\\/saunaair.fi\\\/saunaair\\\/sauna-heaters\\\/wood-burning-heaters\\\/huum-hive-wood-17\\\/#primaryimage\",\"url\":\"https:\\\/\\\/saunaair.fi\\\/wp-content\\\/uploads\\\/2024\\\/07\\\/hive-wood-eest-web_1.webp\",\"contentUrl\":\"https:\\\/\\\/saunaair.fi\\\/wp-content\\\/uploads\\\/2024\\\/07\\\/hive-wood-eest-web_1.webp\",\"width\":700,\"height\":700},{\"@type\":\"BreadcrumbList\",\"@id\":\"https:\\\/\\\/saunaair.fi\\\/saunaair\\\/sauna-heaters\\\/wood-burning-heaters\\\/huum-hive-wood-17\\\/#breadcrumb\",\"itemListElement\":[{\"@type\":\"ListItem\",\"position\":1,\"name\":\"Home\",\"item\":\"https:\\\/\\\/saunaair.fi\\\/fi\\\/\"},{\"@type\":\"ListItem\",\"position\":2,\"name\":\"Shop\",\"item\":\"https:\\\/\\\/saunaair.fi\\\/shop\\\/\"},{\"@type\":\"ListItem\",\"position\":3,\"name\":\"Huum HIVE Wood 17\"}]},{\"@type\":\"WebSite\",\"@id\":\"https:\\\/\\\/saunaair.fi\\\/#website\",\"url\":\"https:\\\/\\\/saunaair.fi\\\/\",\"name\":\"Sauna Air\",\"description\":\"Saunas and sauna heaters for ultimate sauna experience.\",\"publisher\":{\"@id\":\"https:\\\/\\\/saunaair.fi\\\/#organization\"},\"potentialAction\":[{\"@type\":\"SearchAction\",\"target\":{\"@type\":\"EntryPoint\",\"urlTemplate\":\"https:\\\/\\\/saunaair.fi\\\/?s={search_term_string}\"},\"query-input\":{\"@type\":\"PropertyValueSpecification\",\"valueRequired\":true,\"valueName\":\"search_term_string\"}}],\"inLanguage\":\"fi\"},{\"@type\":\"Organization\",\"@id\":\"https:\\\/\\\/saunaair.fi\\\/#organization\",\"name\":\"Sauna Air\",\"url\":\"https:\\\/\\\/saunaair.fi\\\/\",\"logo\":{\"@type\":\"ImageObject\",\"inLanguage\":\"fi\",\"@id\":\"https:\\\/\\\/saunaair.fi\\\/#\\\/schema\\\/logo\\\/image\\\/\",\"url\":\"https:\\\/\\\/saunaair.fi\\\/wp-content\\\/uploads\\\/2024\\\/06\\\/sauna-air-high-resolution-logo-white-transparent-e1708376490154.png\",\"contentUrl\":\"https:\\\/\\\/saunaair.fi\\\/wp-content\\\/uploads\\\/2024\\\/06\\\/sauna-air-high-resolution-logo-white-transparent-e1708376490154.png\",\"width\":280,\"height\":78,\"caption\":\"Sauna Air\"},\"image\":{\"@id\":\"https:\\\/\\\/saunaair.fi\\\/#\\\/schema\\\/logo\\\/image\\\/\"}}]}<\/script>\n<!-- \/ Yoast SEO plugin. -->","yoast_head_json":{"title":"Huum HIVE Wood 17 - Sauna Air OY","robots":{"index":"index","follow":"follow","max-snippet":"max-snippet:-1","max-image-preview":"max-image-preview:large","max-video-preview":"max-video-preview:-1"},"canonical":"https:\/\/saunaair.fi\/fi\/saunailta\/saunan-kiukaat-3\/puulammittimet\/huum-hive-puu-17\/","og_locale":"fi_FI","og_type":"article","og_title":"Huum HIVE Wood 17 - Sauna Air OY","og_description":"The HIVE Wood 17 kW wood-burning sauna heater is a reliable and stylish choice if you value the simplicity of a traditional sauna or lack an electrical connection in the steam room. Its serene Nordic design highlights the natural beauty of the stones. The HIVE Wood is both efficient and durable, with a large stone [&hellip;]","og_url":"https:\/\/saunaair.fi\/fi\/saunailta\/saunan-kiukaat-3\/puulammittimet\/huum-hive-puu-17\/","og_site_name":"Sauna Air OY","article_modified_time":"2025-06-18T10:33:05+00:00","og_image":[{"width":700,"height":700,"url":"https:\/\/saunaair.fi\/wp-content\/uploads\/2024\/07\/hive-wood-eest-web_1.webp","type":"image\/webp"}],"twitter_card":"summary_large_image","twitter_misc":{"Arvioitu lukuaika":"2 minuuttia"},"schema":{"@context":"https:\/\/schema.org","@graph":[{"@type":"WebPage","@id":"https:\/\/saunaair.fi\/saunaair\/sauna-heaters\/wood-burning-heaters\/huum-hive-wood-17\/","url":"https:\/\/saunaair.fi\/saunaair\/sauna-heaters\/wood-burning-heaters\/huum-hive-wood-17\/","name":"Huum HIVE Wood 17 - Sauna Air OY","isPartOf":{"@id":"https:\/\/saunaair.fi\/#website"},"primaryImageOfPage":{"@id":"https:\/\/saunaair.fi\/saunaair\/sauna-heaters\/wood-burning-heaters\/huum-hive-wood-17\/#primaryimage"},"image":{"@id":"https:\/\/saunaair.fi\/saunaair\/sauna-heaters\/wood-burning-heaters\/huum-hive-wood-17\/#primaryimage"},"thumbnailUrl":"https:\/\/saunaair.fi\/wp-content\/uploads\/2024\/07\/hive-wood-eest-web_1.webp","datePublished":"2024-07-02T08:47:18+00:00","dateModified":"2025-06-18T10:33:05+00:00","breadcrumb":{"@id":"https:\/\/saunaair.fi\/saunaair\/sauna-heaters\/wood-burning-heaters\/huum-hive-wood-17\/#breadcrumb"},"inLanguage":"fi","potentialAction":[{"@type":"ReadAction","target":["https:\/\/saunaair.fi\/saunaair\/sauna-heaters\/wood-burning-heaters\/huum-hive-wood-17\/"]}]},{"@type":"ImageObject","inLanguage":"fi","@id":"https:\/\/saunaair.fi\/saunaair\/sauna-heaters\/wood-burning-heaters\/huum-hive-wood-17\/#primaryimage","url":"https:\/\/saunaair.fi\/wp-content\/uploads\/2024\/07\/hive-wood-eest-web_1.webp","contentUrl":"https:\/\/saunaair.fi\/wp-content\/uploads\/2024\/07\/hive-wood-eest-web_1.webp","width":700,"height":700},{"@type":"BreadcrumbList","@id":"https:\/\/saunaair.fi\/saunaair\/sauna-heaters\/wood-burning-heaters\/huum-hive-wood-17\/#breadcrumb","itemListElement":[{"@type":"ListItem","position":1,"name":"Home","item":"https:\/\/saunaair.fi\/fi\/"},{"@type":"ListItem","position":2,"name":"Shop","item":"https:\/\/saunaair.fi\/shop\/"},{"@type":"ListItem","position":3,"name":"Huum HIVE Wood 17"}]},{"@type":"WebSite","@id":"https:\/\/saunaair.fi\/#website","url":"https:\/\/saunaair.fi\/","name":"Sauna Air","description":"Saunat ja kiukaat t\u00e4ydellist\u00e4 saunomista varten.","publisher":{"@id":"https:\/\/saunaair.fi\/#organization"},"potentialAction":[{"@type":"SearchAction","target":{"@type":"EntryPoint","urlTemplate":"https:\/\/saunaair.fi\/?s={search_term_string}"},"query-input":{"@type":"PropertyValueSpecification","valueRequired":true,"valueName":"search_term_string"}}],"inLanguage":"fi"},{"@type":"Organization","@id":"https:\/\/saunaair.fi\/#organization","name":"Sauna Air","url":"https:\/\/saunaair.fi\/","logo":{"@type":"ImageObject","inLanguage":"fi","@id":"https:\/\/saunaair.fi\/#\/schema\/logo\/image\/","url":"https:\/\/saunaair.fi\/wp-content\/uploads\/2024\/06\/sauna-air-high-resolution-logo-white-transparent-e1708376490154.png","contentUrl":"https:\/\/saunaair.fi\/wp-content\/uploads\/2024\/06\/sauna-air-high-resolution-logo-white-transparent-e1708376490154.png","width":280,"height":78,"caption":"Sauna Air"},"image":{"@id":"https:\/\/saunaair.fi\/#\/schema\/logo\/image\/"}}]}},"_links":{"self":[{"href":"http:\/\/saunaair.fi\/fi\/wp-json\/wp\/v2\/product\/670","targetHints":{"allow":["GET"]}}],"collection":[{"href":"http:\/\/saunaair.fi\/fi\/wp-json\/wp\/v2\/product"}],"about":[{"href":"http:\/\/saunaair.fi\/fi\/wp-json\/wp\/v2\/types\/product"}],"replies":[{"embeddable":true,"href":"http:\/\/saunaair.fi\/fi\/wp-json\/wp\/v2\/comments?post=670"}],"wp:featuredmedia":[{"embeddable":true,"href":"http:\/\/saunaair.fi\/fi\/wp-json\/wp\/v2\/media\/671"}],"wp:attachment":[{"href":"http:\/\/saunaair.fi\/fi\/wp-json\/wp\/v2\/media?parent=670"}],"wp:term":[{"taxonomy":"product_brand","embeddable":true,"href":"http:\/\/saunaair.fi\/fi\/wp-json\/wp\/v2\/product_brand?post=670"},{"taxonomy":"product_cat","embeddable":true,"href":"http:\/\/saunaair.fi\/fi\/wp-json\/wp\/v2\/product_cat?post=670"},{"taxonomy":"product_tag","embeddable":true,"href":"http:\/\/saunaair.fi\/fi\/wp-json\/wp\/v2\/product_tag?post=670"}],"curies":[{"name":"wp","href":"https:\/\/api.w.org\/{rel}","templated":true}]}}