{"id":669,"date":"2024-07-02T08:25:47","date_gmt":"2024-07-02T08:25:47","guid":{"rendered":"https:\/\/saunaair.fi\/?post_type=product&#038;p=669"},"modified":"2025-06-18T10:34:01","modified_gmt":"2025-06-18T10:34:01","slug":"huum-hive-flow-mini","status":"publish","type":"product","link":"http:\/\/saunaair.fi\/fi\/saunaair\/sauna-heaters\/wood-burning-heaters\/huum-hive-flow-mini\/","title":{"rendered":"Huum HIVE Flow Mini"},"content":{"rendered":"<p>HIVE Flow 8,5 kW:n kiuas on markkinoiden tehokkain ja ymp\u00e4rist\u00f6yst\u00e4v\u00e4llisin puul\u00e4mmitteinen kiuas. Sen innovatiivinen rakenne takaa, ett\u00e4 75% polttopuiden l\u00e4mm\u00f6st\u00e4 j\u00e4\u00e4 saunaan eik\u00e4 karkaa savupiipun kautta. Suuri kivikapasiteetti s\u00e4ilytt\u00e4\u00e4 l\u00e4mm\u00f6n ja tarjoaa erinomaista h\u00f6yry\u00e4 yli 30 minuuttia tulen sammumisen j\u00e4lkeen. Kiukaan hiilimonoksidip\u00e4\u00e4st\u00f6t ovat vain 346 mg\/m\u00b3, kun vastaavien kiukaiden p\u00e4\u00e4st\u00f6t ovat yli 1000 mg\/m\u00b3.<\/p>\n<p>Uudenlainen muotoilu v\u00e4hent\u00e4\u00e4 paloriski\u00e4 ja mahdollistaa tiiviimm\u00e4n asennuksen perinteisiin l\u00e4mmittimiin verrattuna. L\u00e4mmittimen vankassa rakenteessa on 5 mm:n paksuinen yl\u00e4osa ja 3 mm:n paksuiset sivut, jotka takaavat l\u00e4mm\u00f6n tasaisen jakautumisen. HIVE Flow painaa 67 kg (LS-mallissa 73 kg), ja siihen mahtuu 150 kg kivi\u00e4, ja savupiippuh\u00e4kkiin mahtuu lis\u00e4ksi 35-40 kg kivi\u00e4.<\/p>\n<p>Kiukaan suuri lasiovi tuo saunaan viihtyis\u00e4n tunnelman, ja voit nauttia lumoavista liekeist\u00e4. HIVE Flow t\u00e4ytt\u00e4\u00e4 tiukat ymp\u00e4rist\u00f6standardit ja ylitt\u00e4\u00e4 kaikki tunnetut puul\u00e4mmitteisten kiukaiden tehokkuus- ja ymp\u00e4rist\u00f6standardit, mik\u00e4 takaa laadukkaan ja kest\u00e4v\u00e4n valinnan saunaan.<\/p>","protected":false},"excerpt":{"rendered":"<p>The HIVE Flow 8.5 kW sauna heater proudly stands out as the most efficient and environmentally friendly wood-burning sauna heater on the market. Its innovative design ensures that 75% of the heat from the firewood remains in the sauna, rather than escaping through the chimney. The large stone capacity retains heat, providing excellent steam for [&hellip;]<\/p>\n","protected":false},"featured_media":668,"comment_status":"open","ping_status":"closed","template":"","meta":{"_acf_changed":false},"product_brand":[],"product_cat":[17,39],"product_tag":[],"class_list":{"0":"post-669","1":"product","2":"type-product","3":"status-publish","4":"has-post-thumbnail","6":"product_cat-sauna-heaters","7":"product_cat-wood-burning-heaters","8":"product_shipping_class-heavy-packages","9":"tm-has-options","11":"first","12":"instock","13":"taxable","14":"shipping-taxable","15":"purchasable","16":"product-type-simple"},"acf":[],"yoast_head":"<!-- This site is optimized with the Yoast SEO plugin v27.4 - https:\/\/yoast.com\/product\/yoast-seo-wordpress\/ -->\n<title>Huum HIVE Flow Mini - Sauna Air OY<\/title>\n<meta name=\"robots\" content=\"index, follow, max-snippet:-1, max-image-preview:large, max-video-preview:-1\" \/>\n<link rel=\"canonical\" href=\"https:\/\/saunaair.fi\/fi\/saunailta\/saunan-kiukaat-3\/puulammittimet\/huum-hive-flow-mini\/\" \/>\n<meta property=\"og:locale\" content=\"fi_FI\" \/>\n<meta property=\"og:type\" content=\"article\" \/>\n<meta property=\"og:title\" content=\"Huum HIVE Flow Mini - Sauna Air OY\" \/>\n<meta property=\"og:description\" content=\"The HIVE Flow 8.5 kW sauna heater proudly stands out as the most efficient and environmentally friendly wood-burning sauna heater on the market. Its innovative design ensures that 75% of the heat from the firewood remains in the sauna, rather than escaping through the chimney. The large stone capacity retains heat, providing excellent steam for [&hellip;]\" \/>\n<meta property=\"og:url\" content=\"https:\/\/saunaair.fi\/fi\/saunailta\/saunan-kiukaat-3\/puulammittimet\/huum-hive-flow-mini\/\" \/>\n<meta property=\"og:site_name\" content=\"Sauna Air OY\" \/>\n<meta property=\"article:modified_time\" content=\"2025-06-18T10:34:01+00:00\" \/>\n<meta property=\"og:image\" content=\"https:\/\/saunaair.fi\/wp-content\/uploads\/2024\/07\/flow-front_2_web.webp\" \/>\n\t<meta property=\"og:image:width\" content=\"700\" \/>\n\t<meta property=\"og:image:height\" content=\"700\" \/>\n\t<meta property=\"og:image:type\" content=\"image\/webp\" \/>\n<meta name=\"twitter:card\" content=\"summary_large_image\" \/>\n<meta name=\"twitter:label1\" content=\"Arvioitu lukuaika\" \/>\n\t<meta name=\"twitter:data1\" content=\"2 minuuttia\" \/>\n<script type=\"application\/ld+json\" class=\"yoast-schema-graph\">{\"@context\":\"https:\\\/\\\/schema.org\",\"@graph\":[{\"@type\":\"WebPage\",\"@id\":\"https:\\\/\\\/saunaair.fi\\\/saunaair\\\/sauna-heaters\\\/wood-burning-heaters\\\/huum-hive-flow-mini\\\/\",\"url\":\"https:\\\/\\\/saunaair.fi\\\/saunaair\\\/sauna-heaters\\\/wood-burning-heaters\\\/huum-hive-flow-mini\\\/\",\"name\":\"Huum HIVE Flow Mini - Sauna Air OY\",\"isPartOf\":{\"@id\":\"https:\\\/\\\/saunaair.fi\\\/#website\"},\"primaryImageOfPage\":{\"@id\":\"https:\\\/\\\/saunaair.fi\\\/saunaair\\\/sauna-heaters\\\/wood-burning-heaters\\\/huum-hive-flow-mini\\\/#primaryimage\"},\"image\":{\"@id\":\"https:\\\/\\\/saunaair.fi\\\/saunaair\\\/sauna-heaters\\\/wood-burning-heaters\\\/huum-hive-flow-mini\\\/#primaryimage\"},\"thumbnailUrl\":\"https:\\\/\\\/saunaair.fi\\\/wp-content\\\/uploads\\\/2024\\\/07\\\/flow-front_2_web.webp\",\"datePublished\":\"2024-07-02T08:25:47+00:00\",\"dateModified\":\"2025-06-18T10:34:01+00:00\",\"breadcrumb\":{\"@id\":\"https:\\\/\\\/saunaair.fi\\\/saunaair\\\/sauna-heaters\\\/wood-burning-heaters\\\/huum-hive-flow-mini\\\/#breadcrumb\"},\"inLanguage\":\"fi\",\"potentialAction\":[{\"@type\":\"ReadAction\",\"target\":[\"https:\\\/\\\/saunaair.fi\\\/saunaair\\\/sauna-heaters\\\/wood-burning-heaters\\\/huum-hive-flow-mini\\\/\"]}]},{\"@type\":\"ImageObject\",\"inLanguage\":\"fi\",\"@id\":\"https:\\\/\\\/saunaair.fi\\\/saunaair\\\/sauna-heaters\\\/wood-burning-heaters\\\/huum-hive-flow-mini\\\/#primaryimage\",\"url\":\"https:\\\/\\\/saunaair.fi\\\/wp-content\\\/uploads\\\/2024\\\/07\\\/flow-front_2_web.webp\",\"contentUrl\":\"https:\\\/\\\/saunaair.fi\\\/wp-content\\\/uploads\\\/2024\\\/07\\\/flow-front_2_web.webp\",\"width\":700,\"height\":700},{\"@type\":\"BreadcrumbList\",\"@id\":\"https:\\\/\\\/saunaair.fi\\\/saunaair\\\/sauna-heaters\\\/wood-burning-heaters\\\/huum-hive-flow-mini\\\/#breadcrumb\",\"itemListElement\":[{\"@type\":\"ListItem\",\"position\":1,\"name\":\"Home\",\"item\":\"https:\\\/\\\/saunaair.fi\\\/fi\\\/\"},{\"@type\":\"ListItem\",\"position\":2,\"name\":\"Shop\",\"item\":\"https:\\\/\\\/saunaair.fi\\\/shop\\\/\"},{\"@type\":\"ListItem\",\"position\":3,\"name\":\"Huum HIVE Flow Mini\"}]},{\"@type\":\"WebSite\",\"@id\":\"https:\\\/\\\/saunaair.fi\\\/#website\",\"url\":\"https:\\\/\\\/saunaair.fi\\\/\",\"name\":\"Sauna Air\",\"description\":\"Saunas and sauna heaters for ultimate sauna experience.\",\"publisher\":{\"@id\":\"https:\\\/\\\/saunaair.fi\\\/#organization\"},\"potentialAction\":[{\"@type\":\"SearchAction\",\"target\":{\"@type\":\"EntryPoint\",\"urlTemplate\":\"https:\\\/\\\/saunaair.fi\\\/?s={search_term_string}\"},\"query-input\":{\"@type\":\"PropertyValueSpecification\",\"valueRequired\":true,\"valueName\":\"search_term_string\"}}],\"inLanguage\":\"fi\"},{\"@type\":\"Organization\",\"@id\":\"https:\\\/\\\/saunaair.fi\\\/#organization\",\"name\":\"Sauna Air\",\"url\":\"https:\\\/\\\/saunaair.fi\\\/\",\"logo\":{\"@type\":\"ImageObject\",\"inLanguage\":\"fi\",\"@id\":\"https:\\\/\\\/saunaair.fi\\\/#\\\/schema\\\/logo\\\/image\\\/\",\"url\":\"https:\\\/\\\/saunaair.fi\\\/wp-content\\\/uploads\\\/2024\\\/06\\\/sauna-air-high-resolution-logo-white-transparent-e1708376490154.png\",\"contentUrl\":\"https:\\\/\\\/saunaair.fi\\\/wp-content\\\/uploads\\\/2024\\\/06\\\/sauna-air-high-resolution-logo-white-transparent-e1708376490154.png\",\"width\":280,\"height\":78,\"caption\":\"Sauna Air\"},\"image\":{\"@id\":\"https:\\\/\\\/saunaair.fi\\\/#\\\/schema\\\/logo\\\/image\\\/\"}}]}<\/script>\n<!-- \/ Yoast SEO plugin. -->","yoast_head_json":{"title":"Huum HIVE Flow Mini - Sauna Air OY","robots":{"index":"index","follow":"follow","max-snippet":"max-snippet:-1","max-image-preview":"max-image-preview:large","max-video-preview":"max-video-preview:-1"},"canonical":"https:\/\/saunaair.fi\/fi\/saunailta\/saunan-kiukaat-3\/puulammittimet\/huum-hive-flow-mini\/","og_locale":"fi_FI","og_type":"article","og_title":"Huum HIVE Flow Mini - Sauna Air OY","og_description":"The HIVE Flow 8.5 kW sauna heater proudly stands out as the most efficient and environmentally friendly wood-burning sauna heater on the market. Its innovative design ensures that 75% of the heat from the firewood remains in the sauna, rather than escaping through the chimney. The large stone capacity retains heat, providing excellent steam for [&hellip;]","og_url":"https:\/\/saunaair.fi\/fi\/saunailta\/saunan-kiukaat-3\/puulammittimet\/huum-hive-flow-mini\/","og_site_name":"Sauna Air OY","article_modified_time":"2025-06-18T10:34:01+00:00","og_image":[{"width":700,"height":700,"url":"https:\/\/saunaair.fi\/wp-content\/uploads\/2024\/07\/flow-front_2_web.webp","type":"image\/webp"}],"twitter_card":"summary_large_image","twitter_misc":{"Arvioitu lukuaika":"2 minuuttia"},"schema":{"@context":"https:\/\/schema.org","@graph":[{"@type":"WebPage","@id":"https:\/\/saunaair.fi\/saunaair\/sauna-heaters\/wood-burning-heaters\/huum-hive-flow-mini\/","url":"https:\/\/saunaair.fi\/saunaair\/sauna-heaters\/wood-burning-heaters\/huum-hive-flow-mini\/","name":"Huum HIVE Flow Mini - Sauna Air OY","isPartOf":{"@id":"https:\/\/saunaair.fi\/#website"},"primaryImageOfPage":{"@id":"https:\/\/saunaair.fi\/saunaair\/sauna-heaters\/wood-burning-heaters\/huum-hive-flow-mini\/#primaryimage"},"image":{"@id":"https:\/\/saunaair.fi\/saunaair\/sauna-heaters\/wood-burning-heaters\/huum-hive-flow-mini\/#primaryimage"},"thumbnailUrl":"https:\/\/saunaair.fi\/wp-content\/uploads\/2024\/07\/flow-front_2_web.webp","datePublished":"2024-07-02T08:25:47+00:00","dateModified":"2025-06-18T10:34:01+00:00","breadcrumb":{"@id":"https:\/\/saunaair.fi\/saunaair\/sauna-heaters\/wood-burning-heaters\/huum-hive-flow-mini\/#breadcrumb"},"inLanguage":"fi","potentialAction":[{"@type":"ReadAction","target":["https:\/\/saunaair.fi\/saunaair\/sauna-heaters\/wood-burning-heaters\/huum-hive-flow-mini\/"]}]},{"@type":"ImageObject","inLanguage":"fi","@id":"https:\/\/saunaair.fi\/saunaair\/sauna-heaters\/wood-burning-heaters\/huum-hive-flow-mini\/#primaryimage","url":"https:\/\/saunaair.fi\/wp-content\/uploads\/2024\/07\/flow-front_2_web.webp","contentUrl":"https:\/\/saunaair.fi\/wp-content\/uploads\/2024\/07\/flow-front_2_web.webp","width":700,"height":700},{"@type":"BreadcrumbList","@id":"https:\/\/saunaair.fi\/saunaair\/sauna-heaters\/wood-burning-heaters\/huum-hive-flow-mini\/#breadcrumb","itemListElement":[{"@type":"ListItem","position":1,"name":"Home","item":"https:\/\/saunaair.fi\/fi\/"},{"@type":"ListItem","position":2,"name":"Shop","item":"https:\/\/saunaair.fi\/shop\/"},{"@type":"ListItem","position":3,"name":"Huum HIVE Flow Mini"}]},{"@type":"WebSite","@id":"https:\/\/saunaair.fi\/#website","url":"https:\/\/saunaair.fi\/","name":"Sauna Air","description":"Saunat ja kiukaat t\u00e4ydellist\u00e4 saunomista varten.","publisher":{"@id":"https:\/\/saunaair.fi\/#organization"},"potentialAction":[{"@type":"SearchAction","target":{"@type":"EntryPoint","urlTemplate":"https:\/\/saunaair.fi\/?s={search_term_string}"},"query-input":{"@type":"PropertyValueSpecification","valueRequired":true,"valueName":"search_term_string"}}],"inLanguage":"fi"},{"@type":"Organization","@id":"https:\/\/saunaair.fi\/#organization","name":"Sauna Air","url":"https:\/\/saunaair.fi\/","logo":{"@type":"ImageObject","inLanguage":"fi","@id":"https:\/\/saunaair.fi\/#\/schema\/logo\/image\/","url":"https:\/\/saunaair.fi\/wp-content\/uploads\/2024\/06\/sauna-air-high-resolution-logo-white-transparent-e1708376490154.png","contentUrl":"https:\/\/saunaair.fi\/wp-content\/uploads\/2024\/06\/sauna-air-high-resolution-logo-white-transparent-e1708376490154.png","width":280,"height":78,"caption":"Sauna Air"},"image":{"@id":"https:\/\/saunaair.fi\/#\/schema\/logo\/image\/"}}]}},"_links":{"self":[{"href":"http:\/\/saunaair.fi\/fi\/wp-json\/wp\/v2\/product\/669","targetHints":{"allow":["GET"]}}],"collection":[{"href":"http:\/\/saunaair.fi\/fi\/wp-json\/wp\/v2\/product"}],"about":[{"href":"http:\/\/saunaair.fi\/fi\/wp-json\/wp\/v2\/types\/product"}],"replies":[{"embeddable":true,"href":"http:\/\/saunaair.fi\/fi\/wp-json\/wp\/v2\/comments?post=669"}],"wp:featuredmedia":[{"embeddable":true,"href":"http:\/\/saunaair.fi\/fi\/wp-json\/wp\/v2\/media\/668"}],"wp:attachment":[{"href":"http:\/\/saunaair.fi\/fi\/wp-json\/wp\/v2\/media?parent=669"}],"wp:term":[{"taxonomy":"product_brand","embeddable":true,"href":"http:\/\/saunaair.fi\/fi\/wp-json\/wp\/v2\/product_brand?post=669"},{"taxonomy":"product_cat","embeddable":true,"href":"http:\/\/saunaair.fi\/fi\/wp-json\/wp\/v2\/product_cat?post=669"},{"taxonomy":"product_tag","embeddable":true,"href":"http:\/\/saunaair.fi\/fi\/wp-json\/wp\/v2\/product_tag?post=669"}],"curies":[{"name":"wp","href":"https:\/\/api.w.org\/{rel}","templated":true}]}}