{"id":1235,"date":"2024-10-01T10:37:46","date_gmt":"2024-10-01T10:37:46","guid":{"rendered":"https:\/\/saunaair.fi\/?post_type=product&#038;p=1235"},"modified":"2025-06-18T12:39:25","modified_gmt":"2025-06-18T12:39:25","slug":"nordic-elegance-spa-medium","status":"publish","type":"product","link":"http:\/\/saunaair.fi\/fi\/saunaair\/saunas\/nordic-elegance-spa-medium\/","title":{"rendered":"Nordic Elegance Spa Medium"},"content":{"rendered":"<p>Nauti rentoutumisesta Nordic Elegance Spa Medium -saunassa, joka on kompakti mutta ylellinen sauna, joka on suunniteltu niille, jotka haluavat laadukkaan kylpyl\u00e4kokemuksen pieness\u00e4 tilassa. T\u00e4m\u00e4 sauna tarjoaa saman tyylikk\u00e4\u00e4n muotoilun ja ylivertaisen k\u00e4sity\u00f6taidon kuin sen suurempi vastine, mutta kompaktimmassa muodossa. Huippulaadukkaista materiaaleista rakennettu sauna tarjoaa kest\u00e4vyytt\u00e4 ja tyyli\u00e4, joka kest\u00e4\u00e4.<\/p>\n<p>T\u00e4t\u00e4 saunaa on saatavana kahtena variaationa EU ja C. C-mallissa on irrotettava ulkoterassi, jonka avulla sauna mahtuu konttiin kuljetusta varten.<\/p>","protected":false},"excerpt":{"rendered":"<p>Indulge in relaxation with the Nordic Elegance Spa Medium, a compact yet luxurious sauna designed for those who want a high-quality spa experience in a smaller space. This sauna offers the same elegant design and superior craftsmanship as its larger counterpart, but in a more compact form. Built with top-quality materials, it provides durability and [&hellip;]<\/p>\n","protected":false},"featured_media":1357,"comment_status":"open","ping_status":"closed","template":"","meta":{"_acf_changed":false},"product_brand":[],"product_cat":[16],"product_tag":[],"class_list":{"0":"post-1235","1":"product","2":"type-product","3":"status-publish","4":"has-post-thumbnail","6":"product_cat-saunas","7":"product_shipping_class-heavy-packages","8":"tm-no-options","10":"first","11":"instock","12":"taxable","13":"shipping-taxable","14":"product-type-simple"},"acf":[],"yoast_head":"<!-- This site is optimized with the Yoast SEO plugin v27.4 - https:\/\/yoast.com\/product\/yoast-seo-wordpress\/ -->\n<title>Nordic Elegance Spa Medium - Sauna Air OY<\/title>\n<meta name=\"robots\" content=\"index, follow, max-snippet:-1, max-image-preview:large, max-video-preview:-1\" \/>\n<link rel=\"canonical\" href=\"https:\/\/saunaair.fi\/fi\/saunailta\/saunat\/nordic-elegance-spa-medium\/\" \/>\n<meta property=\"og:locale\" content=\"fi_FI\" \/>\n<meta property=\"og:type\" content=\"article\" \/>\n<meta property=\"og:title\" content=\"Nordic Elegance Spa Medium - Sauna Air OY\" \/>\n<meta property=\"og:description\" content=\"Indulge in relaxation with the Nordic Elegance Spa Medium, a compact yet luxurious sauna designed for those who want a high-quality spa experience in a smaller space. This sauna offers the same elegant design and superior craftsmanship as its larger counterpart, but in a more compact form. Built with top-quality materials, it provides durability and [&hellip;]\" \/>\n<meta property=\"og:url\" content=\"https:\/\/saunaair.fi\/fi\/saunailta\/saunat\/nordic-elegance-spa-medium\/\" \/>\n<meta property=\"og:site_name\" content=\"Sauna Air OY\" \/>\n<meta property=\"article:modified_time\" content=\"2025-06-18T12:39:25+00:00\" \/>\n<meta property=\"og:image\" content=\"https:\/\/saunaair.fi\/wp-content\/uploads\/2024\/10\/Nordic-Elegance-Spa-Medium_exterior-new-back.jpg\" \/>\n\t<meta property=\"og:image:width\" content=\"1920\" \/>\n\t<meta property=\"og:image:height\" content=\"1080\" \/>\n\t<meta property=\"og:image:type\" content=\"image\/jpeg\" \/>\n<meta name=\"twitter:card\" content=\"summary_large_image\" \/>\n<meta name=\"twitter:label1\" content=\"Arvioitu lukuaika\" \/>\n\t<meta name=\"twitter:data1\" content=\"1 minuutti\" \/>\n<script type=\"application\/ld+json\" class=\"yoast-schema-graph\">{\"@context\":\"https:\\\/\\\/schema.org\",\"@graph\":[{\"@type\":\"WebPage\",\"@id\":\"https:\\\/\\\/saunaair.fi\\\/saunaair\\\/saunas\\\/nordic-elegance-spa-medium\\\/\",\"url\":\"https:\\\/\\\/saunaair.fi\\\/saunaair\\\/saunas\\\/nordic-elegance-spa-medium\\\/\",\"name\":\"Nordic Elegance Spa Medium - Sauna Air OY\",\"isPartOf\":{\"@id\":\"https:\\\/\\\/saunaair.fi\\\/#website\"},\"primaryImageOfPage\":{\"@id\":\"https:\\\/\\\/saunaair.fi\\\/saunaair\\\/saunas\\\/nordic-elegance-spa-medium\\\/#primaryimage\"},\"image\":{\"@id\":\"https:\\\/\\\/saunaair.fi\\\/saunaair\\\/saunas\\\/nordic-elegance-spa-medium\\\/#primaryimage\"},\"thumbnailUrl\":\"https:\\\/\\\/saunaair.fi\\\/wp-content\\\/uploads\\\/2024\\\/10\\\/Nordic-Elegance-Spa-Medium_exterior-new-back.jpg\",\"datePublished\":\"2024-10-01T10:37:46+00:00\",\"dateModified\":\"2025-06-18T12:39:25+00:00\",\"breadcrumb\":{\"@id\":\"https:\\\/\\\/saunaair.fi\\\/saunaair\\\/saunas\\\/nordic-elegance-spa-medium\\\/#breadcrumb\"},\"inLanguage\":\"fi\",\"potentialAction\":[{\"@type\":\"ReadAction\",\"target\":[\"https:\\\/\\\/saunaair.fi\\\/saunaair\\\/saunas\\\/nordic-elegance-spa-medium\\\/\"]}]},{\"@type\":\"ImageObject\",\"inLanguage\":\"fi\",\"@id\":\"https:\\\/\\\/saunaair.fi\\\/saunaair\\\/saunas\\\/nordic-elegance-spa-medium\\\/#primaryimage\",\"url\":\"https:\\\/\\\/saunaair.fi\\\/wp-content\\\/uploads\\\/2024\\\/10\\\/Nordic-Elegance-Spa-Medium_exterior-new-back.jpg\",\"contentUrl\":\"https:\\\/\\\/saunaair.fi\\\/wp-content\\\/uploads\\\/2024\\\/10\\\/Nordic-Elegance-Spa-Medium_exterior-new-back.jpg\",\"width\":1920,\"height\":1080},{\"@type\":\"BreadcrumbList\",\"@id\":\"https:\\\/\\\/saunaair.fi\\\/saunaair\\\/saunas\\\/nordic-elegance-spa-medium\\\/#breadcrumb\",\"itemListElement\":[{\"@type\":\"ListItem\",\"position\":1,\"name\":\"Home\",\"item\":\"https:\\\/\\\/saunaair.fi\\\/fi\\\/\"},{\"@type\":\"ListItem\",\"position\":2,\"name\":\"Shop\",\"item\":\"https:\\\/\\\/saunaair.fi\\\/shop\\\/\"},{\"@type\":\"ListItem\",\"position\":3,\"name\":\"Nordic Elegance Spa Medium\"}]},{\"@type\":\"WebSite\",\"@id\":\"https:\\\/\\\/saunaair.fi\\\/#website\",\"url\":\"https:\\\/\\\/saunaair.fi\\\/\",\"name\":\"Sauna Air\",\"description\":\"Saunas and sauna heaters for ultimate sauna experience.\",\"publisher\":{\"@id\":\"https:\\\/\\\/saunaair.fi\\\/#organization\"},\"potentialAction\":[{\"@type\":\"SearchAction\",\"target\":{\"@type\":\"EntryPoint\",\"urlTemplate\":\"https:\\\/\\\/saunaair.fi\\\/?s={search_term_string}\"},\"query-input\":{\"@type\":\"PropertyValueSpecification\",\"valueRequired\":true,\"valueName\":\"search_term_string\"}}],\"inLanguage\":\"fi\"},{\"@type\":\"Organization\",\"@id\":\"https:\\\/\\\/saunaair.fi\\\/#organization\",\"name\":\"Sauna Air\",\"url\":\"https:\\\/\\\/saunaair.fi\\\/\",\"logo\":{\"@type\":\"ImageObject\",\"inLanguage\":\"fi\",\"@id\":\"https:\\\/\\\/saunaair.fi\\\/#\\\/schema\\\/logo\\\/image\\\/\",\"url\":\"https:\\\/\\\/saunaair.fi\\\/wp-content\\\/uploads\\\/2024\\\/06\\\/sauna-air-high-resolution-logo-white-transparent-e1708376490154.png\",\"contentUrl\":\"https:\\\/\\\/saunaair.fi\\\/wp-content\\\/uploads\\\/2024\\\/06\\\/sauna-air-high-resolution-logo-white-transparent-e1708376490154.png\",\"width\":280,\"height\":78,\"caption\":\"Sauna Air\"},\"image\":{\"@id\":\"https:\\\/\\\/saunaair.fi\\\/#\\\/schema\\\/logo\\\/image\\\/\"}}]}<\/script>\n<!-- \/ Yoast SEO plugin. -->","yoast_head_json":{"title":"Nordic Elegance Spa Medium - Sauna Air OY - Sauna Air OY","robots":{"index":"index","follow":"follow","max-snippet":"max-snippet:-1","max-image-preview":"max-image-preview:large","max-video-preview":"max-video-preview:-1"},"canonical":"https:\/\/saunaair.fi\/fi\/saunailta\/saunat\/nordic-elegance-spa-medium\/","og_locale":"fi_FI","og_type":"article","og_title":"Nordic Elegance Spa Medium - Sauna Air OY","og_description":"Indulge in relaxation with the Nordic Elegance Spa Medium, a compact yet luxurious sauna designed for those who want a high-quality spa experience in a smaller space. This sauna offers the same elegant design and superior craftsmanship as its larger counterpart, but in a more compact form. Built with top-quality materials, it provides durability and [&hellip;]","og_url":"https:\/\/saunaair.fi\/fi\/saunailta\/saunat\/nordic-elegance-spa-medium\/","og_site_name":"Sauna Air OY","article_modified_time":"2025-06-18T12:39:25+00:00","og_image":[{"width":1920,"height":1080,"url":"https:\/\/saunaair.fi\/wp-content\/uploads\/2024\/10\/Nordic-Elegance-Spa-Medium_exterior-new-back.jpg","type":"image\/jpeg"}],"twitter_card":"summary_large_image","twitter_misc":{"Arvioitu lukuaika":"1 minuutti"},"schema":{"@context":"https:\/\/schema.org","@graph":[{"@type":"WebPage","@id":"https:\/\/saunaair.fi\/saunaair\/saunas\/nordic-elegance-spa-medium\/","url":"https:\/\/saunaair.fi\/saunaair\/saunas\/nordic-elegance-spa-medium\/","name":"Nordic Elegance Spa Medium - Sauna Air OY - Sauna Air OY","isPartOf":{"@id":"https:\/\/saunaair.fi\/#website"},"primaryImageOfPage":{"@id":"https:\/\/saunaair.fi\/saunaair\/saunas\/nordic-elegance-spa-medium\/#primaryimage"},"image":{"@id":"https:\/\/saunaair.fi\/saunaair\/saunas\/nordic-elegance-spa-medium\/#primaryimage"},"thumbnailUrl":"https:\/\/saunaair.fi\/wp-content\/uploads\/2024\/10\/Nordic-Elegance-Spa-Medium_exterior-new-back.jpg","datePublished":"2024-10-01T10:37:46+00:00","dateModified":"2025-06-18T12:39:25+00:00","breadcrumb":{"@id":"https:\/\/saunaair.fi\/saunaair\/saunas\/nordic-elegance-spa-medium\/#breadcrumb"},"inLanguage":"fi","potentialAction":[{"@type":"ReadAction","target":["https:\/\/saunaair.fi\/saunaair\/saunas\/nordic-elegance-spa-medium\/"]}]},{"@type":"ImageObject","inLanguage":"fi","@id":"https:\/\/saunaair.fi\/saunaair\/saunas\/nordic-elegance-spa-medium\/#primaryimage","url":"https:\/\/saunaair.fi\/wp-content\/uploads\/2024\/10\/Nordic-Elegance-Spa-Medium_exterior-new-back.jpg","contentUrl":"https:\/\/saunaair.fi\/wp-content\/uploads\/2024\/10\/Nordic-Elegance-Spa-Medium_exterior-new-back.jpg","width":1920,"height":1080},{"@type":"BreadcrumbList","@id":"https:\/\/saunaair.fi\/saunaair\/saunas\/nordic-elegance-spa-medium\/#breadcrumb","itemListElement":[{"@type":"ListItem","position":1,"name":"Home","item":"https:\/\/saunaair.fi\/fi\/"},{"@type":"ListItem","position":2,"name":"Shop","item":"https:\/\/saunaair.fi\/shop\/"},{"@type":"ListItem","position":3,"name":"Nordic Elegance Spa Medium"}]},{"@type":"WebSite","@id":"https:\/\/saunaair.fi\/#website","url":"https:\/\/saunaair.fi\/","name":"Sauna Air","description":"Saunat ja kiukaat t\u00e4ydellist\u00e4 saunomista varten.","publisher":{"@id":"https:\/\/saunaair.fi\/#organization"},"potentialAction":[{"@type":"SearchAction","target":{"@type":"EntryPoint","urlTemplate":"https:\/\/saunaair.fi\/?s={search_term_string}"},"query-input":{"@type":"PropertyValueSpecification","valueRequired":true,"valueName":"search_term_string"}}],"inLanguage":"fi"},{"@type":"Organization","@id":"https:\/\/saunaair.fi\/#organization","name":"Sauna Air","url":"https:\/\/saunaair.fi\/","logo":{"@type":"ImageObject","inLanguage":"fi","@id":"https:\/\/saunaair.fi\/#\/schema\/logo\/image\/","url":"https:\/\/saunaair.fi\/wp-content\/uploads\/2024\/06\/sauna-air-high-resolution-logo-white-transparent-e1708376490154.png","contentUrl":"https:\/\/saunaair.fi\/wp-content\/uploads\/2024\/06\/sauna-air-high-resolution-logo-white-transparent-e1708376490154.png","width":280,"height":78,"caption":"Sauna Air"},"image":{"@id":"https:\/\/saunaair.fi\/#\/schema\/logo\/image\/"}}]}},"_links":{"self":[{"href":"http:\/\/saunaair.fi\/fi\/wp-json\/wp\/v2\/product\/1235","targetHints":{"allow":["GET"]}}],"collection":[{"href":"http:\/\/saunaair.fi\/fi\/wp-json\/wp\/v2\/product"}],"about":[{"href":"http:\/\/saunaair.fi\/fi\/wp-json\/wp\/v2\/types\/product"}],"replies":[{"embeddable":true,"href":"http:\/\/saunaair.fi\/fi\/wp-json\/wp\/v2\/comments?post=1235"}],"wp:featuredmedia":[{"embeddable":true,"href":"http:\/\/saunaair.fi\/fi\/wp-json\/wp\/v2\/media\/1357"}],"wp:attachment":[{"href":"http:\/\/saunaair.fi\/fi\/wp-json\/wp\/v2\/media?parent=1235"}],"wp:term":[{"taxonomy":"product_brand","embeddable":true,"href":"http:\/\/saunaair.fi\/fi\/wp-json\/wp\/v2\/product_brand?post=1235"},{"taxonomy":"product_cat","embeddable":true,"href":"http:\/\/saunaair.fi\/fi\/wp-json\/wp\/v2\/product_cat?post=1235"},{"taxonomy":"product_tag","embeddable":true,"href":"http:\/\/saunaair.fi\/fi\/wp-json\/wp\/v2\/product_tag?post=1235"}],"curies":[{"name":"wp","href":"https:\/\/api.w.org\/{rel}","templated":true}]}}