{"id":1052,"date":"2024-09-27T10:56:07","date_gmt":"2024-09-27T10:56:07","guid":{"rendered":"https:\/\/saunaair.fi\/?post_type=product&#038;p=1052"},"modified":"2024-11-11T12:16:41","modified_gmt":"2024-11-11T12:16:41","slug":"saunum-aromisarja-eukalyptus","status":"publish","type":"product","link":"http:\/\/saunaair.fi\/fi\/saunaair\/additional-equipment\/saunum-aroma-set-eukalyptus\/","title":{"rendered":"Saunum Aroma Set - Eukalyptus"},"content":{"rendered":"<p>Saunan tuoksu Eukalyptus. Saunatuoksut on valmistettu 100% puhtaista eteerisist\u00e4 \u00f6ljyist\u00e4.<\/p>\n<p>Lis\u00e4\u00e4 2-6 tippaa...<\/p>","protected":false},"excerpt":{"rendered":"<p>Saunan tuoksu Eukalyptus. Saunatuoksut on valmistettu 100% puhtaista eteerisist\u00e4 \u00f6ljyist\u00e4. Lis\u00e4\u00e4 2-6 tippaa...<\/p>","protected":false},"featured_media":1053,"comment_status":"open","ping_status":"closed","template":"","meta":{"_acf_changed":false},"product_brand":[],"product_cat":[18],"product_tag":[],"class_list":{"0":"post-1052","1":"product","2":"type-product","3":"status-publish","4":"has-post-thumbnail","6":"product_cat-additional-equipment","7":"product_shipping_class-suitable-for-parcel-machine","8":"tm-no-options","10":"first","11":"instock","12":"taxable","13":"shipping-taxable","14":"purchasable","15":"product-type-simple"},"acf":[],"yoast_head":"<!-- This site is optimized with the Yoast SEO plugin v27.4 - https:\/\/yoast.com\/product\/yoast-seo-wordpress\/ -->\n<title>Saunum Aroma Set - Eukalyptus - Sauna Air OY<\/title>\n<meta name=\"robots\" content=\"index, follow, max-snippet:-1, max-image-preview:large, max-video-preview:-1\" \/>\n<link rel=\"canonical\" href=\"https:\/\/saunaair.fi\/fi\/saunailta\/lisalaitteet\/saunum-aromisarja-eukalyptus\/\" \/>\n<meta property=\"og:locale\" content=\"fi_FI\" \/>\n<meta property=\"og:type\" content=\"article\" \/>\n<meta property=\"og:title\" content=\"Saunum Aroma Set - Eukalyptus - Sauna Air OY\" \/>\n<meta property=\"og:description\" content=\"Sauna Fragrance Eukalyptus. The sauna fragrances are made from 100% pure essential oils. Add 2-6 drops&#8230;\" \/>\n<meta property=\"og:url\" content=\"https:\/\/saunaair.fi\/fi\/saunailta\/lisalaitteet\/saunum-aromisarja-eukalyptus\/\" \/>\n<meta property=\"og:site_name\" content=\"Sauna Air OY\" \/>\n<meta property=\"article:modified_time\" content=\"2024-11-11T12:16:41+00:00\" \/>\n<meta property=\"og:image\" content=\"https:\/\/saunaair.fi\/wp-content\/uploads\/2024\/09\/25504429-saunum-sauna-oil-set-eucalyptus-2-431a2c2b2d5e550a.jpg\" \/>\n\t<meta property=\"og:image:width\" content=\"574\" \/>\n\t<meta property=\"og:image:height\" content=\"382\" \/>\n\t<meta property=\"og:image:type\" content=\"image\/jpeg\" \/>\n<meta name=\"twitter:card\" content=\"summary_large_image\" \/>\n<script type=\"application\/ld+json\" class=\"yoast-schema-graph\">{\"@context\":\"https:\\\/\\\/schema.org\",\"@graph\":[{\"@type\":\"WebPage\",\"@id\":\"https:\\\/\\\/saunaair.fi\\\/saunaair\\\/additional-equipment\\\/saunum-aroma-set-eukalyptus\\\/\",\"url\":\"https:\\\/\\\/saunaair.fi\\\/saunaair\\\/additional-equipment\\\/saunum-aroma-set-eukalyptus\\\/\",\"name\":\"Saunum Aroma Set - Eukalyptus - Sauna Air OY\",\"isPartOf\":{\"@id\":\"https:\\\/\\\/saunaair.fi\\\/#website\"},\"primaryImageOfPage\":{\"@id\":\"https:\\\/\\\/saunaair.fi\\\/saunaair\\\/additional-equipment\\\/saunum-aroma-set-eukalyptus\\\/#primaryimage\"},\"image\":{\"@id\":\"https:\\\/\\\/saunaair.fi\\\/saunaair\\\/additional-equipment\\\/saunum-aroma-set-eukalyptus\\\/#primaryimage\"},\"thumbnailUrl\":\"https:\\\/\\\/saunaair.fi\\\/wp-content\\\/uploads\\\/2024\\\/09\\\/25504429-saunum-sauna-oil-set-eucalyptus-2-431a2c2b2d5e550a.jpg\",\"datePublished\":\"2024-09-27T10:56:07+00:00\",\"dateModified\":\"2024-11-11T12:16:41+00:00\",\"breadcrumb\":{\"@id\":\"https:\\\/\\\/saunaair.fi\\\/saunaair\\\/additional-equipment\\\/saunum-aroma-set-eukalyptus\\\/#breadcrumb\"},\"inLanguage\":\"fi\",\"potentialAction\":[{\"@type\":\"ReadAction\",\"target\":[\"https:\\\/\\\/saunaair.fi\\\/saunaair\\\/additional-equipment\\\/saunum-aroma-set-eukalyptus\\\/\"]}]},{\"@type\":\"ImageObject\",\"inLanguage\":\"fi\",\"@id\":\"https:\\\/\\\/saunaair.fi\\\/saunaair\\\/additional-equipment\\\/saunum-aroma-set-eukalyptus\\\/#primaryimage\",\"url\":\"https:\\\/\\\/saunaair.fi\\\/wp-content\\\/uploads\\\/2024\\\/09\\\/25504429-saunum-sauna-oil-set-eucalyptus-2-431a2c2b2d5e550a.jpg\",\"contentUrl\":\"https:\\\/\\\/saunaair.fi\\\/wp-content\\\/uploads\\\/2024\\\/09\\\/25504429-saunum-sauna-oil-set-eucalyptus-2-431a2c2b2d5e550a.jpg\",\"width\":574,\"height\":382},{\"@type\":\"BreadcrumbList\",\"@id\":\"https:\\\/\\\/saunaair.fi\\\/saunaair\\\/additional-equipment\\\/saunum-aroma-set-eukalyptus\\\/#breadcrumb\",\"itemListElement\":[{\"@type\":\"ListItem\",\"position\":1,\"name\":\"Home\",\"item\":\"https:\\\/\\\/saunaair.fi\\\/fi\\\/\"},{\"@type\":\"ListItem\",\"position\":2,\"name\":\"Shop\",\"item\":\"https:\\\/\\\/saunaair.fi\\\/shop\\\/\"},{\"@type\":\"ListItem\",\"position\":3,\"name\":\"Saunum Aroma Set &#8211; Eukalyptus\"}]},{\"@type\":\"WebSite\",\"@id\":\"https:\\\/\\\/saunaair.fi\\\/#website\",\"url\":\"https:\\\/\\\/saunaair.fi\\\/\",\"name\":\"Sauna Air\",\"description\":\"Saunas and sauna heaters for ultimate sauna experience.\",\"publisher\":{\"@id\":\"https:\\\/\\\/saunaair.fi\\\/#organization\"},\"potentialAction\":[{\"@type\":\"SearchAction\",\"target\":{\"@type\":\"EntryPoint\",\"urlTemplate\":\"https:\\\/\\\/saunaair.fi\\\/?s={search_term_string}\"},\"query-input\":{\"@type\":\"PropertyValueSpecification\",\"valueRequired\":true,\"valueName\":\"search_term_string\"}}],\"inLanguage\":\"fi\"},{\"@type\":\"Organization\",\"@id\":\"https:\\\/\\\/saunaair.fi\\\/#organization\",\"name\":\"Sauna Air\",\"url\":\"https:\\\/\\\/saunaair.fi\\\/\",\"logo\":{\"@type\":\"ImageObject\",\"inLanguage\":\"fi\",\"@id\":\"https:\\\/\\\/saunaair.fi\\\/#\\\/schema\\\/logo\\\/image\\\/\",\"url\":\"https:\\\/\\\/saunaair.fi\\\/wp-content\\\/uploads\\\/2024\\\/06\\\/sauna-air-high-resolution-logo-white-transparent-e1708376490154.png\",\"contentUrl\":\"https:\\\/\\\/saunaair.fi\\\/wp-content\\\/uploads\\\/2024\\\/06\\\/sauna-air-high-resolution-logo-white-transparent-e1708376490154.png\",\"width\":280,\"height\":78,\"caption\":\"Sauna Air\"},\"image\":{\"@id\":\"https:\\\/\\\/saunaair.fi\\\/#\\\/schema\\\/logo\\\/image\\\/\"}}]}<\/script>\n<!-- \/ Yoast SEO plugin. -->","yoast_head_json":{"title":"Saunum Aroma Set - Eukalyptus - Sauna Air OY","robots":{"index":"index","follow":"follow","max-snippet":"max-snippet:-1","max-image-preview":"max-image-preview:large","max-video-preview":"max-video-preview:-1"},"canonical":"https:\/\/saunaair.fi\/fi\/saunailta\/lisalaitteet\/saunum-aromisarja-eukalyptus\/","og_locale":"fi_FI","og_type":"article","og_title":"Saunum Aroma Set - Eukalyptus - Sauna Air OY","og_description":"Sauna Fragrance Eukalyptus. The sauna fragrances are made from 100% pure essential oils. Add 2-6 drops&#8230;","og_url":"https:\/\/saunaair.fi\/fi\/saunailta\/lisalaitteet\/saunum-aromisarja-eukalyptus\/","og_site_name":"Sauna Air OY","article_modified_time":"2024-11-11T12:16:41+00:00","og_image":[{"width":574,"height":382,"url":"https:\/\/saunaair.fi\/wp-content\/uploads\/2024\/09\/25504429-saunum-sauna-oil-set-eucalyptus-2-431a2c2b2d5e550a.jpg","type":"image\/jpeg"}],"twitter_card":"summary_large_image","schema":{"@context":"https:\/\/schema.org","@graph":[{"@type":"WebPage","@id":"https:\/\/saunaair.fi\/saunaair\/additional-equipment\/saunum-aroma-set-eukalyptus\/","url":"https:\/\/saunaair.fi\/saunaair\/additional-equipment\/saunum-aroma-set-eukalyptus\/","name":"Saunum Aroma Set - Eukalyptus - Sauna Air OY","isPartOf":{"@id":"https:\/\/saunaair.fi\/#website"},"primaryImageOfPage":{"@id":"https:\/\/saunaair.fi\/saunaair\/additional-equipment\/saunum-aroma-set-eukalyptus\/#primaryimage"},"image":{"@id":"https:\/\/saunaair.fi\/saunaair\/additional-equipment\/saunum-aroma-set-eukalyptus\/#primaryimage"},"thumbnailUrl":"https:\/\/saunaair.fi\/wp-content\/uploads\/2024\/09\/25504429-saunum-sauna-oil-set-eucalyptus-2-431a2c2b2d5e550a.jpg","datePublished":"2024-09-27T10:56:07+00:00","dateModified":"2024-11-11T12:16:41+00:00","breadcrumb":{"@id":"https:\/\/saunaair.fi\/saunaair\/additional-equipment\/saunum-aroma-set-eukalyptus\/#breadcrumb"},"inLanguage":"fi","potentialAction":[{"@type":"ReadAction","target":["https:\/\/saunaair.fi\/saunaair\/additional-equipment\/saunum-aroma-set-eukalyptus\/"]}]},{"@type":"ImageObject","inLanguage":"fi","@id":"https:\/\/saunaair.fi\/saunaair\/additional-equipment\/saunum-aroma-set-eukalyptus\/#primaryimage","url":"https:\/\/saunaair.fi\/wp-content\/uploads\/2024\/09\/25504429-saunum-sauna-oil-set-eucalyptus-2-431a2c2b2d5e550a.jpg","contentUrl":"https:\/\/saunaair.fi\/wp-content\/uploads\/2024\/09\/25504429-saunum-sauna-oil-set-eucalyptus-2-431a2c2b2d5e550a.jpg","width":574,"height":382},{"@type":"BreadcrumbList","@id":"https:\/\/saunaair.fi\/saunaair\/additional-equipment\/saunum-aroma-set-eukalyptus\/#breadcrumb","itemListElement":[{"@type":"ListItem","position":1,"name":"Home","item":"https:\/\/saunaair.fi\/fi\/"},{"@type":"ListItem","position":2,"name":"Shop","item":"https:\/\/saunaair.fi\/shop\/"},{"@type":"ListItem","position":3,"name":"Saunum Aroma Set &#8211; Eukalyptus"}]},{"@type":"WebSite","@id":"https:\/\/saunaair.fi\/#website","url":"https:\/\/saunaair.fi\/","name":"Sauna Air","description":"Saunat ja kiukaat t\u00e4ydellist\u00e4 saunomista varten.","publisher":{"@id":"https:\/\/saunaair.fi\/#organization"},"potentialAction":[{"@type":"SearchAction","target":{"@type":"EntryPoint","urlTemplate":"https:\/\/saunaair.fi\/?s={search_term_string}"},"query-input":{"@type":"PropertyValueSpecification","valueRequired":true,"valueName":"search_term_string"}}],"inLanguage":"fi"},{"@type":"Organization","@id":"https:\/\/saunaair.fi\/#organization","name":"Sauna Air","url":"https:\/\/saunaair.fi\/","logo":{"@type":"ImageObject","inLanguage":"fi","@id":"https:\/\/saunaair.fi\/#\/schema\/logo\/image\/","url":"https:\/\/saunaair.fi\/wp-content\/uploads\/2024\/06\/sauna-air-high-resolution-logo-white-transparent-e1708376490154.png","contentUrl":"https:\/\/saunaair.fi\/wp-content\/uploads\/2024\/06\/sauna-air-high-resolution-logo-white-transparent-e1708376490154.png","width":280,"height":78,"caption":"Sauna Air"},"image":{"@id":"https:\/\/saunaair.fi\/#\/schema\/logo\/image\/"}}]}},"_links":{"self":[{"href":"http:\/\/saunaair.fi\/fi\/wp-json\/wp\/v2\/product\/1052","targetHints":{"allow":["GET"]}}],"collection":[{"href":"http:\/\/saunaair.fi\/fi\/wp-json\/wp\/v2\/product"}],"about":[{"href":"http:\/\/saunaair.fi\/fi\/wp-json\/wp\/v2\/types\/product"}],"replies":[{"embeddable":true,"href":"http:\/\/saunaair.fi\/fi\/wp-json\/wp\/v2\/comments?post=1052"}],"wp:featuredmedia":[{"embeddable":true,"href":"http:\/\/saunaair.fi\/fi\/wp-json\/wp\/v2\/media\/1053"}],"wp:attachment":[{"href":"http:\/\/saunaair.fi\/fi\/wp-json\/wp\/v2\/media?parent=1052"}],"wp:term":[{"taxonomy":"product_brand","embeddable":true,"href":"http:\/\/saunaair.fi\/fi\/wp-json\/wp\/v2\/product_brand?post=1052"},{"taxonomy":"product_cat","embeddable":true,"href":"http:\/\/saunaair.fi\/fi\/wp-json\/wp\/v2\/product_cat?post=1052"},{"taxonomy":"product_tag","embeddable":true,"href":"http:\/\/saunaair.fi\/fi\/wp-json\/wp\/v2\/product_tag?post=1052"}],"curies":[{"name":"wp","href":"https:\/\/api.w.org\/{rel}","templated":true}]}}