{"id":1033,"date":"2024-09-27T10:38:13","date_gmt":"2024-09-27T10:38:13","guid":{"rendered":"https:\/\/saunaair.fi\/?post_type=product&#038;p=1033"},"modified":"2024-10-01T17:27:11","modified_gmt":"2024-10-01T17:27:11","slug":"yhden-kosketuksen-ohjausyksikko","status":"publish","type":"product","link":"http:\/\/saunaair.fi\/fi\/saunaair\/additional-equipment\/one-touch-control-unit\/","title":{"rendered":"One Touch -ohjausyksikk\u00f6"},"content":{"rendered":"<p>One Touch -kaukokytkin nopeuttaa puhaltimen s\u00e4\u00e4t\u00f6\u00e4 ja aktivointia Saunumin l\u00e4mmittimiss\u00e4 ja ilmanvaihtoj\u00e4rjestelmiss\u00e4.<\/p>","protected":false},"excerpt":{"rendered":"<p>One Touch -kaukokytkin nopeuttaa puhaltimen s\u00e4\u00e4t\u00f6\u00e4 ja aktivointia Saunumin l\u00e4mmittimiss\u00e4 ja ilmanvaihtoj\u00e4rjestelmiss\u00e4.<\/p>","protected":false},"featured_media":1034,"comment_status":"open","ping_status":"closed","template":"","meta":{"_acf_changed":false},"product_brand":[],"product_cat":[18],"product_tag":[],"class_list":{"0":"post-1033","1":"product","2":"type-product","3":"status-publish","4":"has-post-thumbnail","6":"product_cat-additional-equipment","7":"product_shipping_class-suitable-for-parcel-machine","8":"tm-no-options","10":"first","11":"instock","12":"taxable","13":"shipping-taxable","14":"purchasable","15":"product-type-variable"},"acf":[],"yoast_head":"<!-- This site is optimized with the Yoast SEO plugin v27.4 - https:\/\/yoast.com\/product\/yoast-seo-wordpress\/ -->\n<title>One Touch control unit - Sauna Air OY<\/title>\n<meta name=\"robots\" content=\"index, follow, max-snippet:-1, max-image-preview:large, max-video-preview:-1\" \/>\n<link rel=\"canonical\" href=\"https:\/\/saunaair.fi\/fi\/saunailta\/lisalaitteet\/yhden-kosketuksen-ohjausyksikko\/\" \/>\n<meta property=\"og:locale\" content=\"fi_FI\" \/>\n<meta property=\"og:type\" content=\"article\" \/>\n<meta property=\"og:title\" content=\"One Touch control unit - Sauna Air OY\" \/>\n<meta property=\"og:description\" content=\"One Touch remote switch speeds up the adjustment and activation of the fan in Saunum heaters and ventilation systems.\" \/>\n<meta property=\"og:url\" content=\"https:\/\/saunaair.fi\/fi\/saunailta\/lisalaitteet\/yhden-kosketuksen-ohjausyksikko\/\" \/>\n<meta property=\"og:site_name\" content=\"Sauna Air OY\" \/>\n<meta property=\"article:modified_time\" content=\"2024-10-01T17:27:11+00:00\" \/>\n<meta property=\"og:image\" content=\"https:\/\/saunaair.fi\/wp-content\/uploads\/2024\/09\/25504375-imgonline-com-ua-2to1-mfynysez1xv-bce22adb6c404a6e_700x700.png\" \/>\n\t<meta property=\"og:image:width\" content=\"574\" \/>\n\t<meta property=\"og:image:height\" content=\"343\" \/>\n\t<meta property=\"og:image:type\" content=\"image\/png\" \/>\n<meta name=\"twitter:card\" content=\"summary_large_image\" \/>\n<script type=\"application\/ld+json\" class=\"yoast-schema-graph\">{\"@context\":\"https:\\\/\\\/schema.org\",\"@graph\":[{\"@type\":\"WebPage\",\"@id\":\"https:\\\/\\\/saunaair.fi\\\/saunaair\\\/additional-equipment\\\/one-touch-control-unit\\\/\",\"url\":\"https:\\\/\\\/saunaair.fi\\\/saunaair\\\/additional-equipment\\\/one-touch-control-unit\\\/\",\"name\":\"One Touch control unit - Sauna Air OY\",\"isPartOf\":{\"@id\":\"https:\\\/\\\/saunaair.fi\\\/#website\"},\"primaryImageOfPage\":{\"@id\":\"https:\\\/\\\/saunaair.fi\\\/saunaair\\\/additional-equipment\\\/one-touch-control-unit\\\/#primaryimage\"},\"image\":{\"@id\":\"https:\\\/\\\/saunaair.fi\\\/saunaair\\\/additional-equipment\\\/one-touch-control-unit\\\/#primaryimage\"},\"thumbnailUrl\":\"https:\\\/\\\/saunaair.fi\\\/wp-content\\\/uploads\\\/2024\\\/09\\\/25504375-imgonline-com-ua-2to1-mfynysez1xv-bce22adb6c404a6e_700x700.png\",\"datePublished\":\"2024-09-27T10:38:13+00:00\",\"dateModified\":\"2024-10-01T17:27:11+00:00\",\"breadcrumb\":{\"@id\":\"https:\\\/\\\/saunaair.fi\\\/saunaair\\\/additional-equipment\\\/one-touch-control-unit\\\/#breadcrumb\"},\"inLanguage\":\"fi\",\"potentialAction\":[{\"@type\":\"ReadAction\",\"target\":[\"https:\\\/\\\/saunaair.fi\\\/saunaair\\\/additional-equipment\\\/one-touch-control-unit\\\/\"]}]},{\"@type\":\"ImageObject\",\"inLanguage\":\"fi\",\"@id\":\"https:\\\/\\\/saunaair.fi\\\/saunaair\\\/additional-equipment\\\/one-touch-control-unit\\\/#primaryimage\",\"url\":\"https:\\\/\\\/saunaair.fi\\\/wp-content\\\/uploads\\\/2024\\\/09\\\/25504375-imgonline-com-ua-2to1-mfynysez1xv-bce22adb6c404a6e_700x700.png\",\"contentUrl\":\"https:\\\/\\\/saunaair.fi\\\/wp-content\\\/uploads\\\/2024\\\/09\\\/25504375-imgonline-com-ua-2to1-mfynysez1xv-bce22adb6c404a6e_700x700.png\",\"width\":574,\"height\":343},{\"@type\":\"BreadcrumbList\",\"@id\":\"https:\\\/\\\/saunaair.fi\\\/saunaair\\\/additional-equipment\\\/one-touch-control-unit\\\/#breadcrumb\",\"itemListElement\":[{\"@type\":\"ListItem\",\"position\":1,\"name\":\"Home\",\"item\":\"https:\\\/\\\/saunaair.fi\\\/fi\\\/\"},{\"@type\":\"ListItem\",\"position\":2,\"name\":\"Shop\",\"item\":\"https:\\\/\\\/saunaair.fi\\\/shop\\\/\"},{\"@type\":\"ListItem\",\"position\":3,\"name\":\"One Touch control unit\"}]},{\"@type\":\"WebSite\",\"@id\":\"https:\\\/\\\/saunaair.fi\\\/#website\",\"url\":\"https:\\\/\\\/saunaair.fi\\\/\",\"name\":\"Sauna Air\",\"description\":\"Saunas and sauna heaters for ultimate sauna experience.\",\"publisher\":{\"@id\":\"https:\\\/\\\/saunaair.fi\\\/#organization\"},\"potentialAction\":[{\"@type\":\"SearchAction\",\"target\":{\"@type\":\"EntryPoint\",\"urlTemplate\":\"https:\\\/\\\/saunaair.fi\\\/?s={search_term_string}\"},\"query-input\":{\"@type\":\"PropertyValueSpecification\",\"valueRequired\":true,\"valueName\":\"search_term_string\"}}],\"inLanguage\":\"fi\"},{\"@type\":\"Organization\",\"@id\":\"https:\\\/\\\/saunaair.fi\\\/#organization\",\"name\":\"Sauna Air\",\"url\":\"https:\\\/\\\/saunaair.fi\\\/\",\"logo\":{\"@type\":\"ImageObject\",\"inLanguage\":\"fi\",\"@id\":\"https:\\\/\\\/saunaair.fi\\\/#\\\/schema\\\/logo\\\/image\\\/\",\"url\":\"https:\\\/\\\/saunaair.fi\\\/wp-content\\\/uploads\\\/2024\\\/06\\\/sauna-air-high-resolution-logo-white-transparent-e1708376490154.png\",\"contentUrl\":\"https:\\\/\\\/saunaair.fi\\\/wp-content\\\/uploads\\\/2024\\\/06\\\/sauna-air-high-resolution-logo-white-transparent-e1708376490154.png\",\"width\":280,\"height\":78,\"caption\":\"Sauna Air\"},\"image\":{\"@id\":\"https:\\\/\\\/saunaair.fi\\\/#\\\/schema\\\/logo\\\/image\\\/\"}}]}<\/script>\n<!-- \/ Yoast SEO plugin. -->","yoast_head_json":{"title":"One Touch ohjausyksikk\u00f6 - Sauna Air OY","robots":{"index":"index","follow":"follow","max-snippet":"max-snippet:-1","max-image-preview":"max-image-preview:large","max-video-preview":"max-video-preview:-1"},"canonical":"https:\/\/saunaair.fi\/fi\/saunailta\/lisalaitteet\/yhden-kosketuksen-ohjausyksikko\/","og_locale":"fi_FI","og_type":"article","og_title":"One Touch control unit - Sauna Air OY","og_description":"One Touch remote switch speeds up the adjustment and activation of the fan in Saunum heaters and ventilation systems.","og_url":"https:\/\/saunaair.fi\/fi\/saunailta\/lisalaitteet\/yhden-kosketuksen-ohjausyksikko\/","og_site_name":"Sauna Air OY","article_modified_time":"2024-10-01T17:27:11+00:00","og_image":[{"width":574,"height":343,"url":"https:\/\/saunaair.fi\/wp-content\/uploads\/2024\/09\/25504375-imgonline-com-ua-2to1-mfynysez1xv-bce22adb6c404a6e_700x700.png","type":"image\/png"}],"twitter_card":"summary_large_image","schema":{"@context":"https:\/\/schema.org","@graph":[{"@type":"WebPage","@id":"https:\/\/saunaair.fi\/saunaair\/additional-equipment\/one-touch-control-unit\/","url":"https:\/\/saunaair.fi\/saunaair\/additional-equipment\/one-touch-control-unit\/","name":"One Touch ohjausyksikk\u00f6 - Sauna Air OY","isPartOf":{"@id":"https:\/\/saunaair.fi\/#website"},"primaryImageOfPage":{"@id":"https:\/\/saunaair.fi\/saunaair\/additional-equipment\/one-touch-control-unit\/#primaryimage"},"image":{"@id":"https:\/\/saunaair.fi\/saunaair\/additional-equipment\/one-touch-control-unit\/#primaryimage"},"thumbnailUrl":"https:\/\/saunaair.fi\/wp-content\/uploads\/2024\/09\/25504375-imgonline-com-ua-2to1-mfynysez1xv-bce22adb6c404a6e_700x700.png","datePublished":"2024-09-27T10:38:13+00:00","dateModified":"2024-10-01T17:27:11+00:00","breadcrumb":{"@id":"https:\/\/saunaair.fi\/saunaair\/additional-equipment\/one-touch-control-unit\/#breadcrumb"},"inLanguage":"fi","potentialAction":[{"@type":"ReadAction","target":["https:\/\/saunaair.fi\/saunaair\/additional-equipment\/one-touch-control-unit\/"]}]},{"@type":"ImageObject","inLanguage":"fi","@id":"https:\/\/saunaair.fi\/saunaair\/additional-equipment\/one-touch-control-unit\/#primaryimage","url":"https:\/\/saunaair.fi\/wp-content\/uploads\/2024\/09\/25504375-imgonline-com-ua-2to1-mfynysez1xv-bce22adb6c404a6e_700x700.png","contentUrl":"https:\/\/saunaair.fi\/wp-content\/uploads\/2024\/09\/25504375-imgonline-com-ua-2to1-mfynysez1xv-bce22adb6c404a6e_700x700.png","width":574,"height":343},{"@type":"BreadcrumbList","@id":"https:\/\/saunaair.fi\/saunaair\/additional-equipment\/one-touch-control-unit\/#breadcrumb","itemListElement":[{"@type":"ListItem","position":1,"name":"Home","item":"https:\/\/saunaair.fi\/fi\/"},{"@type":"ListItem","position":2,"name":"Shop","item":"https:\/\/saunaair.fi\/shop\/"},{"@type":"ListItem","position":3,"name":"One Touch control unit"}]},{"@type":"WebSite","@id":"https:\/\/saunaair.fi\/#website","url":"https:\/\/saunaair.fi\/","name":"Sauna Air","description":"Saunat ja kiukaat t\u00e4ydellist\u00e4 saunomista varten.","publisher":{"@id":"https:\/\/saunaair.fi\/#organization"},"potentialAction":[{"@type":"SearchAction","target":{"@type":"EntryPoint","urlTemplate":"https:\/\/saunaair.fi\/?s={search_term_string}"},"query-input":{"@type":"PropertyValueSpecification","valueRequired":true,"valueName":"search_term_string"}}],"inLanguage":"fi"},{"@type":"Organization","@id":"https:\/\/saunaair.fi\/#organization","name":"Sauna Air","url":"https:\/\/saunaair.fi\/","logo":{"@type":"ImageObject","inLanguage":"fi","@id":"https:\/\/saunaair.fi\/#\/schema\/logo\/image\/","url":"https:\/\/saunaair.fi\/wp-content\/uploads\/2024\/06\/sauna-air-high-resolution-logo-white-transparent-e1708376490154.png","contentUrl":"https:\/\/saunaair.fi\/wp-content\/uploads\/2024\/06\/sauna-air-high-resolution-logo-white-transparent-e1708376490154.png","width":280,"height":78,"caption":"Sauna Air"},"image":{"@id":"https:\/\/saunaair.fi\/#\/schema\/logo\/image\/"}}]}},"_links":{"self":[{"href":"http:\/\/saunaair.fi\/fi\/wp-json\/wp\/v2\/product\/1033","targetHints":{"allow":["GET"]}}],"collection":[{"href":"http:\/\/saunaair.fi\/fi\/wp-json\/wp\/v2\/product"}],"about":[{"href":"http:\/\/saunaair.fi\/fi\/wp-json\/wp\/v2\/types\/product"}],"replies":[{"embeddable":true,"href":"http:\/\/saunaair.fi\/fi\/wp-json\/wp\/v2\/comments?post=1033"}],"wp:featuredmedia":[{"embeddable":true,"href":"http:\/\/saunaair.fi\/fi\/wp-json\/wp\/v2\/media\/1034"}],"wp:attachment":[{"href":"http:\/\/saunaair.fi\/fi\/wp-json\/wp\/v2\/media?parent=1033"}],"wp:term":[{"taxonomy":"product_brand","embeddable":true,"href":"http:\/\/saunaair.fi\/fi\/wp-json\/wp\/v2\/product_brand?post=1033"},{"taxonomy":"product_cat","embeddable":true,"href":"http:\/\/saunaair.fi\/fi\/wp-json\/wp\/v2\/product_cat?post=1033"},{"taxonomy":"product_tag","embeddable":true,"href":"http:\/\/saunaair.fi\/fi\/wp-json\/wp\/v2\/product_tag?post=1033"}],"curies":[{"name":"wp","href":"https:\/\/api.w.org\/{rel}","templated":true}]}}